{"id":93,"date":"2009-04-23T21:05:02","date_gmt":"2009-04-23T19:05:02","guid":{"rendered":"http:\/\/schildwach-hexen.de\/?page_id=93"},"modified":"2014-09-25T21:22:30","modified_gmt":"2014-09-25T19:22:30","slug":"groser-hexenrat-12032000","status":"publish","type":"page","link":"https:\/\/schildwach-hexen.de\/?page_id=93","title":{"rendered":"Gro\u00dfer Hexenrat  12.03.2000"},"content":{"rendered":"<p>Zum zweiten Mal versammelte sich am Sonntag, 12. M\u00e4rz 2000, der Gro\u00dfe Hexenrat der Narrenzunft Schildwach-Hexen Bilfingen im Bilfinger Haus der Vereine. Die Erste Zunftmeisterin Viola Vielsack begr\u00fc\u00dfte die nahezu komplett erschienenen Mitglieder der Schildwach-Hexen in Reimform und bedankte sich f\u00fcr das Engagement in der gerade zu Ende gegangenen Kampagne.<\/p>\n<p>Textehexe Marco Frei listete noch einmal die Aktivit\u00e4ten des letzten Jahres auf, an deren Spitze nat\u00fcrlich die Umz\u00fcge in Schellbronn, Gr\u00f6tzingen, Bilfingen und vor allem der Rosenmontagszug in Mainz standen. Daneben waren die Schildwach-Hexen aber auch beim ersten Bilfinger Weihnachtsmarkt vertreten und trafen sich \u00fcber das gesamte Jahr zum N\u00e4hen, Malen, S\u00e4gen von Stoff- + Holzhexen. Talerhexe Yvonne Sch\u00e4fer vermeldete schlie\u00dflich auch in finanzieller Hinsicht ein erfolgreiches Jahr. Die Kassenpr\u00fcfer bescheinigten ihr eine einwandfreie F\u00fchrung der Kasse und beantragten die Entlastung der Talerhexe, die von der Versammlung ebenso wie die Entlastung des gesamten Hexenrates einstimmig erteilt wurde.<\/p>\n<p>Turnusgem\u00e4\u00df standen die Neuwahlen des Zweiten Zunftmeisters, der Textehexe, des Beisitzers und eines Kassenpr\u00fcfers auf dem Programm. \u00a0Als Zweite Zunftmeisterin wurde Sabine Hofmann, als Textehexe Marco Frei, als Beisitzer Hans-Peter Heidt und als Kassenpr\u00fcferin Vroni Bechtold f\u00fcr weitere zwei Jahre in ihren \u00c4mtern best\u00e4tigt.<\/p>\n<p>Nach der Diskussion diverser Antr\u00e4gen und Verschiedenem schloss der Gro\u00dfe Hexenrat mit der Terminplanung f\u00fcr das kommende Jahr sowie mit Videos und Dias vom Rosenmontagszug in Mainz.<\/p>\n<p><a href=\"http:\/\/schildwach-hexen.de\/wp-content\/uploads\/2011\/09\/swh00uzbifi.jpg\"><img loading=\"lazy\" decoding=\"async\" class=\"alignleft size-medium wp-image-288\" title=\"swh00uzbifi\" src=\"http:\/\/schildwach-hexen.de\/wp-content\/uploads\/2011\/09\/swh00uzbifi-208x300.jpg\" alt=\"\" width=\"208\" height=\"300\" srcset=\"https:\/\/schildwach-hexen.de\/wp-content\/uploads\/2011\/09\/swh00uzbifi-208x300.jpg 208w, https:\/\/schildwach-hexen.de\/wp-content\/uploads\/2011\/09\/swh00uzbifi.jpg 608w\" sizes=\"auto, (max-width: 208px) 100vw, 208px\" \/><\/a><\/p>\n","protected":false},"excerpt":{"rendered":"<p>Zum zweiten Mal versammelte sich am Sonntag, 12. M\u00e4rz 2000, der Gro\u00dfe Hexenrat der Narrenzunft Schildwach-Hexen Bilfingen im Bilfinger Haus der Vereine. Die Erste Zunftmeisterin Viola Vielsack begr\u00fc\u00dfte die nahezu komplett erschienenen Mitglieder der Schildwach-Hexen in Reimform und bedankte sich f\u00fcr das Engagement in der gerade zu Ende gegangenen Kampagne. Textehexe Marco Frei listete noch [&hellip;]<\/p>\n","protected":false},"author":1,"featured_media":0,"parent":6,"menu_order":2000,"comment_status":"open","ping_status":"closed","template":"","meta":{"footnotes":""},"class_list":["post-93","page","type-page","status-publish","hentry"],"_links":{"self":[{"href":"https:\/\/schildwach-hexen.de\/index.php?rest_route=\/wp\/v2\/pages\/93","targetHints":{"allow":["GET"]}}],"collection":[{"href":"https:\/\/schildwach-hexen.de\/index.php?rest_route=\/wp\/v2\/pages"}],"about":[{"href":"https:\/\/schildwach-hexen.de\/index.php?rest_route=\/wp\/v2\/types\/page"}],"author":[{"embeddable":true,"href":"https:\/\/schildwach-hexen.de\/index.php?rest_route=\/wp\/v2\/users\/1"}],"replies":[{"embeddable":true,"href":"https:\/\/schildwach-hexen.de\/index.php?rest_route=%2Fwp%2Fv2%2Fcomments&post=93"}],"version-history":[{"count":6,"href":"https:\/\/schildwach-hexen.de\/index.php?rest_route=\/wp\/v2\/pages\/93\/revisions"}],"predecessor-version":[{"id":1016,"href":"https:\/\/schildwach-hexen.de\/index.php?rest_route=\/wp\/v2\/pages\/93\/revisions\/1016"}],"up":[{"embeddable":true,"href":"https:\/\/schildwach-hexen.de\/index.php?rest_route=\/wp\/v2\/pages\/6"}],"wp:attachment":[{"href":"https:\/\/schildwach-hexen.de\/index.php?rest_route=%2Fwp%2Fv2%2Fmedia&parent=93"}],"curies":[{"name":"wp","href":"https:\/\/api.w.org\/{rel}","templated":true}]}}