{"id":90,"date":"2009-04-23T21:07:07","date_gmt":"2009-04-23T19:07:07","guid":{"rendered":"http:\/\/schildwach-hexen.de\/?page_id=90"},"modified":"2014-09-25T21:23:05","modified_gmt":"2014-09-25T19:23:05","slug":"groser-hexenrat-06042001","status":"publish","type":"page","link":"https:\/\/schildwach-hexen.de\/?page_id=90","title":{"rendered":"Gro\u00dfer Hexenrat  06.04.2001"},"content":{"rendered":"<p>Zum dritten Mal versammelte sich am Freitag, 06. April 2001, der Gro\u00dfe Hexenrat der Narrenzunft Schildwach-Hexen Bilfingen im Bilfinger Haus der Vereine. Die Erste Zunftmeisterin Viola Vielsack begr\u00fc\u00dfte die nahezu komplett erschienenen Mitglieder der Schildwach-Hexen in Reimform und bedankte sich f\u00fcr das Engagement in der zu Ende gegangenen Kampagne.<\/p>\n<p>Textehexe Marco Frei listete noch einmal die Aktivit\u00e4ten des letzten Jahres auf, an deren Spitze nat\u00fcrlich die Umz\u00fcge in Schellbronn, Gr\u00f6tzingen, Bilfingen und vor allem der Rosenmontagszug in Mainz standen. Daneben waren die Schildwach-Hexen auch wieder beim Bilfinger Weihnachtsmarkt vertreten. Talerhexe Yvonne Schubert vermeldete schlie\u00dflich auch in finanzieller Hinsicht ein erfolgreiches Jahr. Die Kassenpr\u00fcfer bescheinigten ihr eine einwandfreie F\u00fchrung der Kasse und beantragten die Entlastung der Talerhexe, die von der Versammlung ebenso wie die Entlastung des gesamten Hexenrates einstimmig erteilt wurde.<\/p>\n<p>Nachdem die bisherige Amtsinhaberin Viola Vielsack f\u00fcr eine Wiederwahl nicht mehr zur Verf\u00fcgung stand, w\u00e4hlte der Gro\u00dfe Hexenrat Sabine Hofmann zur neuen Ersten Zunftmeisterin. In ihren \u00c4mtern best\u00e4tigt wurden als Talerhexe Yvonne Schubert und als Kassenpr\u00fcferin Anna Heidt, neugew\u00e4hlt wurden als Zweiter Zunftmeister Ralf Wessinger, als Stoffhexe Jutta Balzer, als Bauhexe Hans-Peter Heidt und als Beisitzerin Martina Kuhn.<\/p>\n<p>Nach der Diskussion weiterer wichtiger Punkte und der Terminplanung f\u00fcr das kommende Jahr schloss der Gro\u00dfe Hexenrat.<\/p>\n<p><a href=\"http:\/\/schildwach-hexen.de\/wp-content\/uploads\/2011\/09\/swh01mz03.jpg\"><img loading=\"lazy\" decoding=\"async\" class=\"alignleft size-medium wp-image-289\" title=\"swh01mz03\" src=\"http:\/\/schildwach-hexen.de\/wp-content\/uploads\/2011\/09\/swh01mz03-300x204.jpg\" alt=\"\" width=\"300\" height=\"204\" srcset=\"https:\/\/schildwach-hexen.de\/wp-content\/uploads\/2011\/09\/swh01mz03-300x204.jpg 300w, https:\/\/schildwach-hexen.de\/wp-content\/uploads\/2011\/09\/swh01mz03.jpg 766w\" sizes=\"auto, (max-width: 300px) 100vw, 300px\" \/><\/a><\/p>\n","protected":false},"excerpt":{"rendered":"<p>Zum dritten Mal versammelte sich am Freitag, 06. April 2001, der Gro\u00dfe Hexenrat der Narrenzunft Schildwach-Hexen Bilfingen im Bilfinger Haus der Vereine. Die Erste Zunftmeisterin Viola Vielsack begr\u00fc\u00dfte die nahezu komplett erschienenen Mitglieder der Schildwach-Hexen in Reimform und bedankte sich f\u00fcr das Engagement in der zu Ende gegangenen Kampagne. Textehexe Marco Frei listete noch einmal [&hellip;]<\/p>\n","protected":false},"author":1,"featured_media":0,"parent":6,"menu_order":2001,"comment_status":"open","ping_status":"closed","template":"","meta":{"footnotes":""},"class_list":["post-90","page","type-page","status-publish","hentry"],"_links":{"self":[{"href":"https:\/\/schildwach-hexen.de\/index.php?rest_route=\/wp\/v2\/pages\/90","targetHints":{"allow":["GET"]}}],"collection":[{"href":"https:\/\/schildwach-hexen.de\/index.php?rest_route=\/wp\/v2\/pages"}],"about":[{"href":"https:\/\/schildwach-hexen.de\/index.php?rest_route=\/wp\/v2\/types\/page"}],"author":[{"embeddable":true,"href":"https:\/\/schildwach-hexen.de\/index.php?rest_route=\/wp\/v2\/users\/1"}],"replies":[{"embeddable":true,"href":"https:\/\/schildwach-hexen.de\/index.php?rest_route=%2Fwp%2Fv2%2Fcomments&post=90"}],"version-history":[{"count":7,"href":"https:\/\/schildwach-hexen.de\/index.php?rest_route=\/wp\/v2\/pages\/90\/revisions"}],"predecessor-version":[{"id":1018,"href":"https:\/\/schildwach-hexen.de\/index.php?rest_route=\/wp\/v2\/pages\/90\/revisions\/1018"}],"up":[{"embeddable":true,"href":"https:\/\/schildwach-hexen.de\/index.php?rest_route=\/wp\/v2\/pages\/6"}],"wp:attachment":[{"href":"https:\/\/schildwach-hexen.de\/index.php?rest_route=%2Fwp%2Fv2%2Fmedia&parent=90"}],"curies":[{"name":"wp","href":"https:\/\/api.w.org\/{rel}","templated":true}]}}