{"id":85,"date":"2009-04-23T21:03:01","date_gmt":"2009-04-23T19:03:01","guid":{"rendered":"http:\/\/schildwach-hexen.de\/?page_id=85"},"modified":"2014-09-25T21:23:32","modified_gmt":"2014-09-25T19:23:32","slug":"groser-hexenrat-08032002","status":"publish","type":"page","link":"https:\/\/schildwach-hexen.de\/?page_id=85","title":{"rendered":"Gro\u00dfer Hexenrat  08.03.2002"},"content":{"rendered":"<p>Zum vierten Mal versammelte sich am Freitag, 08. M\u00e4rz 2002, der Gro\u00dfe Hexenrat der Narrenzunft Schildwach-Hexen Bilfingen im Bilfinger Haus der Vereine. Die Erste Zunftmeisterin Sabine Hofmann begr\u00fc\u00dfte die zahlreich erschienenen Mitglieder der Schildwach-Hexen und bedankte sich f\u00fcr das Engagement in der zu Ende gegangenen Kampagne.<\/p>\n<p>Textehexe Marco Frei listete noch einmal die Aktivit\u00e4ten des letzten Jahres auf, an deren Spitze nat\u00fcrlich die Umz\u00fcge in Schellbronn, Gr\u00f6tzingen, Bilfingen und vor allem der Rosenmontagszug in Mainz standen. Daneben waren die Schildwach-Hexen auch beim Bilfinger Weihnachtsmarkt, beim 11-Meter-Schie\u00dfen der Vereine beim TuS Bilfingen vertreten und halfen bei der Entf\u00fchrung des B\u00fcrgermeisters beim Rathaussturm. Talerhexe Yvonne Schubert vermeldete schlie\u00dflich auch in finanzieller Hinsicht ein erfolgreiches Jahr. Die Kassenpr\u00fcfer bescheinigten ihr eine einwandfreie F\u00fchrung der Kasse und beantragten die Entlastung der Talerhexe, die von der Versammlung ebenso wie die Entlastung des gesamten Hexenrates einstimmig erteilt wurde. Neben zwei Juniorhexen wurden anschlie\u00dfend noch vier Probehexen offiziell als aktive Hexen aufgenommen.<\/p>\n<p>Anschlie\u00dfend beschloss der Gro\u00dfe Hexenrat, dass die Narrenzunft beim Amtsgericht in das Vereinsregister eingetragen werden soll, weshalb eine komplette Neuwahl aller Verwaltungs\u00e4mter folgte. Der Hexenrat besteht somit nun aus:<\/p>\n<p>Erste Zunftmeisterin: Sabine Hofmann<\/p>\n<p>Zweiter Zunftmeister: Ralf Wessinger<\/p>\n<p>Talerhexe: Yvonne Schubert<\/p>\n<p>Textehexe: Marco Frei<\/p>\n<p>Bauhexe: Hans-Peter Heidt<\/p>\n<p>Stoffhexe: Jutta Balzer<\/p>\n<p>Beisitzerin: Martina Lamprecht<\/p>\n<p>Kassenpr\u00fcfer: Anna Heidt und Vroni Bechtold<\/p>\n<p>Nach der Diskussion weiterer wichtiger Punkte und der Terminplanung f\u00fcr das kommende Jahr schloss der Gro\u00dfe Hexenrat. Unter der Nummer VR 1539 wurde nun mittlerweile die Narrenzunft Schildwach-Hexen Bilfingen mit Wirkung vom 21.03.2002 in das Vereinsregister beim Amtsgericht Pforzheim eingetragen.<\/p>\n<p><a href=\"http:\/\/schildwach-hexen.de\/wp-content\/uploads\/2011\/09\/swh02uz05.jpg\"><img loading=\"lazy\" decoding=\"async\" class=\"alignleft size-medium wp-image-290\" title=\"swh02uz05\" src=\"http:\/\/schildwach-hexen.de\/wp-content\/uploads\/2011\/09\/swh02uz05-199x300.jpg\" alt=\"\" width=\"199\" height=\"300\" srcset=\"https:\/\/schildwach-hexen.de\/wp-content\/uploads\/2011\/09\/swh02uz05-199x300.jpg 199w, https:\/\/schildwach-hexen.de\/wp-content\/uploads\/2011\/09\/swh02uz05.jpg 590w\" sizes=\"auto, (max-width: 199px) 100vw, 199px\" \/><\/a><\/p>\n","protected":false},"excerpt":{"rendered":"<p>Zum vierten Mal versammelte sich am Freitag, 08. M\u00e4rz 2002, der Gro\u00dfe Hexenrat der Narrenzunft Schildwach-Hexen Bilfingen im Bilfinger Haus der Vereine. Die Erste Zunftmeisterin Sabine Hofmann begr\u00fc\u00dfte die zahlreich erschienenen Mitglieder der Schildwach-Hexen und bedankte sich f\u00fcr das Engagement in der zu Ende gegangenen Kampagne. Textehexe Marco Frei listete noch einmal die Aktivit\u00e4ten des [&hellip;]<\/p>\n","protected":false},"author":1,"featured_media":0,"parent":6,"menu_order":2002,"comment_status":"open","ping_status":"closed","template":"","meta":{"footnotes":""},"class_list":["post-85","page","type-page","status-publish","hentry"],"_links":{"self":[{"href":"https:\/\/schildwach-hexen.de\/index.php?rest_route=\/wp\/v2\/pages\/85","targetHints":{"allow":["GET"]}}],"collection":[{"href":"https:\/\/schildwach-hexen.de\/index.php?rest_route=\/wp\/v2\/pages"}],"about":[{"href":"https:\/\/schildwach-hexen.de\/index.php?rest_route=\/wp\/v2\/types\/page"}],"author":[{"embeddable":true,"href":"https:\/\/schildwach-hexen.de\/index.php?rest_route=\/wp\/v2\/users\/1"}],"replies":[{"embeddable":true,"href":"https:\/\/schildwach-hexen.de\/index.php?rest_route=%2Fwp%2Fv2%2Fcomments&post=85"}],"version-history":[{"count":7,"href":"https:\/\/schildwach-hexen.de\/index.php?rest_route=\/wp\/v2\/pages\/85\/revisions"}],"predecessor-version":[{"id":1020,"href":"https:\/\/schildwach-hexen.de\/index.php?rest_route=\/wp\/v2\/pages\/85\/revisions\/1020"}],"up":[{"embeddable":true,"href":"https:\/\/schildwach-hexen.de\/index.php?rest_route=\/wp\/v2\/pages\/6"}],"wp:attachment":[{"href":"https:\/\/schildwach-hexen.de\/index.php?rest_route=%2Fwp%2Fv2%2Fmedia&parent=85"}],"curies":[{"name":"wp","href":"https:\/\/api.w.org\/{rel}","templated":true}]}}