{"id":82,"date":"2009-04-23T21:07:38","date_gmt":"2009-04-23T19:07:38","guid":{"rendered":"http:\/\/schildwach-hexen.de\/?page_id=82"},"modified":"2014-09-25T21:23:56","modified_gmt":"2014-09-25T19:23:56","slug":"groser-hexenrat-28032003","status":"publish","type":"page","link":"https:\/\/schildwach-hexen.de\/?page_id=82","title":{"rendered":"Gro\u00dfer Hexenrat  28.03.2003"},"content":{"rendered":"<p>Zum f\u00fcnften Mal versammelte sich am Freitag, 28. M\u00e4rz 2003, der Gro\u00dfe Hexenrat der Narrenzunft Schildwach-Hexen Bilfingen im Bilfinger Haus der Vereine. Die Erste Zunftmeisterin Sabine Hofmann begr\u00fc\u00dfte die zahlreich erschienenen Mitglieder der Schildwach-Hexen und bedankte sich f\u00fcr das Engagement in der zu Ende gegangenen Kampagne.<\/p>\n<p>Textehexe Marco Frei listete noch einmal die Aktivit\u00e4ten des letzten Jahres auf, an deren Spitze nat\u00fcrlich die Umz\u00fcge in Schellbronn, Gr\u00f6tzingen, Bilfingen und vor allem der Rosenmontagszug in Mainz standen. Daneben waren die Schildwach-Hexen auch beim Bilfinger Weihnachtsmarkt und beim 11-Meter-Schie\u00dfen der Vereine beim TuS Bilfingen vertreten. Auf der B\u00fchne des Kakadu wurde die stimmungsvolle Horich-Polka und bei der Hexenverbrennung ein neuer, gruselig-schauriger Hexentanz gezeigt. Talerhexe Yvonne Schubert vermeldete schlie\u00dflich auch in finanzieller Hinsicht ein erfolgreiches Jahr. Die Kassenpr\u00fcfer bescheinigten ihr eine einwandfreie F\u00fchrung der Kasse und beantragten die Entlastung der Talerhexe, die von der Versammlung ebenso wie die Entlastung des gesamten Hexenrates einstimmig erteilt wurde. Anschlie\u00dfend wurde noch eine Probehexe offiziell als aktive Hexe bei der Narrenzunft aufgenommen.<\/p>\n<p>Turnusgem\u00e4\u00df standen die Neuwahlen des Ersten Zunftmeisters, der Talerhexe, der Stoffhexe und eines Kassenpr\u00fcfers auf dem Programm. \u00a0Als Erste Zunftmeisterin wurde Sabine Hofmann, als Talerhexe Yvonne Schubert und als Kassenpr\u00fcferin Anna Heidt f\u00fcr weitere zwei Jahre in ihren \u00c4mtern best\u00e4tigt. Als neue Stoffhexe wurde Vroni Bechtold gew\u00e4hlt, deren Amt als zweite Kassenpr\u00fcferin nun von Claudia Gartner \u00fcbernommen wird.<\/p>\n<p>Nach der Diskussion weiterer wichtiger Punkte und der Terminplanung f\u00fcr das kommende Jahr schloss der Gro\u00dfe Hexenrat.<\/p>\n<p><a href=\"http:\/\/schildwach-hexen.de\/wp-content\/uploads\/2011\/09\/swh03mz01.jpg\"><img loading=\"lazy\" decoding=\"async\" class=\"alignleft size-medium wp-image-291\" title=\"swh03mz01\" src=\"http:\/\/schildwach-hexen.de\/wp-content\/uploads\/2011\/09\/swh03mz01-300x205.jpg\" alt=\"\" width=\"300\" height=\"205\" srcset=\"https:\/\/schildwach-hexen.de\/wp-content\/uploads\/2011\/09\/swh03mz01-300x205.jpg 300w, https:\/\/schildwach-hexen.de\/wp-content\/uploads\/2011\/09\/swh03mz01.jpg 858w\" sizes=\"auto, (max-width: 300px) 100vw, 300px\" \/><\/a><\/p>\n<p>&nbsp;<\/p>\n","protected":false},"excerpt":{"rendered":"<p>Zum f\u00fcnften Mal versammelte sich am Freitag, 28. M\u00e4rz 2003, der Gro\u00dfe Hexenrat der Narrenzunft Schildwach-Hexen Bilfingen im Bilfinger Haus der Vereine. Die Erste Zunftmeisterin Sabine Hofmann begr\u00fc\u00dfte die zahlreich erschienenen Mitglieder der Schildwach-Hexen und bedankte sich f\u00fcr das Engagement in der zu Ende gegangenen Kampagne. Textehexe Marco Frei listete noch einmal die Aktivit\u00e4ten des [&hellip;]<\/p>\n","protected":false},"author":1,"featured_media":0,"parent":6,"menu_order":2003,"comment_status":"open","ping_status":"closed","template":"","meta":{"footnotes":""},"class_list":["post-82","page","type-page","status-publish","hentry"],"_links":{"self":[{"href":"https:\/\/schildwach-hexen.de\/index.php?rest_route=\/wp\/v2\/pages\/82","targetHints":{"allow":["GET"]}}],"collection":[{"href":"https:\/\/schildwach-hexen.de\/index.php?rest_route=\/wp\/v2\/pages"}],"about":[{"href":"https:\/\/schildwach-hexen.de\/index.php?rest_route=\/wp\/v2\/types\/page"}],"author":[{"embeddable":true,"href":"https:\/\/schildwach-hexen.de\/index.php?rest_route=\/wp\/v2\/users\/1"}],"replies":[{"embeddable":true,"href":"https:\/\/schildwach-hexen.de\/index.php?rest_route=%2Fwp%2Fv2%2Fcomments&post=82"}],"version-history":[{"count":8,"href":"https:\/\/schildwach-hexen.de\/index.php?rest_route=\/wp\/v2\/pages\/82\/revisions"}],"predecessor-version":[{"id":1021,"href":"https:\/\/schildwach-hexen.de\/index.php?rest_route=\/wp\/v2\/pages\/82\/revisions\/1021"}],"up":[{"embeddable":true,"href":"https:\/\/schildwach-hexen.de\/index.php?rest_route=\/wp\/v2\/pages\/6"}],"wp:attachment":[{"href":"https:\/\/schildwach-hexen.de\/index.php?rest_route=%2Fwp%2Fv2%2Fmedia&parent=82"}],"curies":[{"name":"wp","href":"https:\/\/api.w.org\/{rel}","templated":true}]}}