{"id":79,"date":"2009-04-23T21:01:07","date_gmt":"2009-04-23T19:01:07","guid":{"rendered":"http:\/\/schildwach-hexen.de\/?page_id=79"},"modified":"2014-09-25T21:24:21","modified_gmt":"2014-09-25T19:24:21","slug":"groser-hexenrat-19032004","status":"publish","type":"page","link":"https:\/\/schildwach-hexen.de\/?page_id=79","title":{"rendered":"Gro\u00dfer Hexenrat  19.03.2004"},"content":{"rendered":"<p>Zum sechsten Mal versammelte sich am Freitag, 19. M\u00e4rz 2004, der Gro\u00dfe Hexenrat der Narrenzunft Schildwach-Hexen Bilfingen im Bilfinger Haus der Vereine. Die Erste Zunftmeisterin Sabine Hofmann begr\u00fc\u00dfte die zahlreich erschienenen Mitglieder der Schildwach-Hexen und bedankte sich f\u00fcr das Engagement in der zu Ende gegangenen Kampagne.<\/p>\n<p>Textehexe Marco Frei listete noch einmal die Aktivit\u00e4ten des letzten Jahres auf, an deren Spitze nat\u00fcrlich die Umz\u00fcge in Schellbronn, Gr\u00f6tzingen, Bilfingen und vor allem der Rosenmontagszug in Mainz standen. Daneben waren die Schildwach-Hexen auch beim Bilfinger Weihnachtsmarkt und beim 11-Meter-Schie\u00dfen der Vereine beim TuS Bilfingen vertreten. Rathaussturm, Hexenball, Hexenverbrennung mit Hexentanz, die Bilfinger Fasnet ist ohne die Schildwach-Hexen kaum vorstellbar. Talerhexe Yvonne Schubert vermeldete schlie\u00dflich auch in finanzieller Hinsicht ein erfolgreiches Jahr. Die Kassenpr\u00fcfer bescheinigten ihr eine einwandfreie F\u00fchrung der Kasse und beantragten die Entlastung der Talerhexe, die von der Versammlung ebenso wie die Entlastung des gesamten Hexenrates einstimmig erteilt wurde. Anschlie\u00dfend wurde noch f\u00fcnf Probehexen offiziell als aktive Hexen bei der Narrenzunft aufgenommen.<\/p>\n<p>Turnusgem\u00e4\u00df standen die Neuwahlen des Zweiten Zunftmeisters, der Textehexe, der Bauhexe, des Beisitzers und eines Kassenpr\u00fcfers auf dem Programm. Als Zweiter Zunftmeister wurde Ralf Wessinger, als Textehexe Marco Frei, als Beisitzerin Martina Lamprecht und als Kassenpr\u00fcferin Claudia Gartner in ihren \u00c4mtern best\u00e4tigt. Als Tanzhexe neu in den Hexenrat aufgenommen wurde Andrea Gartner.<\/p>\n<p>Nach der Diskussion weiterer wichtiger Punkte und der Terminplanung f\u00fcr das kommende Jahr schloss der Gro\u00dfe Hexenrat.<\/p>\n<p><a href=\"http:\/\/schildwach-hexen.de\/wp-content\/uploads\/2011\/09\/swh04uz05.jpg\"><img loading=\"lazy\" decoding=\"async\" class=\"alignleft size-medium wp-image-292\" title=\"swh04uz05\" src=\"http:\/\/schildwach-hexen.de\/wp-content\/uploads\/2011\/09\/swh04uz05-300x205.jpg\" alt=\"\" width=\"300\" height=\"205\" srcset=\"https:\/\/schildwach-hexen.de\/wp-content\/uploads\/2011\/09\/swh04uz05-300x205.jpg 300w, https:\/\/schildwach-hexen.de\/wp-content\/uploads\/2011\/09\/swh04uz05.jpg 882w\" sizes=\"auto, (max-width: 300px) 100vw, 300px\" \/><\/a><\/p>\n","protected":false},"excerpt":{"rendered":"<p>Zum sechsten Mal versammelte sich am Freitag, 19. M\u00e4rz 2004, der Gro\u00dfe Hexenrat der Narrenzunft Schildwach-Hexen Bilfingen im Bilfinger Haus der Vereine. Die Erste Zunftmeisterin Sabine Hofmann begr\u00fc\u00dfte die zahlreich erschienenen Mitglieder der Schildwach-Hexen und bedankte sich f\u00fcr das Engagement in der zu Ende gegangenen Kampagne. Textehexe Marco Frei listete noch einmal die Aktivit\u00e4ten des [&hellip;]<\/p>\n","protected":false},"author":1,"featured_media":0,"parent":6,"menu_order":2004,"comment_status":"open","ping_status":"closed","template":"","meta":{"footnotes":""},"class_list":["post-79","page","type-page","status-publish","hentry"],"_links":{"self":[{"href":"https:\/\/schildwach-hexen.de\/index.php?rest_route=\/wp\/v2\/pages\/79","targetHints":{"allow":["GET"]}}],"collection":[{"href":"https:\/\/schildwach-hexen.de\/index.php?rest_route=\/wp\/v2\/pages"}],"about":[{"href":"https:\/\/schildwach-hexen.de\/index.php?rest_route=\/wp\/v2\/types\/page"}],"author":[{"embeddable":true,"href":"https:\/\/schildwach-hexen.de\/index.php?rest_route=\/wp\/v2\/users\/1"}],"replies":[{"embeddable":true,"href":"https:\/\/schildwach-hexen.de\/index.php?rest_route=%2Fwp%2Fv2%2Fcomments&post=79"}],"version-history":[{"count":6,"href":"https:\/\/schildwach-hexen.de\/index.php?rest_route=\/wp\/v2\/pages\/79\/revisions"}],"predecessor-version":[{"id":1023,"href":"https:\/\/schildwach-hexen.de\/index.php?rest_route=\/wp\/v2\/pages\/79\/revisions\/1023"}],"up":[{"embeddable":true,"href":"https:\/\/schildwach-hexen.de\/index.php?rest_route=\/wp\/v2\/pages\/6"}],"wp:attachment":[{"href":"https:\/\/schildwach-hexen.de\/index.php?rest_route=%2Fwp%2Fv2%2Fmedia&parent=79"}],"curies":[{"name":"wp","href":"https:\/\/api.w.org\/{rel}","templated":true}]}}