{"id":74,"date":"2009-04-23T20:59:37","date_gmt":"2009-04-23T18:59:37","guid":{"rendered":"http:\/\/schildwach-hexen.de\/?page_id=74"},"modified":"2014-09-25T21:24:47","modified_gmt":"2014-09-25T19:24:47","slug":"groser-hexenrat-08042005","status":"publish","type":"page","link":"https:\/\/schildwach-hexen.de\/?page_id=74","title":{"rendered":"Gro\u00dfer Hexenrat  08.04.2005"},"content":{"rendered":"<p>Zum siebten Mal versammelte sich am Freitag, 08. April 2005, der Gro\u00dfe Hexenrat der Narrenzunft Schildwach-Hexen Bilfingen im Bilfinger Haus der Vereine. Die Erste Zunftmeisterin Sabine Hofmann begr\u00fc\u00dfte die zahlreich erschienenen Mitglieder der Schildwach-Hexen und bedankte sich f\u00fcr das Engagement in der zu Ende gegangenen Kampagne.<\/p>\n<p>Textehexe Marco Frei listete noch einmal die Aktivit\u00e4ten des letzten Jahres auf, an deren Spitze nat\u00fcrlich die Umz\u00fcge in Schellbronn, Gr\u00f6tzingen, Bilfingen und vor allem der Rosenmontagszug in Mainz standen. Daneben waren die Schildwach-Hexen auch beim Bilfinger Weihnachtsmarkt und beim 11-Meter-Schie\u00dfen der Vereine beim TuS Bilfingen vertreten. Rathaussturm, Hexenball, Hexenverbrennung mit Hexentanz, die Bilfinger Fasnet ist ohne die Schildwach-Hexen kaum vorstellbar. Talerhexe Yvonne Schubert vermeldete anschlie\u00dfend den finanziellen Lagebericht. Die Kassenpr\u00fcfer bescheinigten ihr eine einwandfreie F\u00fchrung der Kasse und beantragten die Entlastung der Talerhexe, die von der Versammlung ebenso wie die Entlastung des gesamten Hexenrates einstimmig erteilt wurde. Anschlie\u00dfend wurde noch f\u00fcnf Probehexen offiziell als aktive Hexen bei der Narrenzunft aufgenommen und zwei \u00c4nderungen der Satzung der Schildwach-Hexen beschlossen.<\/p>\n<p>Turnusgem\u00e4\u00df standen die Neuwahlen des Ersten Zunftmeisters, der Talerhexe, der Stoffhexe und eines Kassenpr\u00fcfers auf dem Programm. Als Erster Zunftmeister wurde Sabine Hofmann, als Talerhexe Yvonne Schubert, als Stoffhexe Vroni Bechtold und als Kassenpr\u00fcferin Anna Heidt in ihren \u00c4mtern best\u00e4tigt.<\/p>\n<p>Nach der Diskussion weiterer wichtiger Punkte und der Terminplanung f\u00fcr das kommende Jahr schloss der Gro\u00dfe Hexenrat.<\/p>\n<p><a href=\"http:\/\/schildwach-hexen.de\/wp-content\/uploads\/2011\/09\/swh05uz3.jpg\"><img loading=\"lazy\" decoding=\"async\" class=\"alignleft size-medium wp-image-300\" title=\"swh05uz3\" src=\"http:\/\/schildwach-hexen.de\/wp-content\/uploads\/2011\/09\/swh05uz3-300x225.jpg\" alt=\"\" width=\"300\" height=\"225\" srcset=\"https:\/\/schildwach-hexen.de\/wp-content\/uploads\/2011\/09\/swh05uz3-300x225.jpg 300w, https:\/\/schildwach-hexen.de\/wp-content\/uploads\/2011\/09\/swh05uz3-1024x768.jpg 1024w, https:\/\/schildwach-hexen.de\/wp-content\/uploads\/2011\/09\/swh05uz3.jpg 2048w\" sizes=\"auto, (max-width: 300px) 100vw, 300px\" \/><\/a><\/p>\n","protected":false},"excerpt":{"rendered":"<p>Zum siebten Mal versammelte sich am Freitag, 08. April 2005, der Gro\u00dfe Hexenrat der Narrenzunft Schildwach-Hexen Bilfingen im Bilfinger Haus der Vereine. Die Erste Zunftmeisterin Sabine Hofmann begr\u00fc\u00dfte die zahlreich erschienenen Mitglieder der Schildwach-Hexen und bedankte sich f\u00fcr das Engagement in der zu Ende gegangenen Kampagne. Textehexe Marco Frei listete noch einmal die Aktivit\u00e4ten des [&hellip;]<\/p>\n","protected":false},"author":1,"featured_media":0,"parent":6,"menu_order":2005,"comment_status":"open","ping_status":"closed","template":"","meta":{"footnotes":""},"class_list":["post-74","page","type-page","status-publish","hentry"],"_links":{"self":[{"href":"https:\/\/schildwach-hexen.de\/index.php?rest_route=\/wp\/v2\/pages\/74","targetHints":{"allow":["GET"]}}],"collection":[{"href":"https:\/\/schildwach-hexen.de\/index.php?rest_route=\/wp\/v2\/pages"}],"about":[{"href":"https:\/\/schildwach-hexen.de\/index.php?rest_route=\/wp\/v2\/types\/page"}],"author":[{"embeddable":true,"href":"https:\/\/schildwach-hexen.de\/index.php?rest_route=\/wp\/v2\/users\/1"}],"replies":[{"embeddable":true,"href":"https:\/\/schildwach-hexen.de\/index.php?rest_route=%2Fwp%2Fv2%2Fcomments&post=74"}],"version-history":[{"count":8,"href":"https:\/\/schildwach-hexen.de\/index.php?rest_route=\/wp\/v2\/pages\/74\/revisions"}],"predecessor-version":[{"id":1025,"href":"https:\/\/schildwach-hexen.de\/index.php?rest_route=\/wp\/v2\/pages\/74\/revisions\/1025"}],"up":[{"embeddable":true,"href":"https:\/\/schildwach-hexen.de\/index.php?rest_route=\/wp\/v2\/pages\/6"}],"wp:attachment":[{"href":"https:\/\/schildwach-hexen.de\/index.php?rest_route=%2Fwp%2Fv2%2Fmedia&parent=74"}],"curies":[{"name":"wp","href":"https:\/\/api.w.org\/{rel}","templated":true}]}}