{"id":72,"date":"2009-04-23T20:58:45","date_gmt":"2009-04-23T18:58:45","guid":{"rendered":"http:\/\/schildwach-hexen.de\/?page_id=72"},"modified":"2014-09-25T21:25:09","modified_gmt":"2014-09-25T19:25:09","slug":"groser-hexenrat-24032006","status":"publish","type":"page","link":"https:\/\/schildwach-hexen.de\/?page_id=72","title":{"rendered":"Gro\u00dfer Hexenrat  24.03.2006"},"content":{"rendered":"<p>Zum achten Mal versammelte sich am Freitag, 24. M\u00e4rz 2006, der Gro\u00dfe Hexenrat der Narrenzunft Schildwach-Hexen Bilfingen im Bilfinger Haus der Vereine. Die Erste Zunftmeisterin Sabine Hofmann begr\u00fc\u00dfte die zahlreich erschienenen Mitglieder der Schildwach-Hexen und bedankte sich f\u00fcr das Engagement in der zu Ende gegangenen Kampagne.<\/p>\n<p>Textehexe Marco Frei listete noch einmal die Aktivit\u00e4ten des letzten Jahres auf, an deren Spitze nat\u00fcrlich die Umz\u00fcge in Schellbronn, Gr\u00f6tzingen, Bilfingen und Mainz standen. Der selbst ausgerichtete Hexenball und der Bilfinger Weihnachtsmarkt bildeten weitere besondere H\u00f6hepunkt. Es zeigte sich wiederum, dass mit Rathaussturm, Hexenball und Hexenverbrennung mit Hexentanz die Bilfinger Fasnet ohne die Schildwach-Hexen kaum vorstellbar ist. Talerhexe Yvonne Schubert vermeldete anschlie\u00dfend den finanziellen Lagebericht, der aufgrund des Engagements aller Mitglieder sehr positiv ausgefallen ist. Die Kassenpr\u00fcfer bescheinigten ihr eine einwandfreie F\u00fchrung der Kasse und beantragten die Entlastung der Talerhexe, die von der Versammlung ebenso wie die Entlastung des gesamten Hexenrates einstimmig erteilt wurde. Anschlie\u00dfend wurden noch zwei Probehexen offiziell als aktive Hexe bei der Narrenzunft aufgenommen.<\/p>\n<p>Turnusgem\u00e4\u00df standen die Neuwahlen des Zweiten Zunftmeisters, der Textehexe, der Bauhexe, der Ausflugshexe, der Tanzhexe und eines Kassenpr\u00fcfers auf dem Programm. Als Zweiter Zunftmeister wurde Ralf Wessinger, als Textehexe Marco Frei, als Bauhexe Hans-Peter Heidt, als Ausflugshexe Martina Lamprecht, als Tanzhexe Andrea Gartner und als Kassenpr\u00fcferin Claudia Gartner in ihren \u00c4mtern best\u00e4tigt.<\/p>\n<p>Nach der Diskussion weiterer wichtiger Punkte und der Terminplanung f\u00fcr das kommende Jahr schloss der Gro\u00dfe Hexenrat.<\/p>\n<p><a href=\"http:\/\/schildwach-hexen.de\/wp-content\/uploads\/2011\/09\/swh06uzbifi01.jpg\"><img loading=\"lazy\" decoding=\"async\" class=\"alignleft size-medium wp-image-302\" title=\"swh06uzbifi01\" src=\"http:\/\/schildwach-hexen.de\/wp-content\/uploads\/2011\/09\/swh06uzbifi01-300x209.jpg\" alt=\"\" width=\"300\" height=\"209\" srcset=\"https:\/\/schildwach-hexen.de\/wp-content\/uploads\/2011\/09\/swh06uzbifi01-300x209.jpg 300w, https:\/\/schildwach-hexen.de\/wp-content\/uploads\/2011\/09\/swh06uzbifi01.jpg 860w\" sizes=\"auto, (max-width: 300px) 100vw, 300px\" \/><\/a><\/p>\n","protected":false},"excerpt":{"rendered":"<p>Zum achten Mal versammelte sich am Freitag, 24. M\u00e4rz 2006, der Gro\u00dfe Hexenrat der Narrenzunft Schildwach-Hexen Bilfingen im Bilfinger Haus der Vereine. Die Erste Zunftmeisterin Sabine Hofmann begr\u00fc\u00dfte die zahlreich erschienenen Mitglieder der Schildwach-Hexen und bedankte sich f\u00fcr das Engagement in der zu Ende gegangenen Kampagne. Textehexe Marco Frei listete noch einmal die Aktivit\u00e4ten des [&hellip;]<\/p>\n","protected":false},"author":1,"featured_media":0,"parent":6,"menu_order":2006,"comment_status":"open","ping_status":"closed","template":"","meta":{"footnotes":""},"class_list":["post-72","page","type-page","status-publish","hentry"],"_links":{"self":[{"href":"https:\/\/schildwach-hexen.de\/index.php?rest_route=\/wp\/v2\/pages\/72","targetHints":{"allow":["GET"]}}],"collection":[{"href":"https:\/\/schildwach-hexen.de\/index.php?rest_route=\/wp\/v2\/pages"}],"about":[{"href":"https:\/\/schildwach-hexen.de\/index.php?rest_route=\/wp\/v2\/types\/page"}],"author":[{"embeddable":true,"href":"https:\/\/schildwach-hexen.de\/index.php?rest_route=\/wp\/v2\/users\/1"}],"replies":[{"embeddable":true,"href":"https:\/\/schildwach-hexen.de\/index.php?rest_route=%2Fwp%2Fv2%2Fcomments&post=72"}],"version-history":[{"count":5,"href":"https:\/\/schildwach-hexen.de\/index.php?rest_route=\/wp\/v2\/pages\/72\/revisions"}],"predecessor-version":[{"id":1027,"href":"https:\/\/schildwach-hexen.de\/index.php?rest_route=\/wp\/v2\/pages\/72\/revisions\/1027"}],"up":[{"embeddable":true,"href":"https:\/\/schildwach-hexen.de\/index.php?rest_route=\/wp\/v2\/pages\/6"}],"wp:attachment":[{"href":"https:\/\/schildwach-hexen.de\/index.php?rest_route=%2Fwp%2Fv2%2Fmedia&parent=72"}],"curies":[{"name":"wp","href":"https:\/\/api.w.org\/{rel}","templated":true}]}}