{"id":70,"date":"2009-04-23T20:57:49","date_gmt":"2009-04-23T18:57:49","guid":{"rendered":"http:\/\/schildwach-hexen.de\/?page_id=70"},"modified":"2014-09-25T21:25:33","modified_gmt":"2014-09-25T19:25:33","slug":"groser-hexenrat-23032007","status":"publish","type":"page","link":"https:\/\/schildwach-hexen.de\/?page_id=70","title":{"rendered":"Gro\u00dfer Hexenrat  23.03.2007"},"content":{"rendered":"<p>Zum neunten Mal versammelte sich am Freitag, 23. M\u00e4rz 2007, der Gro\u00dfe Hexenrat der Narrenzunft Schildwach-Hexen Bilfingen im Bilfinger Haus der Vereine. Die Erste Zunftmeisterin Sabine Hofmann begr\u00fc\u00dfte die zahlreich erschienenen Mitglieder der Schildwach-Hexen und bedankte sich f\u00fcr das Engagement in der zu Ende gegangenen Kampagne.<\/p>\n<p>Textehexe Marco Frei listete noch einmal die Aktivit\u00e4ten des letzten Jahres auf, an deren Spitze nat\u00fcrlich die Umz\u00fcge in Schellbronn, Gr\u00f6tzingen, Seebronn und nat\u00fcrlich Bilfingen standen. Der selbst ausgerichtete Hexenball und der Bilfinger Weihnachtsmarkt bildeten weitere besondere H\u00f6hepunkt. Es wurde wiederum deutlich, dass die Schildwach-Hexen der Bilfinger Fasnet bei Rathaussturm, Hexenball und Hexenverbrennung mit Hexentanz einen deutlichen eigenen Stempel aufdr\u00fccken. Talerhexe Yvonne Schubert vermeldete anschlie\u00dfend einen positiven finanziellen Lagebericht, in dem sich das Engagement aller Mitglieder noch einmal in besonderer Weise ausdr\u00fcckt. Die Kassenpr\u00fcfer bescheinigten ihr eine einwandfreie F\u00fchrung der Kasse und beantragten die Entlastung der Talerhexe, die von der Versammlung ebenso wie die Entlastung des gesamten Hexenrates einstimmig erteilt wurde. Anschlie\u00dfend wurden noch f\u00fcnf Probehexen offiziell als aktive Hexen bei der Narrenzunft aufgenommen.<\/p>\n<p>Turnusgem\u00e4\u00df standen die Neuwahlen der Ersten Zunftmeisterin, der Talerhexe, der Stoffhexe und eines Kassenpr\u00fcfers auf dem Programm. Als Erste Zunftmeisterin wurde Sabine Hofmann, als Talerhexe Yvonne Schubert und als Stoffhexe Vroni Bechtold in ihren \u00c4mtern best\u00e4tigt. Als Kassenpr\u00fcferin wurde Nadine Wenka neu gew\u00e4hlt.<\/p>\n<p>Nach der Diskussion weiterer wichtiger Punkte und der Terminplanung f\u00fcr das kommende Jahr schloss der Gro\u00dfe Hexenrat<\/p>\n<p><a href=\"http:\/\/schildwach-hexen.de\/wp-content\/uploads\/2011\/09\/swh07uzbifi1.jpg\"><img loading=\"lazy\" decoding=\"async\" class=\"alignleft size-medium wp-image-303\" title=\"swh07uzbifi1\" src=\"http:\/\/schildwach-hexen.de\/wp-content\/uploads\/2011\/09\/swh07uzbifi1-300x225.jpg\" alt=\"\" width=\"300\" height=\"225\" srcset=\"https:\/\/schildwach-hexen.de\/wp-content\/uploads\/2011\/09\/swh07uzbifi1-300x225.jpg 300w, https:\/\/schildwach-hexen.de\/wp-content\/uploads\/2011\/09\/swh07uzbifi1.jpg 320w\" sizes=\"auto, (max-width: 300px) 100vw, 300px\" \/><\/a><\/p>\n","protected":false},"excerpt":{"rendered":"<p>Zum neunten Mal versammelte sich am Freitag, 23. M\u00e4rz 2007, der Gro\u00dfe Hexenrat der Narrenzunft Schildwach-Hexen Bilfingen im Bilfinger Haus der Vereine. Die Erste Zunftmeisterin Sabine Hofmann begr\u00fc\u00dfte die zahlreich erschienenen Mitglieder der Schildwach-Hexen und bedankte sich f\u00fcr das Engagement in der zu Ende gegangenen Kampagne. Textehexe Marco Frei listete noch einmal die Aktivit\u00e4ten des [&hellip;]<\/p>\n","protected":false},"author":1,"featured_media":0,"parent":6,"menu_order":2007,"comment_status":"open","ping_status":"closed","template":"","meta":{"footnotes":""},"class_list":["post-70","page","type-page","status-publish","hentry"],"_links":{"self":[{"href":"https:\/\/schildwach-hexen.de\/index.php?rest_route=\/wp\/v2\/pages\/70","targetHints":{"allow":["GET"]}}],"collection":[{"href":"https:\/\/schildwach-hexen.de\/index.php?rest_route=\/wp\/v2\/pages"}],"about":[{"href":"https:\/\/schildwach-hexen.de\/index.php?rest_route=\/wp\/v2\/types\/page"}],"author":[{"embeddable":true,"href":"https:\/\/schildwach-hexen.de\/index.php?rest_route=\/wp\/v2\/users\/1"}],"replies":[{"embeddable":true,"href":"https:\/\/schildwach-hexen.de\/index.php?rest_route=%2Fwp%2Fv2%2Fcomments&post=70"}],"version-history":[{"count":5,"href":"https:\/\/schildwach-hexen.de\/index.php?rest_route=\/wp\/v2\/pages\/70\/revisions"}],"predecessor-version":[{"id":1029,"href":"https:\/\/schildwach-hexen.de\/index.php?rest_route=\/wp\/v2\/pages\/70\/revisions\/1029"}],"up":[{"embeddable":true,"href":"https:\/\/schildwach-hexen.de\/index.php?rest_route=\/wp\/v2\/pages\/6"}],"wp:attachment":[{"href":"https:\/\/schildwach-hexen.de\/index.php?rest_route=%2Fwp%2Fv2%2Fmedia&parent=70"}],"curies":[{"name":"wp","href":"https:\/\/api.w.org\/{rel}","templated":true}]}}