{"id":645,"date":"2013-04-06T09:04:35","date_gmt":"2013-04-06T07:04:35","guid":{"rendered":"http:\/\/schildwach-hexen.de\/?page_id=645"},"modified":"2014-09-25T21:18:16","modified_gmt":"2014-09-25T19:18:16","slug":"groser-hexenrat-05-04-2013","status":"publish","type":"page","link":"https:\/\/schildwach-hexen.de\/?page_id=645","title":{"rendered":"Gro\u00dfer Hexenrat 05.04.2013"},"content":{"rendered":"<p>Zum f\u00fcnfzehnten Mal versammelte sich am Freitag, 5. April 2013, der Gro\u00dfe Hexenrat der Narrenzunft Schildwach-Hexen Bilfingen im Bilfinger Haus der Vereine. Die Erste Zunftmeisterin Sabine Hofmann begr\u00fc\u00dfte die zahlreich erschienenen Mitglieder der Schildwach-Hexen und bedankte sich f\u00fcr das Engagement in der zu Ende gegangenen Kampagne.<\/p>\n<p>Textehexe Marco Frei listete noch einmal die Aktivit\u00e4ten der Kampagne auf, an deren Spitze nat\u00fcrlich die Umz\u00fcge in Schellbronn, Freiburg und nat\u00fcrlich Bilfingen standen. Der selbst ausgerichtete Hexenball und der Bilfinger Weihnachtsmarkt bildeten weitere besondere H\u00f6hepunkte. Talerhexe Yvonne Schubert vermeldete anschlie\u00dfend ihren positiven finanziellen Lagebericht, in dem sich das Engagement aller Mitglieder noch einmal in besonderer Weise ausdr\u00fcckt. Die Kassenpr\u00fcfer bescheinigten ihr eine einwandfreie F\u00fchrung der Kasse und beantragten die Entlastung der Talerhexe, die von der Versammlung ebenso wie die Entlastung des gesamten Hexenrates einstimmig erteilt wurde. Anschlie\u00dfend wurde Probehexe Ramona Hauff als aktive Hexe bei der Narrenzunft aufgenommen.<\/p>\n<p>Bei den turnusgem\u00e4\u00df anstehenden Neuwahlen wurde Sabine Hofmann als Erste Zunftmeisterin, Yvonne Schubert als Talerhexe und Bettina Piaskovy-Otto als Stoffhexe in ihren \u00c4mtern best\u00e4tigt. Thomas Kr\u00e4h verzichtete auf eine erneute Wahl zum Kassenpr\u00fcfer. F\u00fcr ihn \u00fcbernimmt zuk\u00fcnftig Dorit Stumpe diese Aufgabe.<\/p>\n<p>Nach der Diskussion weiterer wichtiger Punkte und der Terminplanung f\u00fcr das kommende Jahr schloss der Gro\u00dfe Hexenrat.<\/p>\n<div id=\"attachment_755\" style=\"width: 235px\" class=\"wp-caption alignleft\"><img loading=\"lazy\" decoding=\"async\" aria-describedby=\"caption-attachment-755\" class=\"size-medium wp-image-755\" title=\"swhgrhr13 05\" src=\"http:\/\/schildwach-hexen.de\/wp-content\/uploads\/2013\/04\/swhgrhr13-05-e1365233203155-225x300.jpg\" alt=\"\" width=\"225\" height=\"300\" srcset=\"https:\/\/schildwach-hexen.de\/wp-content\/uploads\/2013\/04\/swhgrhr13-05-e1365233203155-225x300.jpg 225w, https:\/\/schildwach-hexen.de\/wp-content\/uploads\/2013\/04\/swhgrhr13-05-e1365233203155-768x1024.jpg 768w\" sizes=\"auto, (max-width: 225px) 100vw, 225px\" \/><p id=\"caption-attachment-755\" class=\"wp-caption-text\">Ramona Hauff absolviert ihre letzte Pr\u00fcfung als Probehexe<\/p><\/div>\n<div class=\"mceTemp\"><\/div>\n<div class=\"mceTemp\"><\/div>\n<div class=\"mceTemp\"><\/div>\n<div class=\"mceTemp\"><\/div>\n<div class=\"mceTemp\"><\/div>\n<div class=\"mceTemp\"><\/div>\n<div class=\"mceTemp\"><\/div>\n<div class=\"mceTemp\"><\/div>\n<div class=\"mceTemp\"><\/div>\n<div class=\"mceTemp\"><\/div>\n<div class=\"mceTemp\"><\/div>\n<div class=\"mceTemp\"><\/div>\n<div class=\"mceTemp\"><\/div>\n<div class=\"mceTemp\"><\/div>\n<div class=\"mceTemp\"><\/div>\n<div class=\"mceTemp\"><\/div>\n<div class=\"mceTemp\"><\/div>\n<div class=\"mceTemp\"><\/div>\n<div class=\"mceTemp\"><\/div>\n<div class=\"mceTemp\">\n<div id=\"attachment_767\" style=\"width: 235px\" class=\"wp-caption alignleft\"><img loading=\"lazy\" decoding=\"async\" aria-describedby=\"caption-attachment-767\" class=\"size-medium wp-image-767\" title=\"swhgrhr13 06\" src=\"http:\/\/schildwach-hexen.de\/wp-content\/uploads\/2013\/04\/swhgrhr13-06-e1365234851855-225x300.jpg\" alt=\"\" width=\"225\" height=\"300\" srcset=\"https:\/\/schildwach-hexen.de\/wp-content\/uploads\/2013\/04\/swhgrhr13-06-e1365234851855-225x300.jpg 225w, https:\/\/schildwach-hexen.de\/wp-content\/uploads\/2013\/04\/swhgrhr13-06-e1365234851855-768x1024.jpg 768w\" sizes=\"auto, (max-width: 225px) 100vw, 225px\" \/><p id=\"caption-attachment-767\" class=\"wp-caption-text\">Ramona Hauff ist nun offiziell Mitglied der aktiven Hexengruppe<\/p><\/div>\n<p>&nbsp;<\/p>\n<p>&nbsp;<\/p>\n<p>&nbsp;<\/p>\n<p>&nbsp;<\/p>\n<p>&nbsp;<\/p>\n<p>&nbsp;<\/p>\n<p>&nbsp;<\/p>\n<p>&nbsp;<\/p>\n<p>&nbsp;<\/p>\n<p>&nbsp;<\/p>\n<p>&nbsp;<\/p>\n<div id=\"attachment_764\" style=\"width: 310px\" class=\"wp-caption alignleft\"><img loading=\"lazy\" decoding=\"async\" aria-describedby=\"caption-attachment-764\" class=\"size-medium wp-image-764\" title=\"swhgrhr13 08\" src=\"http:\/\/schildwach-hexen.de\/wp-content\/uploads\/2009\/04\/swhgrhr13-08-300x225.jpg\" alt=\"\" width=\"300\" height=\"225\" srcset=\"https:\/\/schildwach-hexen.de\/wp-content\/uploads\/2009\/04\/swhgrhr13-08-300x225.jpg 300w, https:\/\/schildwach-hexen.de\/wp-content\/uploads\/2009\/04\/swhgrhr13-08-1024x768.jpg 1024w\" sizes=\"auto, (max-width: 300px) 100vw, 300px\" \/><p id=\"caption-attachment-764\" class=\"wp-caption-text\">Der aktuelle Hexenrat im Jahr 2013<\/p><\/div>\n<\/div>\n<p>&nbsp;<\/p>\n<p>&nbsp;<\/p>\n<p>&nbsp;<\/p>\n","protected":false},"excerpt":{"rendered":"<p>Zum f\u00fcnfzehnten Mal versammelte sich am Freitag, 5. April 2013, der Gro\u00dfe Hexenrat der Narrenzunft Schildwach-Hexen Bilfingen im Bilfinger Haus der Vereine. Die Erste Zunftmeisterin Sabine Hofmann begr\u00fc\u00dfte die zahlreich erschienenen Mitglieder der Schildwach-Hexen und bedankte sich f\u00fcr das Engagement in der zu Ende gegangenen Kampagne. Textehexe Marco Frei listete noch einmal die Aktivit\u00e4ten der [&hellip;]<\/p>\n","protected":false},"author":1,"featured_media":0,"parent":6,"menu_order":0,"comment_status":"closed","ping_status":"closed","template":"","meta":{"footnotes":""},"class_list":["post-645","page","type-page","status-publish","hentry"],"_links":{"self":[{"href":"https:\/\/schildwach-hexen.de\/index.php?rest_route=\/wp\/v2\/pages\/645","targetHints":{"allow":["GET"]}}],"collection":[{"href":"https:\/\/schildwach-hexen.de\/index.php?rest_route=\/wp\/v2\/pages"}],"about":[{"href":"https:\/\/schildwach-hexen.de\/index.php?rest_route=\/wp\/v2\/types\/page"}],"author":[{"embeddable":true,"href":"https:\/\/schildwach-hexen.de\/index.php?rest_route=\/wp\/v2\/users\/1"}],"replies":[{"embeddable":true,"href":"https:\/\/schildwach-hexen.de\/index.php?rest_route=%2Fwp%2Fv2%2Fcomments&post=645"}],"version-history":[{"count":7,"href":"https:\/\/schildwach-hexen.de\/index.php?rest_route=\/wp\/v2\/pages\/645\/revisions"}],"predecessor-version":[{"id":1007,"href":"https:\/\/schildwach-hexen.de\/index.php?rest_route=\/wp\/v2\/pages\/645\/revisions\/1007"}],"up":[{"embeddable":true,"href":"https:\/\/schildwach-hexen.de\/index.php?rest_route=\/wp\/v2\/pages\/6"}],"wp:attachment":[{"href":"https:\/\/schildwach-hexen.de\/index.php?rest_route=%2Fwp%2Fv2%2Fmedia&parent=645"}],"curies":[{"name":"wp","href":"https:\/\/api.w.org\/{rel}","templated":true}]}}