{"id":6,"date":"2009-04-23T20:14:04","date_gmt":"2009-04-23T18:14:04","guid":{"rendered":"http:\/\/schildwach-hexen.de\/?page_id=6"},"modified":"2026-03-21T07:29:29","modified_gmt":"2026-03-21T06:29:29","slug":"groser-hexenrat","status":"publish","type":"page","link":"https:\/\/schildwach-hexen.de\/?page_id=6","title":{"rendered":"Gro\u00dfer Hexenrat"},"content":{"rendered":"<p>Der Gro\u00dfe Hexenrat ist die Versammlung aller aktiven, passiven und f\u00f6rdernden Mitglieder der Narrenzunft Schildwach-Hexen Bilfingen und tritt einmal im Jahr zusammen. Die Premiere gab es am 17.04.1999.<\/p>\n<p>Die n\u00e4chste Versammlung des Gro\u00dfen Hexenrates ist f\u00fcr <strong>M\u00e4rz 2027<\/strong>\u00a0geplant.<\/p>\n<p>Und hier Kurzberichte zu den vergangenen Versammlungen:<\/p>\n<p><a href=\"https:\/\/schildwach-hexen.de\/?page_id=2455\">26. Versammlung des Gro\u00dfen Hexenrates am 20.03.2026<\/a><\/p>\n<p><a href=\"https:\/\/schildwach-hexen.de\/?page_id=2361\">25. Versammlung des Gro\u00dfen Hexenrates am 28.03.2025<\/a><\/p>\n<p style=\"text-align: left;\"><a href=\"https:\/\/schildwach-hexen.de\/?page_id=2272\">24. Versammlung des Gro\u00dfen Hexenrates am 15.03.2024<\/a><\/p>\n<p><a href=\"https:\/\/schildwach-hexen.de\/?page_id=2178\">23. Versammlung des Gro\u00dfen Hexenrates am 14.04.2023<\/a><\/p>\n<p><a href=\"https:\/\/schildwach-hexen.de\/?page_id=2070\">22. Versammlung des Gro\u00dfen Hexenrates am 13.05.2022<\/a><\/p>\n<p><a href=\"http:\/\/schildwach-hexen.de\/?page_id=1740\">21. Versammlung des Gro\u00dfen Hexenrates am 13.04.2019<\/a><\/p>\n<p><a href=\"http:\/\/schildwach-hexen.de\/?page_id=1577\">20. Versammlung des Gro\u00dfen Hexenrates am 13.04.2018<\/a><\/p>\n<p><a href=\"http:\/\/schildwach-hexen.de\/?page_id=1378\">19. Versammlung des Gro\u00dfen Hexenrates am 24.03.2017<\/a><\/p>\n<p><a href=\"http:\/\/schildwach-hexen.de\/?page_id=1281\">18. Versammlung des Gro\u00dfen Hexenrates am 15.04.2016<\/a><\/p>\n<p><a title=\"Gro\u00dfer Hexenrat 20.03.2015\" href=\"http:\/\/schildwach-hexen.de\/?page_id=1108\">17. Versammlung des Gro\u00dfen Hexenrates am 20.03.2015<\/a><\/p>\n<p><a title=\"Gro\u00dfer Hexenrat 04.04.2014\" href=\"http:\/\/schildwach-hexen.de\/?page_id=490\">16. Versammlung des Gro\u00dfen Hexenrates am 04.04.2014<\/a><\/p>\n<p><a title=\"Gro\u00dfer Hexenrat 05.04.2013\" href=\"http:\/\/schildwach-hexen.de\/?page_id=645\">15. Versammlung des Gro\u00dfen Hexenrates am 05.04.2013<\/a><\/p>\n<p><a title=\"Gro\u00dfer Hexenrat 30.03.2012\" href=\"http:\/\/schildwach-hexen.de\/?page_id=417\">14. Versammlung des Gro\u00dfen Hexenrates am 30.03.2012<\/a><\/p>\n<p><a title=\"Gro\u00dfer Hexenrat 15.04.2011\" href=\"http:\/\/schildwach-hexen.de\/?page_id=145\">13. Versammlung des Gro\u00dfen Hexenrates am 15.04.2011<\/a><\/p>\n<p><a title=\"Gro\u00dfer Hexenrat 26.03.2010\" href=\"http:\/\/schildwach-hexen.de\/?page_id=197\">12. Versammlung des Gro\u00dfen Hexenrates am 26.03.2010<\/a><\/p>\n<p><a title=\"Gro\u00dfer Hexenrat 03.04.2009\" href=\"http:\/\/schildwach-hexen.de\/?page_id=194\">11. Versammlung des Gro\u00dfen Hexenrates am 03.04.2009<\/a><\/p>\n<p><a title=\"Gro\u00dfer Hexenrat 29.02.2008\" href=\"http:\/\/schildwach-hexen.de\/?page_id=260\">10. Versammlung des Gro\u00dfen Hexenrates am 29.02.2008<\/a><\/p>\n<p><a title=\"Gro\u00dfer Hexenrat 23.03.2007\" href=\"http:\/\/schildwach-hexen.de\/?page_id=70\">9. Versammlung des Gro\u00dfen Hexenrates am 23.03.2007<\/a><\/p>\n<p><a title=\"Gro\u00dfer Hexenrat 24.03.2006\" href=\"http:\/\/schildwach-hexen.de\/?page_id=72\">8. Versammlung des Gro\u00dfen Hexenrates am 24.03.2006<\/a><\/p>\n<p><a title=\"Gro\u00dfer Hexenrat 08.04.2005\" href=\"http:\/\/schildwach-hexen.de\/?page_id=74\">7. Versammlung des Gro\u00dfen Hexenrates am 08.04.2005<\/a><\/p>\n<p><a title=\"Gro\u00dfer Hexenrat 19.03.2004\" href=\"http:\/\/schildwach-hexen.de\/?page_id=79\">6. Versammlung des Gro\u00dfen Hexenrates am 19.03.2004<\/a><\/p>\n<p><a title=\"Gro\u00dfer Hexenrat 28.03.2003\" href=\"http:\/\/schildwach-hexen.de\/?page_id=82\">5. Versammlung des Gro\u00dfen Hexenrates am 28.03.2003<\/a><\/p>\n<p><a title=\"Gro\u00dfer Hexenrat 08.03.2002\" href=\"http:\/\/schildwach-hexen.de\/?page_id=85\">4. Versammlung des Gro\u00dfen Hexenrates am 08.03.2002<\/a><\/p>\n<p><a title=\"Gro\u00dfer Hexenrat 06.04.2001\" href=\"http:\/\/schildwach-hexen.de\/?page_id=90\">3. Versammlung des Gro\u00dfen Hexenrates am 06.04.2001<\/a><\/p>\n<p><a title=\"Gro\u00dfer Hexenrat 12.03.2000\" href=\"http:\/\/schildwach-hexen.de\/?page_id=93\">2. Versammlung des Gro\u00dfen Hexenrates am 12.03.2000<\/a><\/p>\n<p><a title=\"Gro\u00dfer Hexenrat 12.03.2000\" href=\"http:\/\/schildwach-hexen.de\/?page_id=1498\">1. Versammlung des Gro\u00dfen Hexenrates am 17.04.1999<\/a><\/p>\n","protected":false},"excerpt":{"rendered":"<p>Der Gro\u00dfe Hexenrat ist die Versammlung aller aktiven, passiven und f\u00f6rdernden Mitglieder der Narrenzunft Schildwach-Hexen Bilfingen und tritt einmal im Jahr zusammen. Die Premiere gab es am 17.04.1999. Die n\u00e4chste Versammlung des Gro\u00dfen Hexenrates ist f\u00fcr M\u00e4rz 2027\u00a0geplant. Und hier Kurzberichte zu den vergangenen Versammlungen: 26. Versammlung des Gro\u00dfen Hexenrates am 20.03.2026 25. Versammlung des [&hellip;]<\/p>\n","protected":false},"author":1,"featured_media":0,"parent":0,"menu_order":4,"comment_status":"closed","ping_status":"closed","template":"","meta":{"footnotes":""},"class_list":["post-6","page","type-page","status-publish","hentry"],"_links":{"self":[{"href":"https:\/\/schildwach-hexen.de\/index.php?rest_route=\/wp\/v2\/pages\/6","targetHints":{"allow":["GET"]}}],"collection":[{"href":"https:\/\/schildwach-hexen.de\/index.php?rest_route=\/wp\/v2\/pages"}],"about":[{"href":"https:\/\/schildwach-hexen.de\/index.php?rest_route=\/wp\/v2\/types\/page"}],"author":[{"embeddable":true,"href":"https:\/\/schildwach-hexen.de\/index.php?rest_route=\/wp\/v2\/users\/1"}],"replies":[{"embeddable":true,"href":"https:\/\/schildwach-hexen.de\/index.php?rest_route=%2Fwp%2Fv2%2Fcomments&post=6"}],"version-history":[{"count":74,"href":"https:\/\/schildwach-hexen.de\/index.php?rest_route=\/wp\/v2\/pages\/6\/revisions"}],"predecessor-version":[{"id":2486,"href":"https:\/\/schildwach-hexen.de\/index.php?rest_route=\/wp\/v2\/pages\/6\/revisions\/2486"}],"wp:attachment":[{"href":"https:\/\/schildwach-hexen.de\/index.php?rest_route=%2Fwp%2Fv2%2Fmedia&parent=6"}],"curies":[{"name":"wp","href":"https:\/\/api.w.org\/{rel}","templated":true}]}}