{"id":490,"date":"2014-01-31T18:20:02","date_gmt":"2014-01-31T16:20:02","guid":{"rendered":"http:\/\/schildwach-hexen.de\/?page_id=490"},"modified":"2014-04-06T20:36:43","modified_gmt":"2014-04-06T18:36:43","slug":"grosser-hexenrat","status":"publish","type":"page","link":"https:\/\/schildwach-hexen.de\/?page_id=490","title":{"rendered":"Gro\u00dfer Hexenrat 04.04.2014"},"content":{"rendered":"<p>Zum sechzehnten Mal versammelte sich am Freitag, 4. April 2014, der Gro\u00dfe Hexenrat der Narrenzunft Schildwach-Hexen Bilfingen im Bilfinger Haus der Vereine. Die Erste Zunftmeisterin Sabine Hofmann begr\u00fc\u00dfte die zahlreich erschienenen Mitglieder der Schildwach-Hexen und bedankte sich f\u00fcr das Engagement in der zu Ende gegangenen Kampagne.<\/p>\n<p>Textehexe Marco Frei listete noch einmal die Aktivit\u00e4ten der Kampagne auf, an deren Spitze die Umz\u00fcge in Schellbronn, Neureut, Freiburg und vor allem Bilfingen standen. Der selbst ausgerichtete Hexenball und der Bilfinger Weihnachtsmarkt bildeten weitere besondere H\u00f6hepunkte. Talerhexe Yvonne Schubert vermeldete anschlie\u00dfend ihren positiven finanziellen Lagebericht, in dem sich das Engagement aller Mitglieder noch einmal in besonderer Weise ausdr\u00fcckt. Die Kassenpr\u00fcfer bescheinigten ihr eine einwandfreie F\u00fchrung der Kasse und beantragten die Entlastung der Talerhexe, die von der Versammlung ebenso wie die Entlastung des gesamten Hexenrates einstimmig erteilt wurde. Anschlie\u00dfend wurden die Probehexen Vivienne Otto und Mareike Kunzmann offiziell als aktive Hexen bei der Narrenzunft aufgenommen.<\/p>\n<p>Bei den turnusgem\u00e4\u00df anstehenden Neuwahlen wurden Ralf Wessinger als Zweiter Zunftmeister, Marco Frei als Textehexe, Thomas Gartner als Bauhexe, Sabrina Sch\u00f6nhardt als Tanzhexe und Claudia Gartner als Kassenpr\u00fcferin in ihren \u00c4mtern best\u00e4tigt. Zur neuen Ausflugshexe wurde Kira Seyffarth gew\u00e4hlt.<\/p>\n<p>Nach der Diskussion weiterer wichtiger Punkte und der Terminplanung f\u00fcr das kommende Jahr schloss der Gro\u00dfe Hexenrat.<\/p>\n<div id=\"attachment_946\" style=\"width: 235px\" class=\"wp-caption alignleft\"><img loading=\"lazy\" decoding=\"async\" aria-describedby=\"caption-attachment-946\" class=\"size-medium wp-image-946\" alt=\"Mareike Kunzmann und Vivienne Otto bei der letzten Bew\u00e4hrungsprobe\" src=\"http:\/\/schildwach-hexen.de\/wp-content\/uploads\/2014\/01\/swh14grhr09-e1396808584847-225x300.jpg\" width=\"225\" height=\"300\" srcset=\"https:\/\/schildwach-hexen.de\/wp-content\/uploads\/2014\/01\/swh14grhr09-e1396808584847-225x300.jpg 225w, https:\/\/schildwach-hexen.de\/wp-content\/uploads\/2014\/01\/swh14grhr09-e1396808584847-768x1024.jpg 768w\" sizes=\"auto, (max-width: 225px) 100vw, 225px\" \/><p id=\"caption-attachment-946\" class=\"wp-caption-text\">Mareike Kunzmann und Vivienne Otto bei der letzten Bew\u00e4hrungsprobe<\/p><\/div>\n<p>&nbsp;<\/p>\n<p>&nbsp;<\/p>\n<div id=\"attachment_947\" style=\"width: 310px\" class=\"wp-caption alignleft\"><img loading=\"lazy\" decoding=\"async\" aria-describedby=\"caption-attachment-947\" src=\"http:\/\/schildwach-hexen.de\/wp-content\/uploads\/2014\/01\/swh14grhr12-300x225.jpg\" alt=\"Mareike Kunzmann und Vivenne Otto bekommen von Sabine Hofmann ihre Aufnahmeurkunde\" width=\"300\" height=\"225\" class=\"size-medium wp-image-947\" srcset=\"https:\/\/schildwach-hexen.de\/wp-content\/uploads\/2014\/01\/swh14grhr12-300x225.jpg 300w, https:\/\/schildwach-hexen.de\/wp-content\/uploads\/2014\/01\/swh14grhr12-1024x768.jpg 1024w\" sizes=\"auto, (max-width: 300px) 100vw, 300px\" \/><p id=\"caption-attachment-947\" class=\"wp-caption-text\">Mareike Kunzmann und Vivenne Otto bekommen von Sabine Hofmann ihre Aufnahmeurkunde<\/p><\/div>\n<p>&nbsp;<\/p>\n<p>&nbsp;<\/p>\n<div id=\"attachment_948\" style=\"width: 310px\" class=\"wp-caption alignleft\"><img loading=\"lazy\" decoding=\"async\" aria-describedby=\"caption-attachment-948\" src=\"http:\/\/schildwach-hexen.de\/wp-content\/uploads\/2014\/01\/swh14grhr16-300x225.jpg\" alt=\"Der aktuelle Hexenrat im Jahr 2014\" width=\"300\" height=\"225\" class=\"size-medium wp-image-948\" srcset=\"https:\/\/schildwach-hexen.de\/wp-content\/uploads\/2014\/01\/swh14grhr16-300x225.jpg 300w, https:\/\/schildwach-hexen.de\/wp-content\/uploads\/2014\/01\/swh14grhr16-1024x768.jpg 1024w\" sizes=\"auto, (max-width: 300px) 100vw, 300px\" \/><p id=\"caption-attachment-948\" class=\"wp-caption-text\">Der aktuelle Hexenrat im Jahr 2014<\/p><\/div>\n","protected":false},"excerpt":{"rendered":"<p>Zum sechzehnten Mal versammelte sich am Freitag, 4. April 2014, der Gro\u00dfe Hexenrat der Narrenzunft Schildwach-Hexen Bilfingen im Bilfinger Haus der Vereine. Die Erste Zunftmeisterin Sabine Hofmann begr\u00fc\u00dfte die zahlreich erschienenen Mitglieder der Schildwach-Hexen und bedankte sich f\u00fcr das Engagement in der zu Ende gegangenen Kampagne. Textehexe Marco Frei listete noch einmal die Aktivit\u00e4ten der [&hellip;]<\/p>\n","protected":false},"author":1,"featured_media":0,"parent":6,"menu_order":0,"comment_status":"closed","ping_status":"closed","template":"","meta":{"footnotes":""},"class_list":["post-490","page","type-page","status-publish","hentry"],"_links":{"self":[{"href":"https:\/\/schildwach-hexen.de\/index.php?rest_route=\/wp\/v2\/pages\/490","targetHints":{"allow":["GET"]}}],"collection":[{"href":"https:\/\/schildwach-hexen.de\/index.php?rest_route=\/wp\/v2\/pages"}],"about":[{"href":"https:\/\/schildwach-hexen.de\/index.php?rest_route=\/wp\/v2\/types\/page"}],"author":[{"embeddable":true,"href":"https:\/\/schildwach-hexen.de\/index.php?rest_route=\/wp\/v2\/users\/1"}],"replies":[{"embeddable":true,"href":"https:\/\/schildwach-hexen.de\/index.php?rest_route=%2Fwp%2Fv2%2Fcomments&post=490"}],"version-history":[{"count":6,"href":"https:\/\/schildwach-hexen.de\/index.php?rest_route=\/wp\/v2\/pages\/490\/revisions"}],"predecessor-version":[{"id":951,"href":"https:\/\/schildwach-hexen.de\/index.php?rest_route=\/wp\/v2\/pages\/490\/revisions\/951"}],"up":[{"embeddable":true,"href":"https:\/\/schildwach-hexen.de\/index.php?rest_route=\/wp\/v2\/pages\/6"}],"wp:attachment":[{"href":"https:\/\/schildwach-hexen.de\/index.php?rest_route=%2Fwp%2Fv2%2Fmedia&parent=490"}],"curies":[{"name":"wp","href":"https:\/\/api.w.org\/{rel}","templated":true}]}}