{"id":417,"date":"2012-01-14T00:48:16","date_gmt":"2012-01-13T22:48:16","guid":{"rendered":"http:\/\/schildwach-hexen.de\/?page_id=417"},"modified":"2014-09-25T21:21:54","modified_gmt":"2014-09-25T19:21:54","slug":"groser-hexenrat-30-03-2012","status":"publish","type":"page","link":"https:\/\/schildwach-hexen.de\/?page_id=417","title":{"rendered":"Gro\u00dfer Hexenrat 30.03.2012"},"content":{"rendered":"<p>Zum vierzehnten Mal versammelte sich am Freitag, 30. M\u00e4rz 2012, der Gro\u00dfe Hexenrat der Narrenzunft Schildwach-Hexen Bilfingen im Bilfinger Haus der Vereine. Die Erste Zunftmeisterin Sabine Hofmann begr\u00fc\u00dfte die zahlreich erschienenen Mitglieder der Schildwach-Hexen und bedankte sich f\u00fcr das Engagement in der zu Ende gegangenen Kampagne.<\/p>\n<p>Textehexe Marco Frei listete noch einmal die Aktivit\u00e4ten der Kampagne auf, an deren Spitze nat\u00fcrlich die Umz\u00fcge in Schellbronn, Freiburg und nat\u00fcrlich Bilfingen standen. Der selbst ausgerichtete Hexenball und der Bilfinger Weihnachtsmarkt bildeten weitere besondere H\u00f6hepunkte. Talerhexe Yvonne Schubert vermeldete anschlie\u00dfend ihren positiven finanziellen Lagebericht, in dem sich das Engagement aller Mitglieder noch einmal in besonderer Weise ausdr\u00fcckt. Die Kassenpr\u00fcfer bescheinigten ihr eine einwandfreie F\u00fchrung der Kasse und beantragten die Entlastung der Talerhexe, die von der Versammlung ebenso wie die Entlastung des gesamten Hexenrates einstimmig erteilt wurde. Anschlie\u00dfend wurden mit Gabi und Martin Morlock noch zwei Probehexen offiziell als aktive Hexen bei der Narrenzunft aufgenommen.<\/p>\n<p>Bei den turnusgem\u00e4\u00df anstehenden Neuwahlen wurde Ralf Wessinger als Zweiter Zunftmeister, Marco Frei als Textehexe, Nadine Wenka als Ausflugshexe und Claudia Gartner als Kassenpr\u00fcferin in ihren \u00c4mtern best\u00e4tigt. Thomas Gartner wurde zur neuen Bauhexe und Sabrina Sch\u00f6nhardt zur neuen Tanzhexe gew\u00e4hlt. Aus dem Hexenrat wurden zwei langj\u00e4hrige Mitglieder verabschiedet. Andrea Gartner, war als Tanzhexe acht Jahre f\u00fcr die Hexent\u00e4nze der Schildwach-Hexen verantwortlich. Hans-Peter Heidt, war zun\u00e4chst Beisitzer und dann 11 Jahre als Bauhexe im Einsatz f\u00fcr die Schildwach-Hexen.<\/p>\n<p>Yvonne Schubert wurde f\u00fcr 22 Jahre treue und aktive Mitgliedschaft zur Ehrenhexe ernannt und bekam daf\u00fcr ein Geschenk \u00fcberreicht.<\/p>\n<p>Nach der Diskussion weiterer wichtiger Punkte und der Terminplanung f\u00fcr das kommende Jahr schloss der Gro\u00dfe Hexenrat.<\/p>\n<div id=\"attachment_493\" style=\"width: 310px\" class=\"wp-caption alignleft\"><a href=\"http:\/\/schildwach-hexen.de\/wp-content\/uploads\/2012\/01\/swhgrhr12-04.jpg\"><img loading=\"lazy\" decoding=\"async\" aria-describedby=\"caption-attachment-493\" class=\"size-medium wp-image-493\" title=\"swhgrhr12 04\" src=\"http:\/\/schildwach-hexen.de\/wp-content\/uploads\/2012\/01\/swhgrhr12-04-300x225.jpg\" alt=\"\" width=\"300\" height=\"225\" srcset=\"https:\/\/schildwach-hexen.de\/wp-content\/uploads\/2012\/01\/swhgrhr12-04-300x225.jpg 300w, https:\/\/schildwach-hexen.de\/wp-content\/uploads\/2012\/01\/swhgrhr12-04-1024x768.jpg 1024w\" sizes=\"auto, (max-width: 300px) 100vw, 300px\" \/><\/a><p id=\"caption-attachment-493\" class=\"wp-caption-text\">Gabi und Martin Morlock werden nach der Probezeit in die Hexengruppe aufgenommen<\/p><\/div>\n<div class=\"mceTemp\">\u00a0<\/div>\n<div class=\"mceTemp\">\u00a0<\/div>\n<div class=\"mceTemp\">\u00a0<\/div>\n<div class=\"mceTemp\">\u00a0<\/div>\n<div class=\"mceTemp\">\u00a0<\/div>\n<div class=\"mceTemp\">\u00a0<\/div>\n<div class=\"mceTemp\">\u00a0<\/div>\n<div class=\"mceTemp\">\u00a0<\/div>\n<div class=\"mceTemp\">\u00a0<\/div>\n<div class=\"mceTemp\">\u00a0<\/div>\n<div class=\"mceTemp\">\u00a0<\/div>\n<div class=\"mceTemp\">\u00a0<\/div>\n<div class=\"mceTemp\">\u00a0<\/div>\n<div class=\"mceTemp\">\u00a0<\/div>\n<div class=\"mceTemp\">\u00a0<\/div>\n<div class=\"mceTemp\">\u00a0<\/p>\n<div id=\"attachment_494\" style=\"width: 235px\" class=\"wp-caption alignleft\"><a href=\"http:\/\/schildwach-hexen.de\/wp-content\/uploads\/2012\/01\/swhgrhr12-13-e1333182134718.jpg\"><img loading=\"lazy\" decoding=\"async\" aria-describedby=\"caption-attachment-494\" class=\"size-medium wp-image-494\" title=\"swhgrhr12 13\" src=\"http:\/\/schildwach-hexen.de\/wp-content\/uploads\/2012\/01\/swhgrhr12-13-e1333182134718-225x300.jpg\" alt=\"\" width=\"225\" height=\"300\" srcset=\"https:\/\/schildwach-hexen.de\/wp-content\/uploads\/2012\/01\/swhgrhr12-13-e1333182134718-225x300.jpg 225w, https:\/\/schildwach-hexen.de\/wp-content\/uploads\/2012\/01\/swhgrhr12-13-e1333182134718-768x1024.jpg 768w\" sizes=\"auto, (max-width: 225px) 100vw, 225px\" \/><\/a><p id=\"caption-attachment-494\" class=\"wp-caption-text\">Bauhexe Hans-Peter Heidt wird von Sabine Hofmann verabschiedet<\/p><\/div>\n<div class=\"mceTemp\">\u00a0<\/div>\n<div class=\"mceTemp\">\u00a0<\/div>\n<div class=\"mceTemp\">\u00a0<\/div>\n<div class=\"mceTemp\">\u00a0<\/div>\n<div class=\"mceTemp\">\u00a0<\/div>\n<div class=\"mceTemp\">\u00a0<\/div>\n<div class=\"mceTemp\">\u00a0<\/div>\n<div class=\"mceTemp\">\u00a0<\/div>\n<div class=\"mceTemp\">\u00a0<\/div>\n<div class=\"mceTemp\">\u00a0<\/div>\n<div class=\"mceTemp\">\u00a0<\/div>\n<div class=\"mceTemp\">\u00a0<\/div>\n<div class=\"mceTemp\">\u00a0<\/div>\n<div class=\"mceTemp\">\u00a0<\/div>\n<div class=\"mceTemp\">\u00a0<\/div>\n<div class=\"mceTemp\">\u00a0<\/div>\n<div class=\"mceTemp\">\u00a0<\/div>\n<div class=\"mceTemp\">\u00a0<\/div>\n<div class=\"mceTemp\">\u00a0<\/div>\n<div class=\"mceTemp\">\u00a0<\/div>\n<div class=\"mceTemp\">\n<div id=\"attachment_498\" style=\"width: 310px\" class=\"wp-caption alignleft\"><a href=\"http:\/\/schildwach-hexen.de\/wp-content\/uploads\/2012\/01\/swhgrhr12-10.jpg\"><img loading=\"lazy\" decoding=\"async\" aria-describedby=\"caption-attachment-498\" class=\"size-medium wp-image-498\" title=\"swhgrhr12 10\" src=\"http:\/\/schildwach-hexen.de\/wp-content\/uploads\/2012\/01\/swhgrhr12-10-300x225.jpg\" alt=\"\" width=\"300\" height=\"225\" srcset=\"https:\/\/schildwach-hexen.de\/wp-content\/uploads\/2012\/01\/swhgrhr12-10-300x225.jpg 300w, https:\/\/schildwach-hexen.de\/wp-content\/uploads\/2012\/01\/swhgrhr12-10-1024x768.jpg 1024w\" sizes=\"auto, (max-width: 300px) 100vw, 300px\" \/><\/a><p id=\"caption-attachment-498\" class=\"wp-caption-text\">Yvonne Schubert wird f\u00fcr 22 Jahre treue und aktive Mitgliedschaft zur Ehrenhexen ernannt<\/p><\/div>\n<div class=\"mceTemp\">\u00a0<\/div>\n<div class=\"mceTemp\">\u00a0<\/div>\n<div class=\"mceTemp\">\u00a0<\/div>\n<div class=\"mceTemp\">\u00a0<\/div>\n<div class=\"mceTemp\">\u00a0<\/div>\n<div class=\"mceTemp\">\u00a0<\/div>\n<div class=\"mceTemp\">\u00a0<\/div>\n<div class=\"mceTemp\">\u00a0<\/div>\n<div class=\"mceTemp\">\u00a0<\/div>\n<div class=\"mceTemp\">\u00a0<\/div>\n<div class=\"mceTemp\">\u00a0<\/div>\n<div class=\"mceTemp\">\u00a0<\/div>\n<div class=\"mceTemp\">\u00a0<\/div>\n<div class=\"mceTemp\">\u00a0<\/div>\n<div class=\"mceTemp\">\u00a0<\/div>\n<div class=\"mceTemp\">\u00a0<\/div>\n<div class=\"mceTemp\">\u00a0<\/div>\n<div class=\"mceTemp\">\n<div id=\"attachment_484\" style=\"width: 310px\" class=\"wp-caption alignleft\"><a href=\"http:\/\/schildwach-hexen.de\/wp-content\/uploads\/2009\/04\/swhgrhr12-14.jpg\"><img loading=\"lazy\" decoding=\"async\" aria-describedby=\"caption-attachment-484\" class=\"size-medium wp-image-484\" title=\"swhgrhr12 14\" src=\"http:\/\/schildwach-hexen.de\/wp-content\/uploads\/2009\/04\/swhgrhr12-14-300x225.jpg\" alt=\"\" width=\"300\" height=\"225\" srcset=\"https:\/\/schildwach-hexen.de\/wp-content\/uploads\/2009\/04\/swhgrhr12-14-300x225.jpg 300w, https:\/\/schildwach-hexen.de\/wp-content\/uploads\/2009\/04\/swhgrhr12-14-1024x768.jpg 1024w\" sizes=\"auto, (max-width: 300px) 100vw, 300px\" \/><\/a><p id=\"caption-attachment-484\" class=\"wp-caption-text\">Der aktuelle Hexenrat im Jahr 2012<\/p><\/div>\n<\/div>\n<\/div>\n<\/div>\n","protected":false},"excerpt":{"rendered":"<p>Zum vierzehnten Mal versammelte sich am Freitag, 30. M\u00e4rz 2012, der Gro\u00dfe Hexenrat der Narrenzunft Schildwach-Hexen Bilfingen im Bilfinger Haus der Vereine. Die Erste Zunftmeisterin Sabine Hofmann begr\u00fc\u00dfte die zahlreich erschienenen Mitglieder der Schildwach-Hexen und bedankte sich f\u00fcr das Engagement in der zu Ende gegangenen Kampagne. Textehexe Marco Frei listete noch einmal die Aktivit\u00e4ten der [&hellip;]<\/p>\n","protected":false},"author":1,"featured_media":0,"parent":6,"menu_order":0,"comment_status":"closed","ping_status":"closed","template":"","meta":{"footnotes":""},"class_list":["post-417","page","type-page","status-publish","hentry"],"_links":{"self":[{"href":"https:\/\/schildwach-hexen.de\/index.php?rest_route=\/wp\/v2\/pages\/417","targetHints":{"allow":["GET"]}}],"collection":[{"href":"https:\/\/schildwach-hexen.de\/index.php?rest_route=\/wp\/v2\/pages"}],"about":[{"href":"https:\/\/schildwach-hexen.de\/index.php?rest_route=\/wp\/v2\/types\/page"}],"author":[{"embeddable":true,"href":"https:\/\/schildwach-hexen.de\/index.php?rest_route=\/wp\/v2\/users\/1"}],"replies":[{"embeddable":true,"href":"https:\/\/schildwach-hexen.de\/index.php?rest_route=%2Fwp%2Fv2%2Fcomments&post=417"}],"version-history":[{"count":10,"href":"https:\/\/schildwach-hexen.de\/index.php?rest_route=\/wp\/v2\/pages\/417\/revisions"}],"predecessor-version":[{"id":1014,"href":"https:\/\/schildwach-hexen.de\/index.php?rest_route=\/wp\/v2\/pages\/417\/revisions\/1014"}],"up":[{"embeddable":true,"href":"https:\/\/schildwach-hexen.de\/index.php?rest_route=\/wp\/v2\/pages\/6"}],"wp:attachment":[{"href":"https:\/\/schildwach-hexen.de\/index.php?rest_route=%2Fwp%2Fv2%2Fmedia&parent=417"}],"curies":[{"name":"wp","href":"https:\/\/api.w.org\/{rel}","templated":true}]}}