{"id":41,"date":"2009-04-23T20:45:31","date_gmt":"2009-04-23T18:45:31","guid":{"rendered":"http:\/\/schildwach-hexen.de\/?page_id=41"},"modified":"2026-02-18T18:22:46","modified_gmt":"2026-02-18T17:22:46","slug":"hexentreffen","status":"publish","type":"page","link":"https:\/\/schildwach-hexen.de\/?page_id=41","title":{"rendered":"Hexentreffen"},"content":{"rendered":"<p>Fasching ist eine ernste Sache und neben Stimmung, Trubel, Heiterkeit muss nat\u00fcrlich auch ab und zu etwas gearbeitet werden. Einmal pro Monat treffen wir uns deshalb in unserem &#8222;Vereinsheim&#8220; im Haus der Vereine in Bilfingen zum N\u00e4hen, Malen, S\u00e4gen, Bohren usw.<\/p>\n<p><strong>Die n\u00e4chsten Termine:<\/strong><\/p>\n<ul>\n<li>Freitag, 25. September 2026, 20.00 Uhr Hexentreffen (Haus der Vereine)<\/li>\n<li>Freitag, 23. Oktober 2026, 20.00 Uhr Hexentreffen (Haus der Vereine)<\/li>\n<li>Freitag, 6. November 2026, 20.00 Uhr Nussabend (Haus der Vereine)<\/li>\n<li>Samstag, 28. November, und Sonntag, 29. November 2026, Bilfinger Weihnachtsmarkt (Alte Kelter Bilfingen)<\/li>\n<li>Freitag, 22. Januar 2027, 20.00 Uhr Hexentreffen (Haus der Vereine)<\/li>\n<\/ul>\n<p><strong>Geselliges<\/strong><\/p>\n<p>Doch auch au\u00dferhalb der Faschingskampagne soll der Spa\u00df nicht zu kurz kommen, weshalb auch daf\u00fcr gesorgt wird:<\/p>\n<ul>\n<li>Freitag, 4. Dezember 2026, 20.00 Uhr Nikolausfeier (Haus der Vereine)<\/li>\n<\/ul>\n<p><a href=\"http:\/\/schildwach-hexen.de\/wp-content\/uploads\/2011\/09\/swh06ende01.jpg\"><img loading=\"lazy\" decoding=\"async\" class=\"alignleft size-medium wp-image-308\" title=\"swh06ende01\" src=\"http:\/\/schildwach-hexen.de\/wp-content\/uploads\/2011\/09\/swh06ende01-205x300.jpg\" alt=\"\" width=\"205\" height=\"300\" srcset=\"https:\/\/schildwach-hexen.de\/wp-content\/uploads\/2011\/09\/swh06ende01-205x300.jpg 205w, https:\/\/schildwach-hexen.de\/wp-content\/uploads\/2011\/09\/swh06ende01.jpg 608w\" sizes=\"auto, (max-width: 205px) 100vw, 205px\" \/><\/a><\/p>\n","protected":false},"excerpt":{"rendered":"<p>Fasching ist eine ernste Sache und neben Stimmung, Trubel, Heiterkeit muss nat\u00fcrlich auch ab und zu etwas gearbeitet werden. Einmal pro Monat treffen wir uns deshalb in unserem &#8222;Vereinsheim&#8220; im Haus der Vereine in Bilfingen zum N\u00e4hen, Malen, S\u00e4gen, Bohren usw. Die n\u00e4chsten Termine: Freitag, 25. September 2026, 20.00 Uhr Hexentreffen (Haus der Vereine) Freitag, [&hellip;]<\/p>\n","protected":false},"author":1,"featured_media":0,"parent":0,"menu_order":8,"comment_status":"closed","ping_status":"closed","template":"","meta":{"footnotes":""},"class_list":["post-41","page","type-page","status-publish","hentry"],"_links":{"self":[{"href":"https:\/\/schildwach-hexen.de\/index.php?rest_route=\/wp\/v2\/pages\/41","targetHints":{"allow":["GET"]}}],"collection":[{"href":"https:\/\/schildwach-hexen.de\/index.php?rest_route=\/wp\/v2\/pages"}],"about":[{"href":"https:\/\/schildwach-hexen.de\/index.php?rest_route=\/wp\/v2\/types\/page"}],"author":[{"embeddable":true,"href":"https:\/\/schildwach-hexen.de\/index.php?rest_route=\/wp\/v2\/users\/1"}],"replies":[{"embeddable":true,"href":"https:\/\/schildwach-hexen.de\/index.php?rest_route=%2Fwp%2Fv2%2Fcomments&post=41"}],"version-history":[{"count":133,"href":"https:\/\/schildwach-hexen.de\/index.php?rest_route=\/wp\/v2\/pages\/41\/revisions"}],"predecessor-version":[{"id":2475,"href":"https:\/\/schildwach-hexen.de\/index.php?rest_route=\/wp\/v2\/pages\/41\/revisions\/2475"}],"wp:attachment":[{"href":"https:\/\/schildwach-hexen.de\/index.php?rest_route=%2Fwp%2Fv2%2Fmedia&parent=41"}],"curies":[{"name":"wp","href":"https:\/\/api.w.org\/{rel}","templated":true}]}}