{"id":38,"date":"2009-04-23T20:44:21","date_gmt":"2009-04-23T18:44:21","guid":{"rendered":"http:\/\/schildwach-hexen.de\/?page_id=38"},"modified":"2026-02-18T18:14:29","modified_gmt":"2026-02-18T17:14:29","slug":"umzuge","status":"publish","type":"page","link":"https:\/\/schildwach-hexen.de\/?page_id=38","title":{"rendered":"Umz\u00fcge"},"content":{"rendered":"<p>Als wichtiger Bestandteil des Bilfinger Faschings sind die Schildwach-Hexen auf alle F\u00e4lle beim Bilfinger Faschingsumzug mit dabei. Dieser findet am <strong>Dienstag, 9. Februar 2027,<\/strong> statt. Beginn ist um 14.01 Uhr. Zuvor wird am <strong>Freitag, 5. Februar 2027,<\/strong> um 10.00 Uhr das Bilfinger Rathaus gest\u00fcrmt.<\/p>\n<p>Am Abend des <strong>9. Februar 2027<\/strong>\u00a0startet dann auch um 19.00 Uhr der Fackelzug von der Hellen Platte zur Turnhalle, wo dann unter gro\u00dfem Klagen der Schildwach-Hexen die Oberhexe verbrannt wird.<\/p>\n<p>Daneben sind die Schildwach-Hexen auch auf einigen Umz\u00fcgen in unserer n\u00e4heren Umgebung zu sehen. Auf den folgenden Umz\u00fcgen sind die Schildwach-Hexen mit dabei:<\/p>\n<ul>\n<li>am Samstag, 9. Januar 2027, in Brackenheim<\/li>\n<li>am Sonntag, 12. Januar 2027, beim Narrenbaumstellen in Bilfingen<\/li>\n<li>am Sonntag, 24. Januar 2027, in Gr\u00f6tzingen<\/li>\n<li>am Sonntag, 7. Februar 2027, in Ersingen<\/li>\n<li>am Montag, 8. Februar 2027, in Freiburg<\/li>\n<\/ul>\n<p>&nbsp;<\/p>\n<p><img loading=\"lazy\" decoding=\"async\" class=\"aligncenter size-medium wp-image-217\" src=\"http:\/\/schildwach-hexen.de\/wp-content\/uploads\/2011\/09\/swh09uzbifi06-300x224.jpg\" alt=\"swh09uzbifi06\" width=\"300\" height=\"224\" srcset=\"https:\/\/schildwach-hexen.de\/wp-content\/uploads\/2011\/09\/swh09uzbifi06-300x224.jpg 300w, https:\/\/schildwach-hexen.de\/wp-content\/uploads\/2011\/09\/swh09uzbifi06-1024x768.jpg 1024w\" sizes=\"auto, (max-width: 300px) 100vw, 300px\" \/><\/p>\n","protected":false},"excerpt":{"rendered":"<p>Als wichtiger Bestandteil des Bilfinger Faschings sind die Schildwach-Hexen auf alle F\u00e4lle beim Bilfinger Faschingsumzug mit dabei. Dieser findet am Dienstag, 9. Februar 2027, statt. Beginn ist um 14.01 Uhr. Zuvor wird am Freitag, 5. Februar 2027, um 10.00 Uhr das Bilfinger Rathaus gest\u00fcrmt. Am Abend des 9. Februar 2027\u00a0startet dann auch um 19.00 Uhr [&hellip;]<\/p>\n","protected":false},"author":1,"featured_media":0,"parent":0,"menu_order":6,"comment_status":"closed","ping_status":"closed","template":"","meta":{"footnotes":""},"class_list":["post-38","page","type-page","status-publish","hentry"],"_links":{"self":[{"href":"https:\/\/schildwach-hexen.de\/index.php?rest_route=\/wp\/v2\/pages\/38","targetHints":{"allow":["GET"]}}],"collection":[{"href":"https:\/\/schildwach-hexen.de\/index.php?rest_route=\/wp\/v2\/pages"}],"about":[{"href":"https:\/\/schildwach-hexen.de\/index.php?rest_route=\/wp\/v2\/types\/page"}],"author":[{"embeddable":true,"href":"https:\/\/schildwach-hexen.de\/index.php?rest_route=\/wp\/v2\/users\/1"}],"replies":[{"embeddable":true,"href":"https:\/\/schildwach-hexen.de\/index.php?rest_route=%2Fwp%2Fv2%2Fcomments&post=38"}],"version-history":[{"count":65,"href":"https:\/\/schildwach-hexen.de\/index.php?rest_route=\/wp\/v2\/pages\/38\/revisions"}],"predecessor-version":[{"id":2474,"href":"https:\/\/schildwach-hexen.de\/index.php?rest_route=\/wp\/v2\/pages\/38\/revisions\/2474"}],"wp:attachment":[{"href":"https:\/\/schildwach-hexen.de\/index.php?rest_route=%2Fwp%2Fv2%2Fmedia&parent=38"}],"curies":[{"name":"wp","href":"https:\/\/api.w.org\/{rel}","templated":true}]}}