{"id":36,"date":"2009-04-23T20:48:25","date_gmt":"2009-04-23T18:48:25","guid":{"rendered":"http:\/\/schildwach-hexen.de\/?page_id=36"},"modified":"2025-09-08T17:37:11","modified_gmt":"2025-09-08T16:37:11","slug":"kontakt","status":"publish","type":"page","link":"https:\/\/schildwach-hexen.de\/?page_id=36","title":{"rendered":"Kontakt"},"content":{"rendered":"<p>Die Schildwach-Hexen freuen sich selbstverst\u00e4ndlich immer \u00fcber neue Mitglieder, Freunde und G\u00f6nner. Zu erreichen sind wir \u00fcber schildwach-hexen@web.de oder direkt:<\/p>\n<p>Sabine Hofmann<br \/>\nNeue Brettener Stra\u00dfe 19<br \/>\n75203 K\u00f6nigsbach-Stein<br \/>\nTelefon: 0 72 32 \/ 68 95<br \/>\n<a href=\"mailto:sabine.hofmann-stein@web.de\">sabine.hofmann-stein@web.de<\/a><\/p>\n<p>Marco Frei<br \/>\nBachstra\u00dfe 6<br \/>\n75236 Bilfingen<br \/>\nTelefon: 0 72 32 \/ 31 65 98<br \/>\n<a href=\"mailto:mfrei@web.de\">mfrei@web.de<\/a><\/p>\n<p><a href=\"http:\/\/schildwach-hexen.de\/wp-content\/uploads\/2011\/09\/swh10uzfb-19.jpg\"><img loading=\"lazy\" decoding=\"async\" class=\"alignleft wp-image-271 size-medium\" title=\"swh10uzfb 19\" src=\"http:\/\/schildwach-hexen.de\/wp-content\/uploads\/2011\/09\/swh10uzfb-19-200x300.jpg\" alt=\"\" width=\"200\" height=\"300\" srcset=\"https:\/\/schildwach-hexen.de\/wp-content\/uploads\/2011\/09\/swh10uzfb-19-200x300.jpg 200w, https:\/\/schildwach-hexen.de\/wp-content\/uploads\/2011\/09\/swh10uzfb-19.jpg 300w\" sizes=\"auto, (max-width: 200px) 100vw, 200px\" \/><\/a><\/p>\n","protected":false},"excerpt":{"rendered":"<p>Die Schildwach-Hexen freuen sich selbstverst\u00e4ndlich immer \u00fcber neue Mitglieder, Freunde und G\u00f6nner. Zu erreichen sind wir \u00fcber schildwach-hexen@web.de oder direkt: Sabine Hofmann Neue Brettener Stra\u00dfe 19 75203 K\u00f6nigsbach-Stein Telefon: 0 72 32 \/ 68 95 sabine.hofmann-stein@web.de Marco Frei Bachstra\u00dfe 6 75236 Bilfingen Telefon: 0 72 32 \/ 31 65 98 mfrei@web.de<\/p>\n","protected":false},"author":1,"featured_media":0,"parent":0,"menu_order":12,"comment_status":"closed","ping_status":"closed","template":"","meta":{"footnotes":""},"class_list":["post-36","page","type-page","status-publish","hentry"],"_links":{"self":[{"href":"https:\/\/schildwach-hexen.de\/index.php?rest_route=\/wp\/v2\/pages\/36","targetHints":{"allow":["GET"]}}],"collection":[{"href":"https:\/\/schildwach-hexen.de\/index.php?rest_route=\/wp\/v2\/pages"}],"about":[{"href":"https:\/\/schildwach-hexen.de\/index.php?rest_route=\/wp\/v2\/types\/page"}],"author":[{"embeddable":true,"href":"https:\/\/schildwach-hexen.de\/index.php?rest_route=\/wp\/v2\/users\/1"}],"replies":[{"embeddable":true,"href":"https:\/\/schildwach-hexen.de\/index.php?rest_route=%2Fwp%2Fv2%2Fcomments&post=36"}],"version-history":[{"count":11,"href":"https:\/\/schildwach-hexen.de\/index.php?rest_route=\/wp\/v2\/pages\/36\/revisions"}],"predecessor-version":[{"id":1678,"href":"https:\/\/schildwach-hexen.de\/index.php?rest_route=\/wp\/v2\/pages\/36\/revisions\/1678"}],"wp:attachment":[{"href":"https:\/\/schildwach-hexen.de\/index.php?rest_route=%2Fwp%2Fv2%2Fmedia&parent=36"}],"curies":[{"name":"wp","href":"https:\/\/api.w.org\/{rel}","templated":true}]}}