{"id":31,"date":"2009-04-23T20:37:39","date_gmt":"2009-04-23T18:37:39","guid":{"rendered":"http:\/\/schildwach-hexen.de\/?page_id=31"},"modified":"2026-03-21T16:36:19","modified_gmt":"2026-03-21T15:36:19","slug":"hexenrat","status":"publish","type":"page","link":"https:\/\/schildwach-hexen.de\/?page_id=31","title":{"rendered":"Hexenrat"},"content":{"rendered":"<p>Der Hexenrat ist das offizielle Verwaltungsgremium der Narrenzunft Schildwach-Hexen Bilfingen. Er wurde zum ersten Mal bei der Versammlung des Gro\u00dfen Hexenrates am 17.04.1999 gew\u00e4hlt und besteht aus acht Mitgliedern.<\/p>\n<p>Dazu geh\u00f6ren im Moment:<\/p>\n<p><strong>Erste Zunftmeisterin:<\/strong> Sabine Hofmann\u00a0 (<a href=\"mailto:sabine.hofmann-stein@web.de\">sabine.hofmann-stein@web.de<\/a>)<\/p>\n<p><a href=\"http:\/\/schildwach-hexen.de\/wp-content\/uploads\/2012\/03\/swh12uzbifi57.jpg\"><img loading=\"lazy\" decoding=\"async\" class=\"alignleft size-thumbnail wp-image-520\" title=\"swh12uzbifi57\" src=\"http:\/\/schildwach-hexen.de\/wp-content\/uploads\/2012\/03\/swh12uzbifi57-150x150.jpg\" alt=\"\" width=\"150\" height=\"150\" \/><\/a><\/p>\n<p>&nbsp;<\/p>\n<p>&nbsp;<\/p>\n<p>&nbsp;<\/p>\n<p>&nbsp;<\/p>\n<p>&nbsp;<\/p>\n<p>&nbsp;<\/p>\n<p><strong>Zweiter Zunftmeister:<\/strong> Ralf Wessinger<\/p>\n<p><a href=\"http:\/\/schildwach-hexen.de\/wp-content\/uploads\/2019\/03\/IMG_5115-e1551642212576.jpg\"><img loading=\"lazy\" decoding=\"async\" class=\"alignnone size-thumbnail wp-image-1789\" src=\"http:\/\/schildwach-hexen.de\/wp-content\/uploads\/2019\/03\/IMG_5115-e1551642212576-150x150.jpg\" alt=\"\" width=\"150\" height=\"150\" \/><\/a><\/p>\n<p><strong>T<\/strong><strong>alerhexe:<\/strong> Yvonne Schubert<\/p>\n<p><a href=\"http:\/\/schildwach-hexen.de\/wp-content\/uploads\/2019\/03\/IMG_5114-e1551641250310.jpg\"><img loading=\"lazy\" decoding=\"async\" class=\"alignnone size-thumbnail wp-image-1781\" src=\"http:\/\/schildwach-hexen.de\/wp-content\/uploads\/2019\/03\/IMG_5114-e1551641250310-150x150.jpg\" alt=\"\" width=\"150\" height=\"150\" \/><\/a><\/p>\n<p><strong>Textehexe:<\/strong> Marco Frei\u00a0 (<a href=\"mailto:mfrei@web.de\">mfrei@web.de<\/a>)<\/p>\n<p><a href=\"http:\/\/schildwach-hexen.de\/wp-content\/uploads\/2019\/03\/IMG_5124-e1551642260751.jpg\"><img loading=\"lazy\" decoding=\"async\" class=\"alignnone size-thumbnail wp-image-1793\" src=\"http:\/\/schildwach-hexen.de\/wp-content\/uploads\/2019\/03\/IMG_5124-e1551642260751-150x150.jpg\" alt=\"\" width=\"150\" height=\"150\" \/><\/a><\/p>\n<p><strong>Stoffhexe:<\/strong>\u00a0Bettina Piaskovy-Otto<\/p>\n<p><a href=\"http:\/\/schildwach-hexen.de\/wp-content\/uploads\/2019\/03\/IMG_5116-e1551642224883.jpg\"><img loading=\"lazy\" decoding=\"async\" class=\"alignnone size-thumbnail wp-image-1790\" src=\"http:\/\/schildwach-hexen.de\/wp-content\/uploads\/2019\/03\/IMG_5116-e1551642224883-150x150.jpg\" alt=\"\" width=\"150\" height=\"150\" \/><\/a><\/p>\n<p><strong>Bauhexe:<\/strong> Andreas Kolb<\/p>\n<p><img loading=\"lazy\" decoding=\"async\" class=\"alignnone wp-image-2488\" src=\"https:\/\/schildwach-hexen.de\/wp-content\/uploads\/\/2026\/03\/IMG_6945-257x300.jpg\" alt=\"\" width=\"151\" height=\"176\" srcset=\"https:\/\/schildwach-hexen.de\/wp-content\/uploads\/2026\/03\/IMG_6945-257x300.jpg 257w, https:\/\/schildwach-hexen.de\/wp-content\/uploads\/2026\/03\/IMG_6945-876x1024.jpg 876w, https:\/\/schildwach-hexen.de\/wp-content\/uploads\/2026\/03\/IMG_6945-768x898.jpg 768w, https:\/\/schildwach-hexen.de\/wp-content\/uploads\/2026\/03\/IMG_6945.jpg 1035w\" sizes=\"auto, (max-width: 151px) 100vw, 151px\" \/><\/p>\n<p><strong>Ausflugshexe:<\/strong> Kira Seyffarth<\/p>\n<p><a href=\"http:\/\/schildwach-hexen.de\/wp-content\/uploads\/2019\/04\/IMG_5917-2.jpg\"><img loading=\"lazy\" decoding=\"async\" class=\"alignnone size-thumbnail wp-image-1833\" src=\"http:\/\/schildwach-hexen.de\/wp-content\/uploads\/2019\/04\/IMG_5917-2-150x150.jpg\" alt=\"\" width=\"150\" height=\"150\" \/><\/a><\/p>\n<p><strong>Tanzhexe:<\/strong> Jessica Anselment<\/p>\n<p><img loading=\"lazy\" decoding=\"async\" class=\"alignnone wp-image-2090 size-thumbnail\" src=\"https:\/\/schildwach-hexen.de\/wp-content\/uploads\/\/2022\/05\/swh18uzbifi023-150x150.jpg\" alt=\"\" width=\"150\" height=\"150\" \/><\/p>\n<p>&nbsp;<\/p>\n<p><img loading=\"lazy\" decoding=\"async\" class=\"alignnone wp-image-2501 size-medium\" src=\"https:\/\/schildwach-hexen.de\/wp-content\/uploads\/\/2026\/03\/swh26grhr4-300x225.jpg\" alt=\"\" width=\"300\" height=\"225\" srcset=\"https:\/\/schildwach-hexen.de\/wp-content\/uploads\/2026\/03\/swh26grhr4-300x225.jpg 300w, https:\/\/schildwach-hexen.de\/wp-content\/uploads\/2026\/03\/swh26grhr4-1024x768.jpg 1024w, https:\/\/schildwach-hexen.de\/wp-content\/uploads\/2026\/03\/swh26grhr4-768x576.jpg 768w, https:\/\/schildwach-hexen.de\/wp-content\/uploads\/2026\/03\/swh26grhr4-1536x1152.jpg 1536w, https:\/\/schildwach-hexen.de\/wp-content\/uploads\/2026\/03\/swh26grhr4-2048x1536.jpg 2048w\" sizes=\"auto, (max-width: 300px) 100vw, 300px\" \/><\/p>\n<p><strong>Hexenrat 2026 <\/strong>(Marco Frei, Bettina Piaskovy-Otto, Ralf Wessinger, Sabine Hofmann, Yvonne Schubert, Dorit Stumpe, Jessica Anselment, es fehlen Andreas Kolb und Kira Seyffarth)<\/p>\n","protected":false},"excerpt":{"rendered":"<p>Der Hexenrat ist das offizielle Verwaltungsgremium der Narrenzunft Schildwach-Hexen Bilfingen. Er wurde zum ersten Mal bei der Versammlung des Gro\u00dfen Hexenrates am 17.04.1999 gew\u00e4hlt und besteht aus acht Mitgliedern. Dazu geh\u00f6ren im Moment: Erste Zunftmeisterin: Sabine Hofmann\u00a0 (sabine.hofmann-stein@web.de) &nbsp; &nbsp; &nbsp; &nbsp; &nbsp; &nbsp; Zweiter Zunftmeister: Ralf Wessinger Talerhexe: Yvonne Schubert Textehexe: Marco Frei\u00a0 (mfrei@web.de) [&hellip;]<\/p>\n","protected":false},"author":1,"featured_media":0,"parent":0,"menu_order":5,"comment_status":"closed","ping_status":"closed","template":"","meta":{"footnotes":""},"class_list":["post-31","page","type-page","status-publish","hentry"],"_links":{"self":[{"href":"https:\/\/schildwach-hexen.de\/index.php?rest_route=\/wp\/v2\/pages\/31","targetHints":{"allow":["GET"]}}],"collection":[{"href":"https:\/\/schildwach-hexen.de\/index.php?rest_route=\/wp\/v2\/pages"}],"about":[{"href":"https:\/\/schildwach-hexen.de\/index.php?rest_route=\/wp\/v2\/types\/page"}],"author":[{"embeddable":true,"href":"https:\/\/schildwach-hexen.de\/index.php?rest_route=\/wp\/v2\/users\/1"}],"replies":[{"embeddable":true,"href":"https:\/\/schildwach-hexen.de\/index.php?rest_route=%2Fwp%2Fv2%2Fcomments&post=31"}],"version-history":[{"count":89,"href":"https:\/\/schildwach-hexen.de\/index.php?rest_route=\/wp\/v2\/pages\/31\/revisions"}],"predecessor-version":[{"id":2504,"href":"https:\/\/schildwach-hexen.de\/index.php?rest_route=\/wp\/v2\/pages\/31\/revisions\/2504"}],"wp:attachment":[{"href":"https:\/\/schildwach-hexen.de\/index.php?rest_route=%2Fwp%2Fv2%2Fmedia&parent=31"}],"curies":[{"name":"wp","href":"https:\/\/api.w.org\/{rel}","templated":true}]}}