{"id":260,"date":"2011-09-18T08:27:50","date_gmt":"2011-09-18T06:27:50","guid":{"rendered":"http:\/\/schildwach-hexen.de\/?page_id=260"},"modified":"2014-09-25T21:20:54","modified_gmt":"2014-09-25T19:20:54","slug":"groser-hexenrat-29-02-2008-2","status":"publish","type":"page","link":"https:\/\/schildwach-hexen.de\/?page_id=260","title":{"rendered":"Gro\u00dfer Hexenrat 29.02.2008"},"content":{"rendered":"<p>Zum zehnten Mal versammelte sich am Freitag, 29. Februar 2008, der Gro\u00dfe Hexenrat der Narrenzunft Schildwach-Hexen Bilfingen im Bilfinger Haus der Vereine. Die Erste Zunftmeisterin Sabine Hofmann begr\u00fc\u00dfte die zahlreich erschienenen Mitglieder der Schildwach-Hexen und bedankte sich f\u00fcr das Engagement in der zu Ende gegangenen Kampagne.<\/p>\n<p>Textehexe Marco Frei listete noch einmal die Aktivit\u00e4ten der Jubil\u00e4umskampagne auf, an deren Spitze nat\u00fcrlich die Umz\u00fcge in Schellbronn, Gr\u00f6tzingen, Seebronn und nat\u00fcrlich Bilfingen standen. Der selbst ausgerichtete Hexenball und der Bilfinger Weihnachtsmarkt bildeten weitere besondere H\u00f6hepunkte. Es wurde wiederum deutlich, dass die Schildwach-Hexen der Bilfinger Fasnet bei Rathaussturm, Hexenball und Hexenverbrennung mit Hexentanz einen deutlichen eigenen Stempel aufdr\u00fccken. Talerhexe Yvonne Schubert vermeldete anschlie\u00dfend einen positiven finanziellen Lagebericht, in dem sich das Engagement aller Mitglieder noch einmal in besonderer Weise ausdr\u00fcckt. Die Kassenpr\u00fcfer bescheinigten ihr eine einwandfreie F\u00fchrung der Kasse und beantragten die Entlastung der Talerhexe, die von der Versammlung ebenso wie die Entlastung des gesamten Hexenrates einstimmig erteilt wurde. Anschlie\u00dfend wurde noch eine Probehexe offiziell als aktive Hexe bei der Narrenzunft aufgenommen.<\/p>\n<p>Bei den turnusgem\u00e4\u00df anstehenden Neuwahlen wurden Ralf Wessinger als Zweiter Zunftmeister, Marco Frei als Textehexe, Hans-Peter Heidt als Bauhexe, Andrea Gartner als Tanzhexe und Claudia Gartner als Kassenpr\u00fcferin in ihren \u00c4mtern best\u00e4tigt. Als Ausflugshexe wurde Nadine Wenka und als Kassenpr\u00fcfer Thomas Kr\u00e4h neu gew\u00e4hlt.<\/p>\n<p>Nachdem der Narrenbund \u201eKakadu\u201c im November 1985 von Herrn Karl-Heinz Weing\u00e4rtner 10 Original-Hexenholzmasken \u00fcberreicht bekommen hatte, ist daraus bis zum heutigen Tage die Narrenzunft der Schildwach-Hexen Bilfingen gewachsen. Grund genug, dass die komplette Kampagne ganz im Zeichen des 22-j\u00e4hrigen Jubil\u00e4ums stand. Von Anfang an mit dabei waren Irene Lamprecht, Sabine Hofmann, Gertrud Pixa, Vroni Bechtold und Viola Vielsack, die daf\u00fcr im Rahmen der Versammlung des Gro\u00dfen Hexenrates zu Ehrenhexen ernannt wurden und ein Geschenk \u00fcberreicht bekamen.<\/p>\n<p>Nach der Diskussion weiterer wichtiger Punkte und der Terminplanung f\u00fcr das kommende Jahr schloss der Gro\u00dfe Hexenrat.\u00a0<\/p>\n<div id=\"attachment_251\" style=\"width: 310px\" class=\"wp-caption aligncenter\"><a href=\"http:\/\/schildwach-hexen.de\/wp-content\/uploads\/2011\/09\/swh08ghr09.jpg\"><img loading=\"lazy\" decoding=\"async\" aria-describedby=\"caption-attachment-251\" class=\"size-medium wp-image-251\" title=\"swh08ghr09\" src=\"http:\/\/schildwach-hexen.de\/wp-content\/uploads\/2011\/09\/swh08ghr09-300x225.jpg\" alt=\"\" width=\"300\" height=\"225\" srcset=\"https:\/\/schildwach-hexen.de\/wp-content\/uploads\/2011\/09\/swh08ghr09-300x225.jpg 300w, https:\/\/schildwach-hexen.de\/wp-content\/uploads\/2011\/09\/swh08ghr09-1024x768.jpg 1024w\" sizes=\"auto, (max-width: 300px) 100vw, 300px\" \/><\/a><p id=\"caption-attachment-251\" class=\"wp-caption-text\">Die neuen Ehrenhexen Irene Lamprecht, Sabine Hofmann und Vroni Bechtold. Es fehlen Viola Vielsack und Gertrud Pixa.<\/p><\/div>\n<p>&nbsp;<\/p>\n<div id=\"attachment_249\" style=\"width: 310px\" class=\"wp-caption aligncenter\"><a href=\"http:\/\/schildwach-hexen.de\/wp-content\/uploads\/2011\/09\/swh08ghr12.jpg\"><img loading=\"lazy\" decoding=\"async\" aria-describedby=\"caption-attachment-249\" class=\"size-medium wp-image-249\" title=\"swh08ghr12\" src=\"http:\/\/schildwach-hexen.de\/wp-content\/uploads\/2011\/09\/swh08ghr12-300x225.jpg\" alt=\"\" width=\"300\" height=\"225\" srcset=\"https:\/\/schildwach-hexen.de\/wp-content\/uploads\/2011\/09\/swh08ghr12-300x225.jpg 300w, https:\/\/schildwach-hexen.de\/wp-content\/uploads\/2011\/09\/swh08ghr12-1024x768.jpg 1024w\" sizes=\"auto, (max-width: 300px) 100vw, 300px\" \/><\/a><p id=\"caption-attachment-249\" class=\"wp-caption-text\">Die Ausflugshexe Martina Lamprecht wird von Sabine Hofmann verabschiedet<\/p><\/div>\n<p>&nbsp;<\/p>\n<div id=\"attachment_250\" style=\"width: 310px\" class=\"wp-caption aligncenter\"><a href=\"http:\/\/schildwach-hexen.de\/wp-content\/uploads\/2011\/09\/swh08ghr11.jpg\"><img loading=\"lazy\" decoding=\"async\" aria-describedby=\"caption-attachment-250\" class=\"size-medium wp-image-250\" title=\"swh08ghr11\" src=\"http:\/\/schildwach-hexen.de\/wp-content\/uploads\/2011\/09\/swh08ghr11-300x225.jpg\" alt=\"\" width=\"300\" height=\"225\" srcset=\"https:\/\/schildwach-hexen.de\/wp-content\/uploads\/2011\/09\/swh08ghr11-300x225.jpg 300w, https:\/\/schildwach-hexen.de\/wp-content\/uploads\/2011\/09\/swh08ghr11-1024x768.jpg 1024w\" sizes=\"auto, (max-width: 300px) 100vw, 300px\" \/><\/a><p id=\"caption-attachment-250\" class=\"wp-caption-text\">Der Hexenrat im Jahr 2008<\/p><\/div>\n","protected":false},"excerpt":{"rendered":"<p>Zum zehnten Mal versammelte sich am Freitag, 29. Februar 2008, der Gro\u00dfe Hexenrat der Narrenzunft Schildwach-Hexen Bilfingen im Bilfinger Haus der Vereine. Die Erste Zunftmeisterin Sabine Hofmann begr\u00fc\u00dfte die zahlreich erschienenen Mitglieder der Schildwach-Hexen und bedankte sich f\u00fcr das Engagement in der zu Ende gegangenen Kampagne. Textehexe Marco Frei listete noch einmal die Aktivit\u00e4ten der [&hellip;]<\/p>\n","protected":false},"author":1,"featured_media":0,"parent":6,"menu_order":0,"comment_status":"closed","ping_status":"closed","template":"","meta":{"footnotes":""},"class_list":["post-260","page","type-page","status-publish","hentry"],"_links":{"self":[{"href":"https:\/\/schildwach-hexen.de\/index.php?rest_route=\/wp\/v2\/pages\/260","targetHints":{"allow":["GET"]}}],"collection":[{"href":"https:\/\/schildwach-hexen.de\/index.php?rest_route=\/wp\/v2\/pages"}],"about":[{"href":"https:\/\/schildwach-hexen.de\/index.php?rest_route=\/wp\/v2\/types\/page"}],"author":[{"embeddable":true,"href":"https:\/\/schildwach-hexen.de\/index.php?rest_route=\/wp\/v2\/users\/1"}],"replies":[{"embeddable":true,"href":"https:\/\/schildwach-hexen.de\/index.php?rest_route=%2Fwp%2Fv2%2Fcomments&post=260"}],"version-history":[{"count":4,"href":"https:\/\/schildwach-hexen.de\/index.php?rest_route=\/wp\/v2\/pages\/260\/revisions"}],"predecessor-version":[{"id":1012,"href":"https:\/\/schildwach-hexen.de\/index.php?rest_route=\/wp\/v2\/pages\/260\/revisions\/1012"}],"up":[{"embeddable":true,"href":"https:\/\/schildwach-hexen.de\/index.php?rest_route=\/wp\/v2\/pages\/6"}],"wp:attachment":[{"href":"https:\/\/schildwach-hexen.de\/index.php?rest_route=%2Fwp%2Fv2%2Fmedia&parent=260"}],"curies":[{"name":"wp","href":"https:\/\/api.w.org\/{rel}","templated":true}]}}