{"id":2361,"date":"2025-01-16T18:14:39","date_gmt":"2025-01-16T17:14:39","guid":{"rendered":"https:\/\/schildwach-hexen.de\/?page_id=2361"},"modified":"2025-03-29T08:58:59","modified_gmt":"2025-03-29T07:58:59","slug":"grosser-hexenrat-30-03-2025","status":"publish","type":"page","link":"https:\/\/schildwach-hexen.de\/?page_id=2361","title":{"rendered":"Gro\u00dfer Hexenrat  28.03.2025"},"content":{"rendered":"<p>Zum f\u00fcnfundzwanzigsten Mal versammelte sich am Freitag, 28. M\u00e4rz 2025, der Gro\u00dfe Hexenrat der Narrenzunft Schildwach-Hexen Bilfingen im Bilfinger Haus der Vereine. Die Erste Zunftmeisterin Sabine Hofmann begr\u00fc\u00dfte die zahlreich erschienenen Mitglieder der Schildwach-Hexen und bedankte sich f\u00fcr das Engagement in der zu Ende gegangenen Kampagne.<\/p>\n<p>Textehexe Marco Frei listete noch einmal die Aktivit\u00e4ten der Kampagne auf, an deren Spitze die Umz\u00fcge in Brackenheim, Gr\u00f6tzingen, Ersingen, Freiburg und vor allem Bilfingen standen. Der selbst ausgerichtete Hexenball und der Bilfinger Weihnachtsmarkt bildeten weitere besondere H\u00f6hepunkte. Talerhexe Yvonne Schubert vermeldete anschlie\u00dfend ihren positiven finanziellen Lagebericht, in dem sich das Engagement aller Mitglieder noch einmal in besonderer Weise ausdr\u00fcckt. Die Kassenpr\u00fcfer bescheinigten ihr eine einwandfreie F\u00fchrung der Kasse und beantragten die Entlastung der Talerhexe, die von der Versammlung ebenso wie die Entlastung des gesamten Hexenrates einstimmig erteilt wurde. Anschlie\u00dfend wurden die Probehexen Yannik Pfeffinger und Patrick W\u00fcrz offiziell als aktive Hexen bei der Narrenzunft aufgenommen. Zudem Claudia Ehinger f\u00fcr 22 Jahre Mitgliedschaft zur Ehrenhexe ernannt.<\/p>\n<p>Bei den turnusgem\u00e4\u00df anstehenden Neuwahlen wurden Sabine Hofmann als Erste Zunftmeisterin, Yvonne Schubert als Talerhexe, Bettina Piaskovy-Otto als Stoffhexe und Dorit Stumpe als Kassenpr\u00fcferin in ihren \u00c4mtern best\u00e4tigt.<\/p>\n<p>Nach der Diskussion weiterer wichtiger Punkte und der Terminplanung f\u00fcr das kommende Jahr schloss der Gro\u00dfe Hexenrat.<\/p>\n<div id=\"attachment_2395\" style=\"width: 310px\" class=\"wp-caption alignnone\"><img loading=\"lazy\" decoding=\"async\" aria-describedby=\"caption-attachment-2395\" class=\"size-medium wp-image-2395\" src=\"https:\/\/schildwach-hexen.de\/wp-content\/uploads\/\/2025\/03\/swh25ghr4-300x225.jpg\" alt=\"\" width=\"300\" height=\"225\" srcset=\"https:\/\/schildwach-hexen.de\/wp-content\/uploads\/2025\/03\/swh25ghr4-300x225.jpg 300w, https:\/\/schildwach-hexen.de\/wp-content\/uploads\/2025\/03\/swh25ghr4-1024x768.jpg 1024w, https:\/\/schildwach-hexen.de\/wp-content\/uploads\/2025\/03\/swh25ghr4-768x576.jpg 768w, https:\/\/schildwach-hexen.de\/wp-content\/uploads\/2025\/03\/swh25ghr4-1536x1152.jpg 1536w, https:\/\/schildwach-hexen.de\/wp-content\/uploads\/2025\/03\/swh25ghr4-2048x1536.jpg 2048w\" sizes=\"auto, (max-width: 300px) 100vw, 300px\" \/><p id=\"caption-attachment-2395\" class=\"wp-caption-text\">Yannik Pfeffinger und Patrick W\u00fcrz bekommen von Sabine Hofmann ihre Aufnahmeurkunde<\/p><\/div>\n<div id=\"attachment_2396\" style=\"width: 235px\" class=\"wp-caption alignnone\"><img loading=\"lazy\" decoding=\"async\" aria-describedby=\"caption-attachment-2396\" class=\"size-medium wp-image-2396\" src=\"https:\/\/schildwach-hexen.de\/wp-content\/uploads\/\/2025\/03\/swh25ghr5-225x300.jpg\" alt=\"\" width=\"225\" height=\"300\" srcset=\"https:\/\/schildwach-hexen.de\/wp-content\/uploads\/2025\/03\/swh25ghr5-225x300.jpg 225w, https:\/\/schildwach-hexen.de\/wp-content\/uploads\/2025\/03\/swh25ghr5-768x1024.jpg 768w, https:\/\/schildwach-hexen.de\/wp-content\/uploads\/2025\/03\/swh25ghr5-1152x1536.jpg 1152w, https:\/\/schildwach-hexen.de\/wp-content\/uploads\/2025\/03\/swh25ghr5-1536x2048.jpg 1536w, https:\/\/schildwach-hexen.de\/wp-content\/uploads\/2025\/03\/swh25ghr5-scaled.jpg 1920w\" sizes=\"auto, (max-width: 225px) 100vw, 225px\" \/><p id=\"caption-attachment-2396\" class=\"wp-caption-text\">Claudia Ehinger wird zur Ehrenhexe der Schildwach-Hexen ernannt<\/p><\/div>\n<div id=\"attachment_2397\" style=\"width: 310px\" class=\"wp-caption alignnone\"><img loading=\"lazy\" decoding=\"async\" aria-describedby=\"caption-attachment-2397\" class=\"size-medium wp-image-2397\" src=\"https:\/\/schildwach-hexen.de\/wp-content\/uploads\/\/2025\/03\/swh25ghr6-300x225.jpg\" alt=\"\" width=\"300\" height=\"225\" srcset=\"https:\/\/schildwach-hexen.de\/wp-content\/uploads\/2025\/03\/swh25ghr6-300x225.jpg 300w, https:\/\/schildwach-hexen.de\/wp-content\/uploads\/2025\/03\/swh25ghr6-1024x768.jpg 1024w, https:\/\/schildwach-hexen.de\/wp-content\/uploads\/2025\/03\/swh25ghr6-768x576.jpg 768w, https:\/\/schildwach-hexen.de\/wp-content\/uploads\/2025\/03\/swh25ghr6-1536x1152.jpg 1536w, https:\/\/schildwach-hexen.de\/wp-content\/uploads\/2025\/03\/swh25ghr6-2048x1536.jpg 2048w\" sizes=\"auto, (max-width: 300px) 100vw, 300px\" \/><p id=\"caption-attachment-2397\" class=\"wp-caption-text\">Der aktuelle Hexenrat im Jahr 2025<\/p><\/div>\n","protected":false},"excerpt":{"rendered":"<p>Zum f\u00fcnfundzwanzigsten Mal versammelte sich am Freitag, 28. M\u00e4rz 2025, der Gro\u00dfe Hexenrat der Narrenzunft Schildwach-Hexen Bilfingen im Bilfinger Haus der Vereine. Die Erste Zunftmeisterin Sabine Hofmann begr\u00fc\u00dfte die zahlreich erschienenen Mitglieder der Schildwach-Hexen und bedankte sich f\u00fcr das Engagement in der zu Ende gegangenen Kampagne. Textehexe Marco Frei listete noch einmal die Aktivit\u00e4ten der [&hellip;]<\/p>\n","protected":false},"author":4,"featured_media":0,"parent":6,"menu_order":0,"comment_status":"closed","ping_status":"closed","template":"","meta":{"footnotes":""},"class_list":["post-2361","page","type-page","status-publish","hentry"],"_links":{"self":[{"href":"https:\/\/schildwach-hexen.de\/index.php?rest_route=\/wp\/v2\/pages\/2361","targetHints":{"allow":["GET"]}}],"collection":[{"href":"https:\/\/schildwach-hexen.de\/index.php?rest_route=\/wp\/v2\/pages"}],"about":[{"href":"https:\/\/schildwach-hexen.de\/index.php?rest_route=\/wp\/v2\/types\/page"}],"author":[{"embeddable":true,"href":"https:\/\/schildwach-hexen.de\/index.php?rest_route=\/wp\/v2\/users\/4"}],"replies":[{"embeddable":true,"href":"https:\/\/schildwach-hexen.de\/index.php?rest_route=%2Fwp%2Fv2%2Fcomments&post=2361"}],"version-history":[{"count":5,"href":"https:\/\/schildwach-hexen.de\/index.php?rest_route=\/wp\/v2\/pages\/2361\/revisions"}],"predecessor-version":[{"id":2398,"href":"https:\/\/schildwach-hexen.de\/index.php?rest_route=\/wp\/v2\/pages\/2361\/revisions\/2398"}],"up":[{"embeddable":true,"href":"https:\/\/schildwach-hexen.de\/index.php?rest_route=\/wp\/v2\/pages\/6"}],"wp:attachment":[{"href":"https:\/\/schildwach-hexen.de\/index.php?rest_route=%2Fwp%2Fv2%2Fmedia&parent=2361"}],"curies":[{"name":"wp","href":"https:\/\/api.w.org\/{rel}","templated":true}]}}