{"id":2070,"date":"2022-05-13T22:05:49","date_gmt":"2022-05-13T21:05:49","guid":{"rendered":"https:\/\/schildwach-hexen.de\/?page_id=2070"},"modified":"2022-05-13T22:24:42","modified_gmt":"2022-05-13T21:24:42","slug":"grosser-hexenrat-13-05-2022","status":"publish","type":"page","link":"https:\/\/schildwach-hexen.de\/?page_id=2070","title":{"rendered":"Gro\u00dfer Hexenrat 13.05.2022"},"content":{"rendered":"<p>Zum zweiundzwanzigsten Mal versammelte sich am Freitag, 13. Mai 2022, der Gro\u00dfe Hexenrat der Narrenzunft Schildwach-Hexen Bilfingen im Vereinssaal im Rathaus Bilfingen. Die Erste Zunftmeisterin Sabine Hofmann begr\u00fc\u00dfte die zahlreich erschienenen Mitglieder der Schildwach-Hexen. Ihr Blick ging zur\u00fcck in die Kampagne 2019 \/ 2020 und die Corona-Zeit, die auch das Vereinsleben der Schildwach-Hexen nahezu komplett zum Erliegen gebracht hat. Durch eine Schweigeminute wurde der verstorbenen Ehrenhexe Gertrud Pixa, dem ehemaligen Mitglied Luitgard Anselment und Unterst\u00fctzer Walter Fischer gedacht.<\/p>\n<p>Textehexe Marco Frei listete noch einmal die Aktivit\u00e4ten der Kampagne 2019 \/ 2020 auf, an deren Spitze die Umz\u00fcge in Brackenheim, Gr\u00f6tzingen, Freiburg und vor allem Bilfingen standen. Der selbst ausgerichtete Hexenball und der Bilfinger Weihnachtsmarkt bildeten weitere besondere H\u00f6hepunkte. Talerhexe Yvonne Schubert vermeldete anschlie\u00dfend ihren positiven finanziellen Lagebericht \u00fcber drei Kassenjahre hinweg, in dem sich das Engagement aller Mitglieder noch einmal in besonderer Weise ausdr\u00fcckt. Die Kassenpr\u00fcfer bescheinigten ihr eine einwandfreie F\u00fchrung der Kasse und beantragten die Entlastung der Talerhexe, die von der Versammlung ebenso wie die Entlastung des gesamten Hexenrates einstimmig erteilt wurde. Anschlie\u00dfend wurden Martina Lamprecht und Roswitha Kindsvogel wurden f\u00fcr 22 Jahre Mitgliedschaft zur Ehrenhexe ernannt.<\/p>\n<p>Bei den turnusgem\u00e4\u00df anstehenden Neuwahlen wurden Ralf Wessinger als Zweiter Zunftmeister, Marco Frei als Textehexe, Thomas Gartner als Bauhexe, Kira Seyffarth als Ausflugshexe und Claudia Ehinger als Kassenpr\u00fcferin in ihren \u00c4mtern best\u00e4tigt. Jessica Anselment wurde als Nachfolgerin von Sabrina Gartner zur Tanzhexe gew\u00e4hlt.<\/p>\n<p>Nach der Diskussion weiterer wichtiger Punkte und der Terminplanung f\u00fcr das kommende Jahr schloss der Gro\u00dfe Hexenrat.<\/p>\n<div id=\"attachment_2083\" style=\"width: 235px\" class=\"wp-caption alignnone\"><img loading=\"lazy\" decoding=\"async\" aria-describedby=\"caption-attachment-2083\" class=\"size-medium wp-image-2083\" src=\"https:\/\/schildwach-hexen.de\/wp-content\/uploads\/\/2022\/05\/swh22ghr1-225x300.jpg\" alt=\"\" width=\"225\" height=\"300\" srcset=\"https:\/\/schildwach-hexen.de\/wp-content\/uploads\/2022\/05\/swh22ghr1-225x300.jpg 225w, https:\/\/schildwach-hexen.de\/wp-content\/uploads\/2022\/05\/swh22ghr1-768x1024.jpg 768w, https:\/\/schildwach-hexen.de\/wp-content\/uploads\/2022\/05\/swh22ghr1-1152x1536.jpg 1152w, https:\/\/schildwach-hexen.de\/wp-content\/uploads\/2022\/05\/swh22ghr1-1536x2048.jpg 1536w, https:\/\/schildwach-hexen.de\/wp-content\/uploads\/2022\/05\/swh22ghr1-scaled.jpg 1920w\" sizes=\"auto, (max-width: 225px) 100vw, 225px\" \/><p id=\"caption-attachment-2083\" class=\"wp-caption-text\">Roswitha Kindsvogel wird zur Ehrenhexe der Schildwach-Hexen ernannt<\/p><\/div>\n<div id=\"attachment_2085\" style=\"width: 235px\" class=\"wp-caption alignnone\"><img loading=\"lazy\" decoding=\"async\" aria-describedby=\"caption-attachment-2085\" class=\"size-medium wp-image-2085\" src=\"https:\/\/schildwach-hexen.de\/wp-content\/uploads\/\/2022\/05\/swh22ghr3-225x300.jpg\" alt=\"\" width=\"225\" height=\"300\" srcset=\"https:\/\/schildwach-hexen.de\/wp-content\/uploads\/2022\/05\/swh22ghr3-225x300.jpg 225w, https:\/\/schildwach-hexen.de\/wp-content\/uploads\/2022\/05\/swh22ghr3-768x1024.jpg 768w, https:\/\/schildwach-hexen.de\/wp-content\/uploads\/2022\/05\/swh22ghr3-1152x1536.jpg 1152w, https:\/\/schildwach-hexen.de\/wp-content\/uploads\/2022\/05\/swh22ghr3-1536x2048.jpg 1536w, https:\/\/schildwach-hexen.de\/wp-content\/uploads\/2022\/05\/swh22ghr3-scaled.jpg 1920w\" sizes=\"auto, (max-width: 225px) 100vw, 225px\" \/><p id=\"caption-attachment-2085\" class=\"wp-caption-text\">Martina Lamprecht wird zur Ehrenhexe der Schildwach-Hexen ernannt<\/p><\/div>\n<div id=\"attachment_2086\" style=\"width: 235px\" class=\"wp-caption alignnone\"><img loading=\"lazy\" decoding=\"async\" aria-describedby=\"caption-attachment-2086\" class=\"size-medium wp-image-2086\" src=\"https:\/\/schildwach-hexen.de\/wp-content\/uploads\/\/2022\/05\/swh22ghr6-225x300.jpg\" alt=\"\" width=\"225\" height=\"300\" srcset=\"https:\/\/schildwach-hexen.de\/wp-content\/uploads\/2022\/05\/swh22ghr6-225x300.jpg 225w, https:\/\/schildwach-hexen.de\/wp-content\/uploads\/2022\/05\/swh22ghr6-768x1024.jpg 768w, https:\/\/schildwach-hexen.de\/wp-content\/uploads\/2022\/05\/swh22ghr6-1152x1536.jpg 1152w, https:\/\/schildwach-hexen.de\/wp-content\/uploads\/2022\/05\/swh22ghr6-1536x2048.jpg 1536w, https:\/\/schildwach-hexen.de\/wp-content\/uploads\/2022\/05\/swh22ghr6-scaled.jpg 1920w\" sizes=\"auto, (max-width: 225px) 100vw, 225px\" \/><p id=\"caption-attachment-2086\" class=\"wp-caption-text\">Sabrina Gartner wird aus dem Hexenrat verabschiedet<\/p><\/div>\n<div id=\"attachment_2082\" style=\"width: 310px\" class=\"wp-caption alignnone\"><img loading=\"lazy\" decoding=\"async\" aria-describedby=\"caption-attachment-2082\" class=\"size-medium wp-image-2082\" src=\"https:\/\/schildwach-hexen.de\/wp-content\/uploads\/\/2022\/05\/swh22ghr8-300x225.jpg\" alt=\"\" width=\"300\" height=\"225\" srcset=\"https:\/\/schildwach-hexen.de\/wp-content\/uploads\/2022\/05\/swh22ghr8-300x225.jpg 300w, https:\/\/schildwach-hexen.de\/wp-content\/uploads\/2022\/05\/swh22ghr8-1024x768.jpg 1024w, https:\/\/schildwach-hexen.de\/wp-content\/uploads\/2022\/05\/swh22ghr8-768x576.jpg 768w, https:\/\/schildwach-hexen.de\/wp-content\/uploads\/2022\/05\/swh22ghr8-1536x1152.jpg 1536w, https:\/\/schildwach-hexen.de\/wp-content\/uploads\/2022\/05\/swh22ghr8-2048x1536.jpg 2048w\" sizes=\"auto, (max-width: 300px) 100vw, 300px\" \/><p id=\"caption-attachment-2082\" class=\"wp-caption-text\">Der aktuelle Hexenrat im Jahr 2022<\/p><\/div>\n<p>&nbsp;<\/p>\n<div class=\"mceTemp\"><\/div>\n","protected":false},"excerpt":{"rendered":"<p>Zum zweiundzwanzigsten Mal versammelte sich am Freitag, 13. Mai 2022, der Gro\u00dfe Hexenrat der Narrenzunft Schildwach-Hexen Bilfingen im Vereinssaal im Rathaus Bilfingen. Die Erste Zunftmeisterin Sabine Hofmann begr\u00fc\u00dfte die zahlreich erschienenen Mitglieder der Schildwach-Hexen. Ihr Blick ging zur\u00fcck in die Kampagne 2019 \/ 2020 und die Corona-Zeit, die auch das Vereinsleben der Schildwach-Hexen nahezu komplett [&hellip;]<\/p>\n","protected":false},"author":4,"featured_media":0,"parent":6,"menu_order":0,"comment_status":"closed","ping_status":"closed","template":"","meta":{"footnotes":""},"class_list":["post-2070","page","type-page","status-publish","hentry"],"_links":{"self":[{"href":"https:\/\/schildwach-hexen.de\/index.php?rest_route=\/wp\/v2\/pages\/2070","targetHints":{"allow":["GET"]}}],"collection":[{"href":"https:\/\/schildwach-hexen.de\/index.php?rest_route=\/wp\/v2\/pages"}],"about":[{"href":"https:\/\/schildwach-hexen.de\/index.php?rest_route=\/wp\/v2\/types\/page"}],"author":[{"embeddable":true,"href":"https:\/\/schildwach-hexen.de\/index.php?rest_route=\/wp\/v2\/users\/4"}],"replies":[{"embeddable":true,"href":"https:\/\/schildwach-hexen.de\/index.php?rest_route=%2Fwp%2Fv2%2Fcomments&post=2070"}],"version-history":[{"count":4,"href":"https:\/\/schildwach-hexen.de\/index.php?rest_route=\/wp\/v2\/pages\/2070\/revisions"}],"predecessor-version":[{"id":2089,"href":"https:\/\/schildwach-hexen.de\/index.php?rest_route=\/wp\/v2\/pages\/2070\/revisions\/2089"}],"up":[{"embeddable":true,"href":"https:\/\/schildwach-hexen.de\/index.php?rest_route=\/wp\/v2\/pages\/6"}],"wp:attachment":[{"href":"https:\/\/schildwach-hexen.de\/index.php?rest_route=%2Fwp%2Fv2%2Fmedia&parent=2070"}],"curies":[{"name":"wp","href":"https:\/\/api.w.org\/{rel}","templated":true}]}}