{"id":197,"date":"2011-09-16T21:53:33","date_gmt":"2011-09-16T19:53:33","guid":{"rendered":"http:\/\/schildwach-hexen.de\/?page_id=197"},"modified":"2014-09-25T21:19:58","modified_gmt":"2014-09-25T19:19:58","slug":"groser-hexenrat-26-03-2010","status":"publish","type":"page","link":"https:\/\/schildwach-hexen.de\/?page_id=197","title":{"rendered":"Gro\u00dfer Hexenrat 26.03.2010"},"content":{"rendered":"<p>Zum zw\u00f6lften Mal versammelte sich am Freitag, 26. M\u00e4rz 2010, der Gro\u00dfe Hexenrat der Narrenzunft Schildwach-Hexen Bilfingen im Bilfinger Haus der Vereine. Die Erste Zunftmeisterin Sabine Hofmann begr\u00fc\u00dfte die zahlreich erschienenen Mitglieder der Schildwach-Hexen und bedankte sich f\u00fcr das Engagement in der zu Ende gegangenen Kampagne.<\/p>\n<p>Textehexe Marco Frei listete noch einmal die Aktivit\u00e4ten der Kampagne auf, an deren Spitze nat\u00fcrlich die Umz\u00fcge in Schellbronn, Gr\u00f6tzingen, Freiburg und nat\u00fcrlich Bilfingen standen. Der selbst ausgerichtete Hexenball und der Bilfinger Weihnachtsmarkt bildeten weitere besondere H\u00f6hepunkte. Talerhexe Yvonne Schubert vermeldete anschlie\u00dfend ihren positiven finanziellen Lagebericht, in dem sich das Engagement aller Mitglieder noch einmal in besonderer Weise ausdr\u00fcckt. Die Kassenpr\u00fcfer bescheinigten ihr eine einwandfreie F\u00fchrung der Kasse und beantragten die Entlastung der Talerhexe, die von der Versammlung ebenso wie die Entlastung des gesamten Hexenrates einstimmig erteilt wurde. Anschlie\u00dfend wurden mit Sabrina Sch\u00f6nhardt und Philipp M\u00fcller noch zwei Probehexen offiziell als aktive Hexen bei der Narrenzunft aufgenommen und einer Satzungs\u00e4nderung zugestimmt.<\/p>\n<p>Bei den turnusgem\u00e4\u00df anstehenden Neuwahlen wurde Ralf Wessinger als Zweiter Zunftmeister, Marco Frei als Textehexe, Hans-Peter Heidt als Bauhexe, Andrea Gartner als Tanzhexe, Nadine Wenka als Ausflugshexe und Claudia Gartner als Kassenpr\u00fcferin in ihren \u00c4mtern best\u00e4tigt.<\/p>\n<p>Nach der Diskussion weiterer wichtiger Punkte und der Terminplanung f\u00fcr das kommende Jahr schloss der Gro\u00dfe Hexenrat.<\/p>\n<div id=\"attachment_232\" style=\"width: 222px\" class=\"wp-caption aligncenter\"><a href=\"http:\/\/schildwach-hexen.de\/wp-content\/uploads\/2011\/09\/swh10ghr4.jpg\"><img loading=\"lazy\" decoding=\"async\" aria-describedby=\"caption-attachment-232\" class=\"size-medium wp-image-232\" title=\"swh10ghr4\" src=\"http:\/\/schildwach-hexen.de\/wp-content\/uploads\/2011\/09\/swh10ghr4-212x300.jpg\" alt=\"\" width=\"212\" height=\"300\" srcset=\"https:\/\/schildwach-hexen.de\/wp-content\/uploads\/2011\/09\/swh10ghr4-212x300.jpg 212w, https:\/\/schildwach-hexen.de\/wp-content\/uploads\/2011\/09\/swh10ghr4-723x1024.jpg 723w, https:\/\/schildwach-hexen.de\/wp-content\/uploads\/2011\/09\/swh10ghr4.jpg 1969w\" sizes=\"auto, (max-width: 212px) 100vw, 212px\" \/><\/a><p id=\"caption-attachment-232\" class=\"wp-caption-text\">Sabrina Sch\u00f6nhardt und Philipp M\u00fcller werden nach der Probezeit in die Hexengruppe aufgenommen<\/p><\/div>\n<p>&nbsp;<\/p>\n<div id=\"attachment_233\" style=\"width: 310px\" class=\"wp-caption aligncenter\"><a href=\"http:\/\/schildwach-hexen.de\/wp-content\/uploads\/2011\/09\/swh10ghr5.jpg\"><img loading=\"lazy\" decoding=\"async\" aria-describedby=\"caption-attachment-233\" class=\"size-medium wp-image-233\" title=\"swh10ghr5\" src=\"http:\/\/schildwach-hexen.de\/wp-content\/uploads\/2011\/09\/swh10ghr5-300x264.jpg\" alt=\"\" width=\"300\" height=\"264\" srcset=\"https:\/\/schildwach-hexen.de\/wp-content\/uploads\/2011\/09\/swh10ghr5-300x264.jpg 300w, https:\/\/schildwach-hexen.de\/wp-content\/uploads\/2011\/09\/swh10ghr5-1024x902.jpg 1024w\" sizes=\"auto, (max-width: 300px) 100vw, 300px\" \/><\/a><p id=\"caption-attachment-233\" class=\"wp-caption-text\">Der Hexenrat im Jahr 2010<\/p><\/div>\n","protected":false},"excerpt":{"rendered":"<p>Zum zw\u00f6lften Mal versammelte sich am Freitag, 26. M\u00e4rz 2010, der Gro\u00dfe Hexenrat der Narrenzunft Schildwach-Hexen Bilfingen im Bilfinger Haus der Vereine. Die Erste Zunftmeisterin Sabine Hofmann begr\u00fc\u00dfte die zahlreich erschienenen Mitglieder der Schildwach-Hexen und bedankte sich f\u00fcr das Engagement in der zu Ende gegangenen Kampagne. Textehexe Marco Frei listete noch einmal die Aktivit\u00e4ten der [&hellip;]<\/p>\n","protected":false},"author":1,"featured_media":0,"parent":6,"menu_order":0,"comment_status":"closed","ping_status":"closed","template":"","meta":{"footnotes":""},"class_list":["post-197","page","type-page","status-publish","hentry"],"_links":{"self":[{"href":"https:\/\/schildwach-hexen.de\/index.php?rest_route=\/wp\/v2\/pages\/197","targetHints":{"allow":["GET"]}}],"collection":[{"href":"https:\/\/schildwach-hexen.de\/index.php?rest_route=\/wp\/v2\/pages"}],"about":[{"href":"https:\/\/schildwach-hexen.de\/index.php?rest_route=\/wp\/v2\/types\/page"}],"author":[{"embeddable":true,"href":"https:\/\/schildwach-hexen.de\/index.php?rest_route=\/wp\/v2\/users\/1"}],"replies":[{"embeddable":true,"href":"https:\/\/schildwach-hexen.de\/index.php?rest_route=%2Fwp%2Fv2%2Fcomments&post=197"}],"version-history":[{"count":6,"href":"https:\/\/schildwach-hexen.de\/index.php?rest_route=\/wp\/v2\/pages\/197\/revisions"}],"predecessor-version":[{"id":1010,"href":"https:\/\/schildwach-hexen.de\/index.php?rest_route=\/wp\/v2\/pages\/197\/revisions\/1010"}],"up":[{"embeddable":true,"href":"https:\/\/schildwach-hexen.de\/index.php?rest_route=\/wp\/v2\/pages\/6"}],"wp:attachment":[{"href":"https:\/\/schildwach-hexen.de\/index.php?rest_route=%2Fwp%2Fv2%2Fmedia&parent=197"}],"curies":[{"name":"wp","href":"https:\/\/api.w.org\/{rel}","templated":true}]}}