{"id":194,"date":"2011-09-16T21:51:00","date_gmt":"2011-09-16T19:51:00","guid":{"rendered":"http:\/\/schildwach-hexen.de\/?page_id=194"},"modified":"2014-09-25T21:17:17","modified_gmt":"2014-09-25T19:17:17","slug":"groser-hexenrat-03-04-2009","status":"publish","type":"page","link":"https:\/\/schildwach-hexen.de\/?page_id=194","title":{"rendered":"Gro\u00dfer Hexenrat 03.04.2009"},"content":{"rendered":"<p>Zum elften Mal versammelte sich am Freitag, 3. April 2009, der Gro\u00dfe Hexenrat der Narrenzunft Schildwach-Hexen Bilfingen im Bilfinger Haus der Vereine. Die Erste Zunftmeisterin Sabine Hofmann begr\u00fc\u00dfte die zahlreich erschienenen Mitglieder der Schildwach-Hexen und bedankte sich f\u00fcr das Engagement in der zu Ende gegangenen Kampagne.<\/p>\n<p>Textehexe Marco Frei listete noch einmal die Aktivit\u00e4ten der Kampagne auf, an deren Spitze nat\u00fcrlich die Umz\u00fcge in Schellbronn, Gr\u00f6tzingen, Freiburg und nat\u00fcrlich Bilfingen standen. Der selbst ausgerichtete Hexenball und der Bilfinger Weihnachtsmarkt bildeten weitere besondere H\u00f6hepunkte. Talerhexe Yvonne Schubert vermeldete anschlie\u00dfend einen positiven finanziellen Lagebericht, in dem sich das Engagement aller Mitglieder noch einmal in besonderer Weise ausdr\u00fcckt. Die Kassenpr\u00fcfer bescheinigten ihr eine einwandfreie F\u00fchrung der Kasse und beantragten die Entlastung der Talerhexe, die von der Versammlung ebenso wie die Entlastung des gesamten Hexenrates einstimmig erteilt wurde. Anschlie\u00dfend wurde noch eine Nachwuchshexe offiziell als aktive Hexe bei der Narrenzunft aufgenommen.<\/p>\n<p>Bei den turnusgem\u00e4\u00df anstehenden Neuwahlen wurden Sabine Hofmann als Erste Zunftmeisterin, Yvonne Schubert als Talerhexe, Vroni Bechtold als Stoffhexe und Thomas Kr\u00e4h als Kassenpr\u00fcfer in ihren \u00c4mtern best\u00e4tigt.<\/p>\n<p>Nach der Diskussion weiterer wichtiger Punkte und der Terminplanung f\u00fcr das kommende Jahr schloss der Gro\u00dfe Hexenrat.\u00a0<\/p>\n<div id=\"attachment_248\" style=\"width: 310px\" class=\"wp-caption aligncenter\"><a href=\"http:\/\/schildwach-hexen.de\/wp-content\/uploads\/2011\/09\/swh09ghr4.jpg\"><img loading=\"lazy\" decoding=\"async\" aria-describedby=\"caption-attachment-248\" class=\"size-medium wp-image-248\" title=\"swh09ghr4\" src=\"http:\/\/schildwach-hexen.de\/wp-content\/uploads\/2011\/09\/swh09ghr4-300x265.jpg\" alt=\"\" width=\"300\" height=\"265\" srcset=\"https:\/\/schildwach-hexen.de\/wp-content\/uploads\/2011\/09\/swh09ghr4-300x265.jpg 300w, https:\/\/schildwach-hexen.de\/wp-content\/uploads\/2011\/09\/swh09ghr4-1024x904.jpg 1024w\" sizes=\"auto, (max-width: 300px) 100vw, 300px\" \/><\/a><p id=\"caption-attachment-248\" class=\"wp-caption-text\">Der Hexenrat im Jahr 2009<\/p><\/div>\n","protected":false},"excerpt":{"rendered":"<p>Zum elften Mal versammelte sich am Freitag, 3. April 2009, der Gro\u00dfe Hexenrat der Narrenzunft Schildwach-Hexen Bilfingen im Bilfinger Haus der Vereine. Die Erste Zunftmeisterin Sabine Hofmann begr\u00fc\u00dfte die zahlreich erschienenen Mitglieder der Schildwach-Hexen und bedankte sich f\u00fcr das Engagement in der zu Ende gegangenen Kampagne. Textehexe Marco Frei listete noch einmal die Aktivit\u00e4ten der [&hellip;]<\/p>\n","protected":false},"author":1,"featured_media":0,"parent":6,"menu_order":0,"comment_status":"closed","ping_status":"closed","template":"","meta":{"footnotes":""},"class_list":["post-194","page","type-page","status-publish","hentry"],"_links":{"self":[{"href":"https:\/\/schildwach-hexen.de\/index.php?rest_route=\/wp\/v2\/pages\/194","targetHints":{"allow":["GET"]}}],"collection":[{"href":"https:\/\/schildwach-hexen.de\/index.php?rest_route=\/wp\/v2\/pages"}],"about":[{"href":"https:\/\/schildwach-hexen.de\/index.php?rest_route=\/wp\/v2\/types\/page"}],"author":[{"embeddable":true,"href":"https:\/\/schildwach-hexen.de\/index.php?rest_route=\/wp\/v2\/users\/1"}],"replies":[{"embeddable":true,"href":"https:\/\/schildwach-hexen.de\/index.php?rest_route=%2Fwp%2Fv2%2Fcomments&post=194"}],"version-history":[{"count":5,"href":"https:\/\/schildwach-hexen.de\/index.php?rest_route=\/wp\/v2\/pages\/194\/revisions"}],"predecessor-version":[{"id":1005,"href":"https:\/\/schildwach-hexen.de\/index.php?rest_route=\/wp\/v2\/pages\/194\/revisions\/1005"}],"up":[{"embeddable":true,"href":"https:\/\/schildwach-hexen.de\/index.php?rest_route=\/wp\/v2\/pages\/6"}],"wp:attachment":[{"href":"https:\/\/schildwach-hexen.de\/index.php?rest_route=%2Fwp%2Fv2%2Fmedia&parent=194"}],"curies":[{"name":"wp","href":"https:\/\/api.w.org\/{rel}","templated":true}]}}