{"id":1740,"date":"2019-01-26T10:52:18","date_gmt":"2019-01-26T08:52:18","guid":{"rendered":"http:\/\/schildwach-hexen.de\/?page_id=1740"},"modified":"2019-04-14T15:22:45","modified_gmt":"2019-04-14T13:22:45","slug":"grosser-hexenrat-13-04-2019","status":"publish","type":"page","link":"https:\/\/schildwach-hexen.de\/?page_id=1740","title":{"rendered":"Gro\u00dfer Hexenrat 13.04.2019"},"content":{"rendered":"<p>Zum einundzwanzigsten Mal versammelte sich am Samstag, 13. April 2019, der Gro\u00dfe Hexenrat der Narrenzunft Schildwach-Hexen Bilfingen im Bilfinger Haus der Vereine. Die Erste Zunftmeisterin Sabine Hofmann begr\u00fc\u00dfte die zahlreich erschienenen Mitglieder der Schildwach-Hexen und bedankte sich f\u00fcr das Engagement in der zu Ende gegangenen Kampagne.<\/p>\n<p>Textehexe Marco Frei listete noch einmal die Aktivit\u00e4ten der Kampagne auf, an deren Spitze die Umz\u00fcge in Schellbronn, Gr\u00f6tzingen, Freiburg und vor allem Bilfingen standen. Der selbst ausgerichtete Hexenball und der Bilfinger Weihnachtsmarkt bildeten weitere besondere H\u00f6hepunkte. Talerhexe Yvonne Schubert vermeldete anschlie\u00dfend ihren positiven finanziellen Lagebericht, in dem sich das Engagement aller Mitglieder noch einmal in besonderer Weise ausdr\u00fcckt. Die Kassenpr\u00fcfer bescheinigten ihr eine einwandfreie F\u00fchrung der Kasse und beantragten die Entlastung der Talerhexe, die von der Versammlung ebenso wie die Entlastung des gesamten Hexenrates einstimmig erteilt wurde. Anschlie\u00dfend wurde Probehexe Sara Lichtenfels offiziell als aktive Hexe bei der Narrenzunft aufgenommen. Ralf Wessinger und Marco Frei wurden f\u00fcr 22 Jahre Mitgliedschaft zur Ehrenhexe ernannt.<\/p>\n<p>Bei den turnusgem\u00e4\u00df anstehenden Neuwahlen wurden Sabine Hofmann als Erste Zunftmeisterin, Yvonne Schubert als Talerhexe, Bettina Piaskovy-Otto als Stoffhexe und Dorit Stumpe als Kassenpr\u00fcferin in ihren \u00c4mtern best\u00e4tigt.<\/p>\n<p>Nach der Diskussion weiterer wichtiger Punkte und der Terminplanung f\u00fcr das kommende Jahr schloss der Gro\u00dfe Hexenrat.<\/p>\n<p>&nbsp;<\/p>\n<div id=\"attachment_1842\" style=\"width: 235px\" class=\"wp-caption alignnone\"><a href=\"http:\/\/schildwach-hexen.de\/wp-content\/uploads\/2019\/04\/swh19grhr06-e1555247763873.jpg\"><img loading=\"lazy\" decoding=\"async\" aria-describedby=\"caption-attachment-1842\" class=\"size-medium wp-image-1842\" src=\"http:\/\/schildwach-hexen.de\/wp-content\/uploads\/2019\/04\/swh19grhr06-e1555247763873-225x300.jpg\" alt=\"\" width=\"225\" height=\"300\" srcset=\"https:\/\/schildwach-hexen.de\/wp-content\/uploads\/2019\/04\/swh19grhr06-e1555247763873-225x300.jpg 225w, https:\/\/schildwach-hexen.de\/wp-content\/uploads\/2019\/04\/swh19grhr06-e1555247763873-768x1024.jpg 768w\" sizes=\"auto, (max-width: 225px) 100vw, 225px\" \/><\/a><p id=\"caption-attachment-1842\" class=\"wp-caption-text\">Sara Lichtenfels bekommet von Sabine Hofmann ihre Aufnahmeurkunde<\/p><\/div>\n<p>&nbsp;<\/p>\n<div id=\"attachment_1843\" style=\"width: 310px\" class=\"wp-caption alignnone\"><a href=\"http:\/\/schildwach-hexen.de\/wp-content\/uploads\/2019\/04\/swh19grhr08.jpg\"><img loading=\"lazy\" decoding=\"async\" aria-describedby=\"caption-attachment-1843\" class=\"size-medium wp-image-1843\" src=\"http:\/\/schildwach-hexen.de\/wp-content\/uploads\/2019\/04\/swh19grhr08-300x225.jpg\" alt=\"\" width=\"300\" height=\"225\" srcset=\"https:\/\/schildwach-hexen.de\/wp-content\/uploads\/2019\/04\/swh19grhr08-300x225.jpg 300w, https:\/\/schildwach-hexen.de\/wp-content\/uploads\/2019\/04\/swh19grhr08-768x576.jpg 768w, https:\/\/schildwach-hexen.de\/wp-content\/uploads\/2019\/04\/swh19grhr08-1024x768.jpg 1024w\" sizes=\"auto, (max-width: 300px) 100vw, 300px\" \/><\/a><p id=\"caption-attachment-1843\" class=\"wp-caption-text\">Ralf Wessinger und Marco Frei werden zu Ehrenhexen der Schildwach-Hexen ernannt<\/p><\/div>\n<p>&nbsp;<\/p>\n<div id=\"attachment_1840\" style=\"width: 310px\" class=\"wp-caption alignnone\"><a href=\"http:\/\/schildwach-hexen.de\/wp-content\/uploads\/2019\/04\/swh19grhr12.jpg\"><img loading=\"lazy\" decoding=\"async\" aria-describedby=\"caption-attachment-1840\" class=\"size-medium wp-image-1840\" src=\"http:\/\/schildwach-hexen.de\/wp-content\/uploads\/2019\/04\/swh19grhr12-300x225.jpg\" alt=\"\" width=\"300\" height=\"225\" srcset=\"https:\/\/schildwach-hexen.de\/wp-content\/uploads\/2019\/04\/swh19grhr12-300x225.jpg 300w, https:\/\/schildwach-hexen.de\/wp-content\/uploads\/2019\/04\/swh19grhr12-768x576.jpg 768w, https:\/\/schildwach-hexen.de\/wp-content\/uploads\/2019\/04\/swh19grhr12-1024x768.jpg 1024w\" sizes=\"auto, (max-width: 300px) 100vw, 300px\" \/><\/a><p id=\"caption-attachment-1840\" class=\"wp-caption-text\">Der aktuelle Hexenrat im Jahr 2019<\/p><\/div>\n","protected":false},"excerpt":{"rendered":"<p>Zum einundzwanzigsten Mal versammelte sich am Samstag, 13. April 2019, der Gro\u00dfe Hexenrat der Narrenzunft Schildwach-Hexen Bilfingen im Bilfinger Haus der Vereine. Die Erste Zunftmeisterin Sabine Hofmann begr\u00fc\u00dfte die zahlreich erschienenen Mitglieder der Schildwach-Hexen und bedankte sich f\u00fcr das Engagement in der zu Ende gegangenen Kampagne. Textehexe Marco Frei listete noch einmal die Aktivit\u00e4ten der [&hellip;]<\/p>\n","protected":false},"author":1,"featured_media":0,"parent":6,"menu_order":0,"comment_status":"closed","ping_status":"closed","template":"","meta":{"footnotes":""},"class_list":["post-1740","page","type-page","status-publish","hentry"],"_links":{"self":[{"href":"https:\/\/schildwach-hexen.de\/index.php?rest_route=\/wp\/v2\/pages\/1740","targetHints":{"allow":["GET"]}}],"collection":[{"href":"https:\/\/schildwach-hexen.de\/index.php?rest_route=\/wp\/v2\/pages"}],"about":[{"href":"https:\/\/schildwach-hexen.de\/index.php?rest_route=\/wp\/v2\/types\/page"}],"author":[{"embeddable":true,"href":"https:\/\/schildwach-hexen.de\/index.php?rest_route=\/wp\/v2\/users\/1"}],"replies":[{"embeddable":true,"href":"https:\/\/schildwach-hexen.de\/index.php?rest_route=%2Fwp%2Fv2%2Fcomments&post=1740"}],"version-history":[{"count":5,"href":"https:\/\/schildwach-hexen.de\/index.php?rest_route=\/wp\/v2\/pages\/1740\/revisions"}],"predecessor-version":[{"id":1846,"href":"https:\/\/schildwach-hexen.de\/index.php?rest_route=\/wp\/v2\/pages\/1740\/revisions\/1846"}],"up":[{"embeddable":true,"href":"https:\/\/schildwach-hexen.de\/index.php?rest_route=\/wp\/v2\/pages\/6"}],"wp:attachment":[{"href":"https:\/\/schildwach-hexen.de\/index.php?rest_route=%2Fwp%2Fv2%2Fmedia&parent=1740"}],"curies":[{"name":"wp","href":"https:\/\/api.w.org\/{rel}","templated":true}]}}