{"id":1577,"date":"2017-12-13T18:44:46","date_gmt":"2017-12-13T16:44:46","guid":{"rendered":"http:\/\/schildwach-hexen.de\/?page_id=1577"},"modified":"2019-03-14T14:41:51","modified_gmt":"2019-03-14T12:41:51","slug":"grosser-hexenrat-13-04-2018","status":"publish","type":"page","link":"https:\/\/schildwach-hexen.de\/?page_id=1577","title":{"rendered":"Gro\u00dfer Hexenrat 13.04.2018"},"content":{"rendered":"<p>Zum zwanzigsten Mal versammelte sich am Freitag, 13. April 2018, der Gro\u00dfe Hexenrat der Narrenzunft Schildwach-Hexen Bilfingen im Bilfinger Haus der Vereine. Die Erste Zunftmeisterin Sabine Hofmann begr\u00fc\u00dfte die zahlreich erschienenen Mitglieder der Schildwach-Hexen und bedankte sich f\u00fcr das Engagement in der zu Ende gegangenen Kampagne.<\/p>\n<p>Textehexe Marco Frei listete noch einmal die Aktivit\u00e4ten der Kampagne auf, an deren Spitze die Umz\u00fcge in Schellbronn, Gr\u00f6tzingen, Freiburg und vor allem Bilfingen standen. Der selbst ausgerichtete Hexenball und der Bilfinger Weihnachtsmarkt bildeten weitere besondere H\u00f6hepunkte. Talerhexe Yvonne Schubert vermeldete anschlie\u00dfend ihren positiven finanziellen Lagebericht, in dem sich das Engagement aller Mitglieder noch einmal in besonderer Weise ausdr\u00fcckt. Die Kassenpr\u00fcfer bescheinigten ihr eine einwandfreie F\u00fchrung der Kasse und beantragten die Entlastung der Talerhexe, die von der Versammlung ebenso wie die Entlastung des gesamten Hexenrates einstimmig erteilt wurde. Anschlie\u00dfend wurde Probehexe Jan Gartner offiziell als aktive Hexe bei der Narrenzunft aufgenommen. Andrea Gartner wurde f\u00fcr 22 Jahre Mitgliedschaft zur Ehrenhexe ernannt.<\/p>\n<p>Bei den turnusgem\u00e4\u00df anstehenden Neuwahlen wurden Ralf Wessinger als Zweiter Zunftmeister, Marco Frei als Textehexe, Thomas Gartner als Bauhexe, Sabrina Gartner als Tanzhexe, Kira Seyffarth als Ausflugshexe und Claudia Ehinger als Kassenpr\u00fcferin in ihren \u00c4mtern best\u00e4tigt.<\/p>\n<p>Nach der Diskussion weiterer wichtiger Punkte und der Terminplanung f\u00fcr das kommende Jahr schloss der Gro\u00dfe Hexenrat.<\/p>\n<div id=\"attachment_1655\" style=\"width: 235px\" class=\"wp-caption alignnone\"><a href=\"http:\/\/schildwach-hexen.de\/wp-content\/uploads\/2018\/04\/swh18ghr09-e1523689325314.jpg\"><img loading=\"lazy\" decoding=\"async\" aria-describedby=\"caption-attachment-1655\" class=\"size-medium wp-image-1655\" src=\"http:\/\/schildwach-hexen.de\/wp-content\/uploads\/2018\/04\/swh18ghr09-e1523689325314-225x300.jpg\" alt=\"\" width=\"225\" height=\"300\" srcset=\"https:\/\/schildwach-hexen.de\/wp-content\/uploads\/2018\/04\/swh18ghr09-e1523689325314-225x300.jpg 225w, https:\/\/schildwach-hexen.de\/wp-content\/uploads\/2018\/04\/swh18ghr09-e1523689325314-768x1024.jpg 768w\" sizes=\"auto, (max-width: 225px) 100vw, 225px\" \/><\/a><p id=\"caption-attachment-1655\" class=\"wp-caption-text\">Jan Gartner bekommet von Sabine Hofmann seine Aufnahmeurkunde<\/p><\/div>\n<div id=\"attachment_1656\" style=\"width: 310px\" class=\"wp-caption alignnone\"><a href=\"http:\/\/schildwach-hexen.de\/wp-content\/uploads\/2018\/04\/swh18ghr10.jpg\"><img loading=\"lazy\" decoding=\"async\" aria-describedby=\"caption-attachment-1656\" class=\"size-medium wp-image-1656\" src=\"http:\/\/schildwach-hexen.de\/wp-content\/uploads\/2018\/04\/swh18ghr10-300x225.jpg\" alt=\"\" width=\"300\" height=\"225\" srcset=\"https:\/\/schildwach-hexen.de\/wp-content\/uploads\/2018\/04\/swh18ghr10-300x225.jpg 300w, https:\/\/schildwach-hexen.de\/wp-content\/uploads\/2018\/04\/swh18ghr10-768x576.jpg 768w, https:\/\/schildwach-hexen.de\/wp-content\/uploads\/2018\/04\/swh18ghr10-1024x768.jpg 1024w\" sizes=\"auto, (max-width: 300px) 100vw, 300px\" \/><\/a><p id=\"caption-attachment-1656\" class=\"wp-caption-text\">Andrea Gartner wird zur Ehrenhexe der Schildwach-Hexen ernannt<\/p><\/div>\n<div id=\"attachment_1657\" style=\"width: 310px\" class=\"wp-caption alignnone\"><a href=\"http:\/\/schildwach-hexen.de\/wp-content\/uploads\/2018\/04\/swh18ghr11.jpg\"><img loading=\"lazy\" decoding=\"async\" aria-describedby=\"caption-attachment-1657\" class=\"size-medium wp-image-1657\" src=\"http:\/\/schildwach-hexen.de\/wp-content\/uploads\/2018\/04\/swh18ghr11-300x225.jpg\" alt=\"\" width=\"300\" height=\"225\" srcset=\"https:\/\/schildwach-hexen.de\/wp-content\/uploads\/2018\/04\/swh18ghr11-300x225.jpg 300w, https:\/\/schildwach-hexen.de\/wp-content\/uploads\/2018\/04\/swh18ghr11-768x576.jpg 768w, https:\/\/schildwach-hexen.de\/wp-content\/uploads\/2018\/04\/swh18ghr11-1024x768.jpg 1024w\" sizes=\"auto, (max-width: 300px) 100vw, 300px\" \/><\/a><p id=\"caption-attachment-1657\" class=\"wp-caption-text\">Der aktuelle Hexenrat im Jahr 2018<\/p><\/div>\n<p>&nbsp;<\/p>\n<p>&nbsp;<\/p>\n","protected":false},"excerpt":{"rendered":"<p>Zum zwanzigsten Mal versammelte sich am Freitag, 13. April 2018, der Gro\u00dfe Hexenrat der Narrenzunft Schildwach-Hexen Bilfingen im Bilfinger Haus der Vereine. Die Erste Zunftmeisterin Sabine Hofmann begr\u00fc\u00dfte die zahlreich erschienenen Mitglieder der Schildwach-Hexen und bedankte sich f\u00fcr das Engagement in der zu Ende gegangenen Kampagne. Textehexe Marco Frei listete noch einmal die Aktivit\u00e4ten der [&hellip;]<\/p>\n","protected":false},"author":1,"featured_media":0,"parent":6,"menu_order":0,"comment_status":"closed","ping_status":"closed","template":"","meta":{"footnotes":""},"class_list":["post-1577","page","type-page","status-publish","hentry"],"_links":{"self":[{"href":"https:\/\/schildwach-hexen.de\/index.php?rest_route=\/wp\/v2\/pages\/1577","targetHints":{"allow":["GET"]}}],"collection":[{"href":"https:\/\/schildwach-hexen.de\/index.php?rest_route=\/wp\/v2\/pages"}],"about":[{"href":"https:\/\/schildwach-hexen.de\/index.php?rest_route=\/wp\/v2\/types\/page"}],"author":[{"embeddable":true,"href":"https:\/\/schildwach-hexen.de\/index.php?rest_route=\/wp\/v2\/users\/1"}],"replies":[{"embeddable":true,"href":"https:\/\/schildwach-hexen.de\/index.php?rest_route=%2Fwp%2Fv2%2Fcomments&post=1577"}],"version-history":[{"count":5,"href":"https:\/\/schildwach-hexen.de\/index.php?rest_route=\/wp\/v2\/pages\/1577\/revisions"}],"predecessor-version":[{"id":1817,"href":"https:\/\/schildwach-hexen.de\/index.php?rest_route=\/wp\/v2\/pages\/1577\/revisions\/1817"}],"up":[{"embeddable":true,"href":"https:\/\/schildwach-hexen.de\/index.php?rest_route=\/wp\/v2\/pages\/6"}],"wp:attachment":[{"href":"https:\/\/schildwach-hexen.de\/index.php?rest_route=%2Fwp%2Fv2%2Fmedia&parent=1577"}],"curies":[{"name":"wp","href":"https:\/\/api.w.org\/{rel}","templated":true}]}}