{"id":145,"date":"2011-09-16T18:00:04","date_gmt":"2011-09-16T16:00:04","guid":{"rendered":"http:\/\/schildwach-hexen.de\/?page_id=145"},"modified":"2014-09-25T21:19:20","modified_gmt":"2014-09-25T19:19:20","slug":"groser-hexenrat-15-04-2011","status":"publish","type":"page","link":"https:\/\/schildwach-hexen.de\/?page_id=145","title":{"rendered":"Gro\u00dfer Hexenrat 15.04.2011"},"content":{"rendered":"<p>Zum dreizehnten Mal versammelte sich am Freitag, 15. April 2011, der Gro\u00dfe Hexenrat der Narrenzunft Schildwach-Hexen Bilfingen im Bilfinger Haus der Vereine. Die Erste Zunftmeisterin Sabine Hofmann begr\u00fc\u00dfte die zahlreich erschienenen Mitglieder der Schildwach-Hexen und bedankte sich f\u00fcr das Engagement in der zu Ende gegangenen Kampagne.\u00a0<\/p>\n<p>Textehexe Marco Frei listete noch einmal die Aktivit\u00e4ten der Kampagne auf, an deren Spitze nat\u00fcrlich die Umz\u00fcge in Speyer, Gr\u00f6tzingen, Freiburg und nat\u00fcrlich Bilfingen standen. Der selbst ausgerichtete Hexenball und der Bilfinger Weihnachtsmarkt bildeten weitere besondere H\u00f6hepunkte. Talerhexe Yvonne Schubert vermeldete anschlie\u00dfend ihren positiven finanziellen Lagebericht, in dem sich das Engagement aller Mitglieder noch einmal in besonderer Weise ausdr\u00fcckt. Die Kassenpr\u00fcfer bescheinigten ihr eine einwandfreie F\u00fchrung der Kasse und beantragten die Entlastung der Talerhexe, die von der Versammlung ebenso wie die Entlastung des gesamten Hexenrates einstimmig erteilt wurde. Aus dem Hexenrat verabschiedet wurde Vroni Bechtold, die nach vier Jahren als Kassenpr\u00fcferin \u00fcber acht Jahre als Stoffhexe f\u00fcr alle Fragen rund um das H\u00e4s der Schildwach-Hexen verantwortlich war.<\/p>\n<p>Bei den turnusgem\u00e4\u00df anstehenden Neuwahlen wurde Sabine Hofmann als Erste Zunftmeisterin, Yvonne Schubert als Talerhexe und Thomas Kr\u00e4h als Kassenpr\u00fcfer in ihren \u00c4mtern best\u00e4tigt. Bettina Piaskovy-Otto wurde zur neuen Stoffhexe gew\u00e4hlt.<\/p>\n<p>Nach der Diskussion weiterer wichtiger Punkte und der Terminplanung f\u00fcr das kommende Jahr schloss der Gro\u00dfe Hexenrat.<\/p>\n<div id=\"attachment_147\" style=\"width: 310px\" class=\"wp-caption aligncenter\"><a href=\"http:\/\/schildwach-hexen.de\/wp-content\/uploads\/2011\/09\/swhghr2011-04.jpg\"><img loading=\"lazy\" decoding=\"async\" aria-describedby=\"caption-attachment-147\" class=\"size-medium wp-image-147\" title=\"swhghr2011 04\" src=\"http:\/\/schildwach-hexen.de\/wp-content\/uploads\/2011\/09\/swhghr2011-04-300x225.jpg\" alt=\"\" width=\"300\" height=\"225\" srcset=\"https:\/\/schildwach-hexen.de\/wp-content\/uploads\/2011\/09\/swhghr2011-04-300x225.jpg 300w, https:\/\/schildwach-hexen.de\/wp-content\/uploads\/2011\/09\/swhghr2011-04-1024x768.jpg 1024w\" sizes=\"auto, (max-width: 300px) 100vw, 300px\" \/><\/a><p id=\"caption-attachment-147\" class=\"wp-caption-text\">Der aktuelle Hexenrat im Jahr 2011<\/p><\/div>\n<p>&nbsp;<\/p>\n<div id=\"attachment_148\" style=\"width: 310px\" class=\"wp-caption aligncenter\"><a href=\"http:\/\/schildwach-hexen.de\/wp-content\/uploads\/2011\/09\/swhghr2011-07.jpg\"><img loading=\"lazy\" decoding=\"async\" aria-describedby=\"caption-attachment-148\" class=\"size-medium wp-image-148\" title=\"swhghr2011 07\" src=\"http:\/\/schildwach-hexen.de\/wp-content\/uploads\/2011\/09\/swhghr2011-07-300x225.jpg\" alt=\"\" width=\"300\" height=\"225\" srcset=\"https:\/\/schildwach-hexen.de\/wp-content\/uploads\/2011\/09\/swhghr2011-07-300x225.jpg 300w, https:\/\/schildwach-hexen.de\/wp-content\/uploads\/2011\/09\/swhghr2011-07-1024x768.jpg 1024w\" sizes=\"auto, (max-width: 300px) 100vw, 300px\" \/><\/a><p id=\"caption-attachment-148\" class=\"wp-caption-text\">Stoffhexe Vroni Bechtold wird von Sabine Hofmann verabschiedet<\/p><\/div>\n","protected":false},"excerpt":{"rendered":"<p>Zum dreizehnten Mal versammelte sich am Freitag, 15. April 2011, der Gro\u00dfe Hexenrat der Narrenzunft Schildwach-Hexen Bilfingen im Bilfinger Haus der Vereine. Die Erste Zunftmeisterin Sabine Hofmann begr\u00fc\u00dfte die zahlreich erschienenen Mitglieder der Schildwach-Hexen und bedankte sich f\u00fcr das Engagement in der zu Ende gegangenen Kampagne.\u00a0 Textehexe Marco Frei listete noch einmal die Aktivit\u00e4ten der [&hellip;]<\/p>\n","protected":false},"author":1,"featured_media":0,"parent":6,"menu_order":0,"comment_status":"closed","ping_status":"closed","template":"","meta":{"footnotes":""},"class_list":["post-145","page","type-page","status-publish","hentry"],"_links":{"self":[{"href":"https:\/\/schildwach-hexen.de\/index.php?rest_route=\/wp\/v2\/pages\/145","targetHints":{"allow":["GET"]}}],"collection":[{"href":"https:\/\/schildwach-hexen.de\/index.php?rest_route=\/wp\/v2\/pages"}],"about":[{"href":"https:\/\/schildwach-hexen.de\/index.php?rest_route=\/wp\/v2\/types\/page"}],"author":[{"embeddable":true,"href":"https:\/\/schildwach-hexen.de\/index.php?rest_route=\/wp\/v2\/users\/1"}],"replies":[{"embeddable":true,"href":"https:\/\/schildwach-hexen.de\/index.php?rest_route=%2Fwp%2Fv2%2Fcomments&post=145"}],"version-history":[{"count":7,"href":"https:\/\/schildwach-hexen.de\/index.php?rest_route=\/wp\/v2\/pages\/145\/revisions"}],"predecessor-version":[{"id":1009,"href":"https:\/\/schildwach-hexen.de\/index.php?rest_route=\/wp\/v2\/pages\/145\/revisions\/1009"}],"up":[{"embeddable":true,"href":"https:\/\/schildwach-hexen.de\/index.php?rest_route=\/wp\/v2\/pages\/6"}],"wp:attachment":[{"href":"https:\/\/schildwach-hexen.de\/index.php?rest_route=%2Fwp%2Fv2%2Fmedia&parent=145"}],"curies":[{"name":"wp","href":"https:\/\/api.w.org\/{rel}","templated":true}]}}