{"id":1281,"date":"2016-04-16T09:16:01","date_gmt":"2016-04-16T07:16:01","guid":{"rendered":"http:\/\/schildwach-hexen.de\/?page_id=1281"},"modified":"2016-04-16T09:23:03","modified_gmt":"2016-04-16T07:23:03","slug":"grosser-hexenrat-15-04-2016","status":"publish","type":"page","link":"https:\/\/schildwach-hexen.de\/?page_id=1281","title":{"rendered":"Gro\u00dfer Hexenrat 15.04.2016"},"content":{"rendered":"<p>Zum achtzehnten Mal versammelte sich am Freitag, 15. April 2016, der Gro\u00dfe Hexenrat der Narrenzunft Schildwach-Hexen Bilfingen im Bilfinger Haus der Vereine. Die Erste Zunftmeisterin Sabine Hofmann begr\u00fc\u00dfte die zahlreich erschienenen Mitglieder der Schildwach-Hexen und bedankte sich f\u00fcr das Engagement in der zu Ende gegangenen Kampagne.<\/p>\n<p>Textehexe Marco Frei listete noch einmal die Aktivit\u00e4ten der Kampagne auf, an deren Spitze die Umz\u00fcge in Schellbronn, Gr\u00f6tzingen, Freiburg und vor allem Bilfingen standen. Der selbst ausgerichtete Hexenball und der Bilfinger Weihnachtsmarkt bildeten weitere besondere H\u00f6hepunkte. Talerhexe Yvonne Schubert vermeldete anschlie\u00dfend ihren positiven finanziellen Lagebericht, in dem sich das Engagement aller Mitglieder noch einmal in besonderer Weise ausdr\u00fcckt. Die Kassenpr\u00fcfer bescheinigten ihr eine einwandfreie F\u00fchrung der Kasse und beantragten die Entlastung der Talerhexe, die von der Versammlung ebenso wie die Entlastung des gesamten Hexenrates einstimmig erteilt wurde. Anschlie\u00dfend wurde Probehexe Christine Meeh offiziell als aktive Hexe bei der Narrenzunft aufgenommen.<\/p>\n<p>Bei den turnusgem\u00e4\u00df anstehenden Neuwahlen wurden Ralf Wessinger als Zweiter Zunftmeister, Marco Frei als Textehexe, Thomas Gartner als Bauhexe, Sabrina Sch\u00f6nhardt als Tanzhexe, Kira Seyffarth als Ausflugshexe und Claudia Ehinger als Kassenpr\u00fcferin in ihren \u00c4mtern best\u00e4tigt.<\/p>\n<p>Nach der Diskussion weiterer wichtiger Punkte und der Terminplanung f\u00fcr das kommende Jahr schloss der Gro\u00dfe Hexenrat.<\/p>\n<div id=\"attachment_1288\" style=\"width: 235px\" class=\"wp-caption alignleft\"><img loading=\"lazy\" decoding=\"async\" aria-describedby=\"caption-attachment-1288\" class=\"size-medium wp-image-1288\" src=\"http:\/\/schildwach-hexen.de\/wp-content\/uploads\/2016\/04\/swh16grhr5-e1460791283693-225x300.jpg\" alt=\"Christine Meeh bei der letzten Bew\u00e4hrungsprobe\" width=\"225\" height=\"300\" srcset=\"https:\/\/schildwach-hexen.de\/wp-content\/uploads\/2016\/04\/swh16grhr5-e1460791283693-225x300.jpg 225w, https:\/\/schildwach-hexen.de\/wp-content\/uploads\/2016\/04\/swh16grhr5-e1460791283693-768x1024.jpg 768w\" sizes=\"auto, (max-width: 225px) 100vw, 225px\" \/><p id=\"caption-attachment-1288\" class=\"wp-caption-text\">Christine Meeh bei der letzten Bew\u00e4hrungsprobe<\/p><\/div>\n<p>&nbsp;<\/p>\n<div id=\"attachment_1285\" style=\"width: 268px\" class=\"wp-caption alignleft\"><img loading=\"lazy\" decoding=\"async\" aria-describedby=\"caption-attachment-1285\" class=\"size-medium wp-image-1285\" src=\"http:\/\/schildwach-hexen.de\/wp-content\/uploads\/2016\/04\/swh16grhr8-258x300.jpg\" alt=\"Christine Meeh bekommt von Sabine Hofmann ihre Aufnahmeurkunde\" width=\"258\" height=\"300\" srcset=\"https:\/\/schildwach-hexen.de\/wp-content\/uploads\/2016\/04\/swh16grhr8-258x300.jpg 258w, https:\/\/schildwach-hexen.de\/wp-content\/uploads\/2016\/04\/swh16grhr8-768x893.jpg 768w, https:\/\/schildwach-hexen.de\/wp-content\/uploads\/2016\/04\/swh16grhr8-881x1024.jpg 881w, https:\/\/schildwach-hexen.de\/wp-content\/uploads\/2016\/04\/swh16grhr8.jpg 1454w\" sizes=\"auto, (max-width: 258px) 100vw, 258px\" \/><p id=\"caption-attachment-1285\" class=\"wp-caption-text\">Christine Meeh bekommt von Sabine Hofmann ihre Aufnahmeurkunde<\/p><\/div>\n<p>&nbsp;<\/p>\n<p>&nbsp;<\/p>\n<p>&nbsp;<\/p>\n<p>&nbsp;<\/p>\n<p>&nbsp;<\/p>\n<p>&nbsp;<\/p>\n<p>&nbsp;<\/p>\n<p>&nbsp;<\/p>\n<p>&nbsp;<\/p>\n<p>&nbsp;<\/p>\n<p>&nbsp;<\/p>\n<p>&nbsp;<\/p>\n<p>&nbsp;<\/p>\n<p>&nbsp;<\/p>\n<p>&nbsp;<\/p>\n<p>&nbsp;<\/p>\n<p>&nbsp;<\/p>\n<p>&nbsp;<\/p>\n<div id=\"attachment_1287\" style=\"width: 310px\" class=\"wp-caption alignleft\"><img loading=\"lazy\" decoding=\"async\" aria-describedby=\"caption-attachment-1287\" class=\"size-medium wp-image-1287\" src=\"http:\/\/schildwach-hexen.de\/wp-content\/uploads\/2016\/04\/swh16grhr9-300x225.jpg\" alt=\"Der aktuelle Hexenrat im Jahr 2016\" width=\"300\" height=\"225\" srcset=\"https:\/\/schildwach-hexen.de\/wp-content\/uploads\/2016\/04\/swh16grhr9-300x225.jpg 300w, https:\/\/schildwach-hexen.de\/wp-content\/uploads\/2016\/04\/swh16grhr9-768x576.jpg 768w, https:\/\/schildwach-hexen.de\/wp-content\/uploads\/2016\/04\/swh16grhr9-1024x768.jpg 1024w\" sizes=\"auto, (max-width: 300px) 100vw, 300px\" \/><p id=\"caption-attachment-1287\" class=\"wp-caption-text\">Der aktuelle Hexenrat im Jahr 2016<\/p><\/div>\n","protected":false},"excerpt":{"rendered":"<p>Zum achtzehnten Mal versammelte sich am Freitag, 15. April 2016, der Gro\u00dfe Hexenrat der Narrenzunft Schildwach-Hexen Bilfingen im Bilfinger Haus der Vereine. Die Erste Zunftmeisterin Sabine Hofmann begr\u00fc\u00dfte die zahlreich erschienenen Mitglieder der Schildwach-Hexen und bedankte sich f\u00fcr das Engagement in der zu Ende gegangenen Kampagne. Textehexe Marco Frei listete noch einmal die Aktivit\u00e4ten der [&hellip;]<\/p>\n","protected":false},"author":1,"featured_media":0,"parent":6,"menu_order":0,"comment_status":"closed","ping_status":"closed","template":"","meta":{"footnotes":""},"class_list":["post-1281","page","type-page","status-publish","hentry"],"_links":{"self":[{"href":"https:\/\/schildwach-hexen.de\/index.php?rest_route=\/wp\/v2\/pages\/1281","targetHints":{"allow":["GET"]}}],"collection":[{"href":"https:\/\/schildwach-hexen.de\/index.php?rest_route=\/wp\/v2\/pages"}],"about":[{"href":"https:\/\/schildwach-hexen.de\/index.php?rest_route=\/wp\/v2\/types\/page"}],"author":[{"embeddable":true,"href":"https:\/\/schildwach-hexen.de\/index.php?rest_route=\/wp\/v2\/users\/1"}],"replies":[{"embeddable":true,"href":"https:\/\/schildwach-hexen.de\/index.php?rest_route=%2Fwp%2Fv2%2Fcomments&post=1281"}],"version-history":[{"count":4,"href":"https:\/\/schildwach-hexen.de\/index.php?rest_route=\/wp\/v2\/pages\/1281\/revisions"}],"predecessor-version":[{"id":1289,"href":"https:\/\/schildwach-hexen.de\/index.php?rest_route=\/wp\/v2\/pages\/1281\/revisions\/1289"}],"up":[{"embeddable":true,"href":"https:\/\/schildwach-hexen.de\/index.php?rest_route=\/wp\/v2\/pages\/6"}],"wp:attachment":[{"href":"https:\/\/schildwach-hexen.de\/index.php?rest_route=%2Fwp%2Fv2%2Fmedia&parent=1281"}],"curies":[{"name":"wp","href":"https:\/\/api.w.org\/{rel}","templated":true}]}}