{"id":12,"date":"2009-04-23T20:27:05","date_gmt":"2009-04-23T18:27:05","guid":{"rendered":"http:\/\/schildwach-hexen.de\/?page_id=12"},"modified":"2025-09-08T17:38:52","modified_gmt":"2025-09-08T16:38:52","slug":"hexenbilder","status":"publish","type":"page","link":"https:\/\/schildwach-hexen.de\/?page_id=12","title":{"rendered":"Hexenbilder"},"content":{"rendered":"<p>Hier die \u00dcbersicht \u00fcber unsere Bilderseiten:<\/p>\n<p><strong>2020<br \/>\n<\/strong> <a href=\"https:\/\/photos.app.goo.gl\/j6DJVNXtq1SnYDgw5\" target=\"_blank\" rel=\"noopener noreferrer\">Aufbau \/ Abbau Hexenball<\/a>\u00a0 <a href=\"https:\/\/photos.app.goo.gl\/GgeR9vvsFw8W2V3U6\" target=\"_blank\" rel=\"noopener noreferrer\">Hexenball<\/a>\u00a0 <a href=\"https:\/\/photos.app.goo.gl\/TGn3t2GgWUxccEUi7\" target=\"_blank\" rel=\"noopener noreferrer\">Schmutziger Donnerstag<\/a>\u00a0 <a href=\"https:\/\/photos.app.goo.gl\/uxPRwNZFFbEHSHjm9\" target=\"_blank\" rel=\"noopener noreferrer\">Rathaussturm<\/a>\u00a0 <a href=\"https:\/\/photos.app.goo.gl\/MqSJeydA1iygYufg7\" target=\"_blank\" rel=\"noopener noreferrer\">Wagenbau<\/a>\u00a0 <a href=\"https:\/\/photos.app.goo.gl\/w2TnvRKY4Zv9p3ps9\" target=\"_blank\" rel=\"noopener noreferrer\">Umz\u00fcge Bilfingen<\/a>\u00a0 <a href=\"https:\/\/photos.app.goo.gl\/dQekgHHgrvEu7cY89\" target=\"_blank\" rel=\"noopener noreferrer\">Umzug Freiburg<\/a><\/p>\n<p><strong>2019<br \/>\n<\/strong><a href=\"https:\/\/photos.app.goo.gl\/qQGYUX19jJDG8UNs5\" target=\"_blank\" rel=\"noopener noreferrer\">Narrenbaumstellen<\/a>\u00a0 <a href=\"https:\/\/photos.app.goo.gl\/TXvWdDM8TFzYZ1Gp8\" target=\"_blank\" rel=\"noopener noreferrer\">Umzug Gr\u00f6tzingen<\/a>\u00a0 <a href=\"https:\/\/photos.app.goo.gl\/CzL5cQ9vEgeoQ2Js6\" target=\"_blank\" rel=\"noopener noreferrer\">Aufbau \/ Abbau Hexenball<\/a>\u00a0 <a href=\"https:\/\/photos.app.goo.gl\/vtx6CgNHq6HgqEDN8\" target=\"_blank\" rel=\"noopener noreferrer\">Hexenball<\/a>\u00a0 <a href=\"https:\/\/photos.app.goo.gl\/CW86QdHvZLBguxoQ8\" target=\"_blank\" rel=\"noopener noreferrer\">Wagenbau<\/a>\u00a0 <a href=\"https:\/\/photos.app.goo.gl\/YwNzzNTvmGSYz4FX6\" target=\"_blank\" rel=\"noopener noreferrer\">Umz\u00fcge Bilfingen<\/a>\u00a0 <a href=\"https:\/\/photos.app.goo.gl\/ZHfNP6Q9pfh9MD4d7\" target=\"_blank\" rel=\"noopener noreferrer\">Umzug Freiburg<\/a> \u00a0 <a href=\"https:\/\/photos.app.goo.gl\/ofnYQY3WdzektbwE8\" target=\"_blank\" rel=\"noopener noreferrer\">Weihnachtsmarkt Bilfingen<\/a><\/p>\n<p><strong>2018<br \/>\n<\/strong><a href=\"https:\/\/photos.app.goo.gl\/af5Bn9HkgYKNp13v5\" target=\"_blank\" rel=\"noopener noreferrer\">Narrenbaumstellen<\/a>\u00a0 <a href=\"https:\/\/photos.app.goo.gl\/zmQz2pZsXvqrgPFs5\" target=\"_blank\" rel=\"noopener noreferrer\">Umzug Gr\u00f6tzingen<\/a>\u00a0 <a href=\"https:\/\/photos.app.goo.gl\/416HNyj7iTp7inAh7\" target=\"_blank\" rel=\"noopener noreferrer\">Aufbau \/ Abbau Hexenball<\/a>\u00a0 <a href=\"https:\/\/photos.app.goo.gl\/QWtBbX7YQZs5VY5K7\" target=\"_blank\" rel=\"noopener noreferrer\">Hexenball<\/a>\u00a0\u00a0 <a href=\"https:\/\/photos.app.goo.gl\/DEiZUXFLSyvpD2k1A\" target=\"_blank\" rel=\"noopener noreferrer\">Rathaussturm<\/a>\u00a0 <a href=\"https:\/\/photos.app.goo.gl\/HGe1FAUGWHBBdSKT7\" target=\"_blank\" rel=\"noopener noreferrer\">Wagenbau<\/a>\u00a0 <a href=\"https:\/\/photos.app.goo.gl\/euxANPCF6KvuUcVg6\" target=\"_blank\" rel=\"noopener noreferrer\">Umz\u00fcge Bilfingen<\/a>\u00a0 <a href=\"https:\/\/photos.app.goo.gl\/BKeVi8YY17hyhkCz6\" target=\"_blank\" rel=\"noopener noreferrer\">Umzug Freiburg<\/a> \u00a0 <a href=\"https:\/\/photos.app.goo.gl\/96W3Fmpf72HfFGGSA\" target=\"_blank\" rel=\"noopener noreferrer\">Spatenstich Kakaduhalle<\/a>\u00a0\u00a0 <a href=\"https:\/\/photos.app.goo.gl\/X6kzxuR5fkYuEoYEA\" target=\"_blank\" rel=\"noopener noreferrer\">Ausflug Gr\u00fcnh\u00fctte<\/a>\u00a0\u00a0 <a href=\"https:\/\/photos.app.goo.gl\/N2joodKkrk2pzC7d7\" target=\"_blank\" rel=\"noopener noreferrer\">Weihnachtsmarkt Bilfingen<\/a><\/p>\n<p><strong>2017<br \/>\n<\/strong><a href=\"https:\/\/get.google.com\/albumarchive\/102419724747243941258\/album\/AF1QipPfq61wgecRxQhwDfRarIF98yO8ht20_ON7wwXX?source=pwa&amp;authKey=CNLdpMGJzLb-MA\" target=\"_blank\" rel=\"noopener noreferrer\">Umzug Schellbronn<\/a><strong>\u00a0 <\/strong><a href=\"https:\/\/get.google.com\/albumarchive\/102419724747243941258\/album\/AF1QipMrXYZ3OHtyZKiCT_SdWN7m14hzWFd5EZA2hcdC?source=pwa&amp;authKey=CK6Os6GUq-GFtwE\" target=\"_blank\" rel=\"noopener noreferrer\">Narrenbaumstellen<\/a>\u00a0 <a href=\"https:\/\/get.google.com\/albumarchive\/102419724747243941258\/album\/AF1QipNfORO_nl1ovM6iXsv7LaxiH3MhycNYgkVVpYxi?source=pwa&amp;authKey=CNKQg4DzuOXfVw\" target=\"_blank\" rel=\"noopener noreferrer\">Umzug Gr\u00f6tzingen<\/a>\u00a0 <a href=\"https:\/\/get.google.com\/albumarchive\/102419724747243941258\/album\/AF1QipP3_msDtr29vteBw12cAmjEk4txE4pvil_FZgZc?source=pwa&amp;authKey=CNP_xs_qlZOHogE\" target=\"_blank\" rel=\"noopener noreferrer\">Aufbau Hexenball<\/a>\u00a0 <a href=\"https:\/\/get.google.com\/albumarchive\/102419724747243941258\/album\/AF1QipP43jtNBs6bAn4NUJMrPkRjx4vakLVsZPnisMaP?source=pwa&amp;authKey=CK3C7prQnNSCFg\" target=\"_blank\" rel=\"noopener noreferrer\">Hexenball<\/a>\u00a0 <a href=\"https:\/\/get.google.com\/albumarchive\/102419724747243941258\/album\/AF1QipMoxeetFMG7ph6QFP9GwujgOaTpg3UBmUJGZbU-?source=pwa&amp;authKey=CPbE_72iiozKsAE\" target=\"_blank\" rel=\"noopener noreferrer\">Schmotziger Donnerstag<\/a>\u00a0 <a href=\"https:\/\/get.google.com\/albumarchive\/102419724747243941258\/album\/AF1QipNfLk8aS5F80dS-TV_IHY7OImZqx-9r0eGIml7o?source=pwa&amp;authKey=CJvvhYiXu_bDhgE\" target=\"_blank\" rel=\"noopener noreferrer\">Rathaussturm<\/a>\u00a0 <a href=\"https:\/\/get.google.com\/albumarchive\/102419724747243941258\/album\/AF1QipO27vRXhj6Xvq3REXtKwVn_8ekFw41877HXVSQW?source=pwa&amp;authKey=CLLw4YSggYCInAE\" target=\"_blank\" rel=\"noopener noreferrer\">Wagenbau<\/a>\u00a0 <a href=\"https:\/\/get.google.com\/albumarchive\/102419724747243941258\/album\/AF1QipOcYQllRNt4soCJ5Q59R-Ri0jlOrc1i_sd4Ka0d?source=pwa&amp;authKey=CI3X3Y_pvaWxxwE\" target=\"_blank\" rel=\"noopener noreferrer\">Umz\u00fcge Bilfingen<\/a>\u00a0 <a href=\"https:\/\/get.google.com\/albumarchive\/102419724747243941258\/album\/AF1QipMSIOGiCxIvcnVM9eYiSz4mvnmC6e1LOIp7eAJs?source=pwa&amp;authKey=CJm8oL3rtOOMnAE\" target=\"_blank\" rel=\"noopener noreferrer\">Umzug Freiburg<\/a>\u00a0 <a href=\"https:\/\/get.google.com\/albumarchive\/102419724747243941258\/album\/AF1QipM2zq3y4WL_MHaUhvGOj1bCmwMhXhLIjpGyIWZz?source=pwa&amp;authKey=CODp8MiY3om1Yg\" target=\"_blank\" rel=\"noopener noreferrer\">Ausflug Grafenhausen<\/a>\u00a0 <a href=\"https:\/\/get.google.com\/albumarchive\/102419724747243941258\/album\/AF1QipOslICqmhTPXK9BEIVSl0q1RKQAxmR4TLYMOIJ7?source=pwa&amp;authKey=CJXhv-OZ9LqTDw\" target=\"_blank\" rel=\"noopener noreferrer\">Weihnachtsmarkt Bilfingen<\/a><\/p>\n<p><strong>2016<br \/>\n<\/strong><a href=\"https:\/\/photos.app.goo.gl\/Svvt8QcQBetgpUBx6\" target=\"_blank\" rel=\"noopener noreferrer\">Umzug Schellbronn<\/a><strong> \u00a0<\/strong><a href=\"https:\/\/photos.app.goo.gl\/C2Gn7kZHBYgkJxRK7\" target=\"_blank\" rel=\"noopener noreferrer\">Narrenbaumstellen<\/a>\u00a0 <a href=\"https:\/\/photos.app.goo.gl\/ygf8enQ5bX9dcbju7\" target=\"_blank\" rel=\"noopener noreferrer\">Umzug Gr\u00f6tzingen<\/a> <a href=\"https:\/\/photos.app.goo.gl\/sE39Fy2DU7tJe2DE7\" target=\"_blank\" rel=\"noopener noreferrer\">Hexenball<\/a>\u00a0 <a href=\"https:\/\/photos.app.goo.gl\/Hzumu5TH6esj3Kr68\" target=\"_blank\" rel=\"noopener noreferrer\">Aufbau \/ Abbau Hexenball<\/a> \u00a0 <a href=\"https:\/\/photos.app.goo.gl\/GicccfRVntU1Wk4ZA\" target=\"_blank\" rel=\"noopener noreferrer\">Rathaussturm<\/a>\u00a0 <a href=\"https:\/\/photos.app.goo.gl\/hSEpfg5J8esBuh359\" target=\"_blank\" rel=\"noopener noreferrer\">Wagenbau<\/a>\u00a0 <a href=\"https:\/\/photos.app.goo.gl\/oYgcaccR128ThQiv5\" target=\"_blank\" rel=\"noopener noreferrer\">Umz\u00fcge Bilfingen<\/a>\u00a0 <a href=\"https:\/\/photos.app.goo.gl\/f5TXunVKbNHZ21fs7\" target=\"_blank\" rel=\"noopener noreferrer\">Umzug Freiburg<\/a>\u00a0 <a href=\"https:\/\/www.youtube.com\/watch?v=5ujPcORhdQ8\" target=\"_blank\" rel=\"noopener noreferrer\">Hexentanz 55 Jahre Kakadu<\/a>\u00a0 <a href=\"https:\/\/photos.app.goo.gl\/6ozrAp2sqUHPgLCn8\" target=\"_blank\" rel=\"noopener noreferrer\">Weihnachtsmarkt Bilfingen<\/a><\/p>\n<p><strong>2015<\/strong><br \/>\n<a href=\"https:\/\/photos.app.goo.gl\/WZ4uPKQfs7wj35aX9\" target=\"_blank\" rel=\"noopener noreferrer\">Narrenbaumstellen<\/a>\u00a0 <a href=\"https:\/\/photos.app.goo.gl\/nRdGaudueTHwmgLZ7\" target=\"_blank\" rel=\"noopener noreferrer\">Hexenball<\/a>\u00a0 <a href=\"https:\/\/photos.app.goo.gl\/YRRMrnC4y5RpqWdk9\" target=\"_blank\" rel=\"noopener noreferrer\">Aufbau \/ Abbau Hexenball<\/a> \u00a0 <a href=\"https:\/\/photos.app.goo.gl\/TFjQpwN6oD5PE7ip8\" target=\"_blank\" rel=\"noopener noreferrer\">Rathaussturm<\/a>\u00a0 <a href=\"https:\/\/photos.app.goo.gl\/6YKZdbXuTELNxMWg7\" target=\"_blank\" rel=\"noopener noreferrer\">Wagenbau<\/a>\u00a0 <a href=\"https:\/\/photos.app.goo.gl\/zTYkBscmihukDGmR9\" target=\"_blank\" rel=\"noopener noreferrer\">Umz\u00fcge Bilfingen<\/a>\u00a0 <a href=\"https:\/\/photos.app.goo.gl\/xVHE7KEcQkufwBP3A\" target=\"_blank\" rel=\"noopener noreferrer\">Umzug Freiburg<\/a>\u00a0 <a href=\"https:\/\/photos.app.goo.gl\/53HThmRzsF5ghSRP6\" target=\"_blank\" rel=\"noopener noreferrer\">Ausflug Gengenbach<\/a>\u00a0 <a href=\"https:\/\/photos.app.goo.gl\/aAQnZ67WsnvM7CDe8\" target=\"_blank\" rel=\"noopener noreferrer\">Weihnachtsmarkt Bilfingen<\/a><\/p>\n<p><strong>2014<\/strong><br \/>\n<a href=\"https:\/\/photos.app.goo.gl\/QyGuebJJZ5zjJxk17\" target=\"_blank\" rel=\"noopener noreferrer\">Hexenball<\/a>\u00a0 <a href=\"https:\/\/photos.app.goo.gl\/DGCexEnasqutw53u6\" target=\"_blank\" rel=\"noopener noreferrer\">Aufbau \/Abbau Hexenball<\/a>\u00a0\u00a0<a href=\"https:\/\/photos.app.goo.gl\/3QQ1C9QMaomfuX2u5\" target=\"_blank\" rel=\"noopener noreferrer\">Rathaussturm<\/a>\u00a0 <a href=\"https:\/\/photos.app.goo.gl\/MaHN8e1quRx9fd7b6\" target=\"_blank\" rel=\"noopener noreferrer\">Umz\u00fcge Bilfingen<\/a>\u00a0 <a href=\"https:\/\/photos.app.goo.gl\/sFBvrRyPG3zcVbs16\" target=\"_blank\" rel=\"noopener noreferrer\">Umzug Freiburg<\/a>\u00a0 <a href=\"https:\/\/photos.app.goo.gl\/yvMC3qoVao4fgWgPA\" target=\"_blank\" rel=\"noopener noreferrer\">Hexengrillen<\/a>\u00a0 <a href=\"https:\/\/photos.app.goo.gl\/PH5VuCK6VkNkeyFE8\" target=\"_blank\" rel=\"noopener noreferrer\">Weihnachtsmarkt Bilfingen<\/a><\/p>\n<p><strong>2013<\/strong><br \/>\n<a href=\"https:\/\/photos.app.goo.gl\/BG2keBaYhmvSDdDe6\" target=\"_blank\" rel=\"noopener noreferrer\">Hexenball<\/a>\u00a0 <a href=\"https:\/\/photos.app.goo.gl\/ZBAPAgz5KqiFyk877\" target=\"_blank\" rel=\"noopener noreferrer\">Aufbau \/ Abbau Hexenball<\/a>\u00a0 <a href=\"https:\/\/photos.app.goo.gl\/rGaAANRT1NzfPAsX9\" target=\"_blank\" rel=\"noopener noreferrer\">Wagenbau<\/a>\u00a0 <a href=\"https:\/\/photos.app.goo.gl\/cwHahdmu8FvUxjZN8\" target=\"_blank\" rel=\"noopener noreferrer\">Umz\u00fcge Bilfingen<\/a>\u00a0 <a href=\"https:\/\/photos.app.goo.gl\/nwoWrdMWb1qPGJfY8\" target=\"_blank\" rel=\"noopener noreferrer\">Umzug Freiburg<\/a>\u00a0 <a href=\"https:\/\/photos.app.goo.gl\/GUdBrfpCtjmgH5119\" target=\"_blank\" rel=\"noopener noreferrer\">Faschingsdienstag &amp; Hexenverbrennung<\/a><\/p>\n<p><strong>2012<\/strong><br \/>\n<a href=\"https:\/\/photos.app.goo.gl\/Qo8H165CWL2vwysQ7\" target=\"_blank\" rel=\"noopener noreferrer\">Hexenball<\/a>\u00a0 <a href=\"https:\/\/photos.app.goo.gl\/iQoKQachDhq4ywtB7\" target=\"_blank\" rel=\"noopener noreferrer\">Aufbau \/ Abbau Hexenball<\/a>\u00a0 <a href=\"https:\/\/photos.app.goo.gl\/JJikfKe8XyxdXnPFA\" target=\"_blank\" rel=\"noopener noreferrer\">Umzug Freiburg<\/a>\u00a0 <a href=\"https:\/\/photos.app.goo.gl\/ddRuYftmHSaB7nHq7\" target=\"_blank\" rel=\"noopener noreferrer\">Umz\u00fcge Bilfingen<\/a>\u00a0 <a href=\"https:\/\/photos.app.goo.gl\/tCV8B3QckyYjqNCa6\" target=\"_blank\" rel=\"noopener noreferrer\">Ausflug Wolfach<\/a>\u00a0 <a href=\"https:\/\/photos.app.goo.gl\/sWpHbsjfL1EJZ5pM6\" target=\"_blank\" rel=\"noopener noreferrer\">Weihnachtsmarkt Bilfingen<\/a><\/p>\n<p><strong>2011<\/strong><br \/>\n<a href=\"https:\/\/photos.app.goo.gl\/T8GK2kM8qX3EhFEq8\" target=\"_blank\" rel=\"noopener noreferrer\">Hexenball<\/a>\u00a0\u00a0<a href=\"https:\/\/photos.app.goo.gl\/zZMVeCyB16bq4nCk8\" target=\"_blank\" rel=\"noopener noreferrer\">Wagenbau<\/a>\u00a0\u00a0<a href=\"https:\/\/photos.app.goo.gl\/XFJy934Uk2kQiJXS7\" target=\"_blank\" rel=\"noopener noreferrer\">Umzug Freiburg\u00a0<\/a>\u00a0<a href=\"https:\/\/photos.app.goo.gl\/J4FzFkMj95zTE9oD6\" target=\"_blank\" rel=\"noopener noreferrer\">Umz\u00fcge Bilfingen<\/a>\u00a0\u00a0\u00a0<a href=\"https:\/\/photos.app.goo.gl\/GSpVVbufCrunS8Ht5\" target=\"_blank\" rel=\"noopener noreferrer\">Ausflug Speyer<\/a><\/p>\n<p><strong>2010<\/strong><br \/>\n<a href=\"https:\/\/photos.app.goo.gl\/BMZVYX1xJ97Fw3mi9\" target=\"_blank\" rel=\"noopener noreferrer\">Hexenball<\/a>\u00a0\u00a0<a href=\"https:\/\/photos.app.goo.gl\/LDSAsUPqYUPtpstU7\" target=\"_blank\" rel=\"noopener noreferrer\">M\u00e4rchenball<\/a>\u00a0\u00a0<a href=\"https:\/\/photos.app.goo.gl\/Eiyy7u7xGQd85TwSA\" target=\"_blank\" rel=\"noopener noreferrer\">Umzug Freiburg<\/a>\u00a0\u00a0<a href=\"https:\/\/photos.app.goo.gl\/zc6q3pyt3HbkqcDB9\" target=\"_blank\" rel=\"noopener noreferrer\">Umz\u00fcge Bilfingen<\/a>\u00a0\u00a0<a href=\"https:\/\/photos.app.goo.gl\/43NTkZx65xCQcysi9\" target=\"_blank\" rel=\"noopener noreferrer\">Ausflug Heilbronn<\/a><\/p>\n<p><strong>2009<\/strong><br \/>\n<a href=\"https:\/\/photos.app.goo.gl\/nFWd5rEDEENDZrVn7\" target=\"_blank\" rel=\"noopener noreferrer\">Hexenball<\/a>\u00a0\u00a0<a href=\"https:\/\/photos.app.goo.gl\/d7fR2bkSsyVEeokZ8\" target=\"_blank\" rel=\"noopener noreferrer\">Umz\u00fcge Bilfingen<\/a>\u00a0\u00a0<a href=\"https:\/\/photos.app.goo.gl\/moWkBvVCwCNNC6fA7\" target=\"_blank\" rel=\"noopener noreferrer\">Ausflug Heidelberg<\/a><\/p>\n<p><strong>2008<\/strong><br \/>\n<a href=\"https:\/\/photos.app.goo.gl\/uHLL1dBPdULfwW1X8\" target=\"_blank\" rel=\"noopener noreferrer\">Hexenball<\/a>\u00a0\u00a0<a href=\"https:\/\/photos.app.goo.gl\/D8UhV1mQJSWCgjtB7\" target=\"_blank\" rel=\"noopener noreferrer\">Umz\u00fcge Bilfingen<\/a>\u00a0\u00a0<a href=\"https:\/\/photos.app.goo.gl\/ZnwmNYcpRw9EDiM57\" target=\"_blank\" rel=\"noopener noreferrer\">Ausflug Pfalz<\/a><\/p>\n<p><strong>2007<\/strong><br \/>\n<a href=\"https:\/\/photos.app.goo.gl\/X5mXBGWuiJ9K2vDZA\" target=\"_blank\" rel=\"noopener noreferrer\">Hexenball, Umzug Bilfingen, Wagenbau<\/a><\/p>\n<p><strong>2006<\/strong><br \/>\n<a href=\"https:\/\/photos.app.goo.gl\/M1rBN9Ad1e2DhKbP9\" target=\"_blank\" rel=\"noopener noreferrer\">Hexenausflug Vaihingen, Rosenmontagszug Mainz, Wagenbau, Weihnachtsmarkt<\/a><\/p>\n<p><strong>2005<\/strong><br \/>\n<a href=\"https:\/\/photos.app.goo.gl\/3UsTB3bGomP6EhhK6\" target=\"_blank\" rel=\"noopener noreferrer\">Rosenmontagszug Mainz, Wagenbau, Tanzprobe, Umzug Bilfingen<\/a><\/p>\n<p><strong>2004<\/strong><br \/>\n<a href=\"https:\/\/photos.app.goo.gl\/YkJcY1QJzTYAQ8jT8\" target=\"_blank\" rel=\"noopener noreferrer\">Umzug Bilfingen, Hexenverbrennung, Hexenausflug<\/a><\/p>\n<p><strong>2003<\/strong><br \/>\n<a href=\"https:\/\/photos.app.goo.gl\/bHU6ZzBgXQoaw1Qh6\" target=\"_blank\" rel=\"noopener noreferrer\">Rosenmontagszug Mainz, Tanzprobe<\/a><\/p>\n<p><strong>2002<\/strong><br \/>\n<a href=\"https:\/\/photos.app.goo.gl\/thCQZFqVkHRcutEG7\" target=\"_blank\" rel=\"noopener noreferrer\">Umzug Bilfingen, Wagenbau<\/a><\/p>\n<p><strong>2001<\/strong><br \/>\n<a href=\"https:\/\/photos.app.goo.gl\/zFjPW9RNdScQNmf88\" target=\"_blank\" rel=\"noopener noreferrer\">Hexenausflug Neuenb\u00fcrg, Umz\u00fcge Bilfingen, Rosenmontagszug Mainz, 11-Meter-Schie\u00dfen, Wagenbau, Hexentanz, Hexenverbrennung<\/a><\/p>\n<p><strong>2000<\/strong><br \/>\n<a href=\"https:\/\/photos.app.goo.gl\/5NWPHvDQfdE4ZtXa8\" target=\"_blank\" rel=\"noopener noreferrer\">Bilder und Presse<\/a><\/p>\n","protected":false},"excerpt":{"rendered":"<p>Hier die \u00dcbersicht \u00fcber unsere Bilderseiten: 2020 Aufbau \/ Abbau Hexenball\u00a0 Hexenball\u00a0 Schmutziger Donnerstag\u00a0 Rathaussturm\u00a0 Wagenbau\u00a0 Umz\u00fcge Bilfingen\u00a0 Umzug Freiburg 2019 Narrenbaumstellen\u00a0 Umzug Gr\u00f6tzingen\u00a0 Aufbau \/ Abbau Hexenball\u00a0 Hexenball\u00a0 Wagenbau\u00a0 Umz\u00fcge Bilfingen\u00a0 Umzug Freiburg \u00a0 Weihnachtsmarkt Bilfingen 2018 Narrenbaumstellen\u00a0 Umzug Gr\u00f6tzingen\u00a0 Aufbau \/ Abbau Hexenball\u00a0 Hexenball\u00a0\u00a0 Rathaussturm\u00a0 Wagenbau\u00a0 Umz\u00fcge Bilfingen\u00a0 Umzug Freiburg \u00a0 Spatenstich Kakaduhalle\u00a0\u00a0 [&hellip;]<\/p>\n","protected":false},"author":1,"featured_media":0,"parent":0,"menu_order":9,"comment_status":"closed","ping_status":"closed","template":"","meta":{"footnotes":""},"class_list":["post-12","page","type-page","status-publish","hentry"],"_links":{"self":[{"href":"https:\/\/schildwach-hexen.de\/index.php?rest_route=\/wp\/v2\/pages\/12","targetHints":{"allow":["GET"]}}],"collection":[{"href":"https:\/\/schildwach-hexen.de\/index.php?rest_route=\/wp\/v2\/pages"}],"about":[{"href":"https:\/\/schildwach-hexen.de\/index.php?rest_route=\/wp\/v2\/types\/page"}],"author":[{"embeddable":true,"href":"https:\/\/schildwach-hexen.de\/index.php?rest_route=\/wp\/v2\/users\/1"}],"replies":[{"embeddable":true,"href":"https:\/\/schildwach-hexen.de\/index.php?rest_route=%2Fwp%2Fv2%2Fcomments&post=12"}],"version-history":[{"count":159,"href":"https:\/\/schildwach-hexen.de\/index.php?rest_route=\/wp\/v2\/pages\/12\/revisions"}],"predecessor-version":[{"id":2248,"href":"https:\/\/schildwach-hexen.de\/index.php?rest_route=\/wp\/v2\/pages\/12\/revisions\/2248"}],"wp:attachment":[{"href":"https:\/\/schildwach-hexen.de\/index.php?rest_route=%2Fwp%2Fv2%2Fmedia&parent=12"}],"curies":[{"name":"wp","href":"https:\/\/api.w.org\/{rel}","templated":true}]}}