{"id":1108,"date":"2015-02-17T22:27:11","date_gmt":"2015-02-17T20:27:11","guid":{"rendered":"http:\/\/schildwach-hexen.de\/?page_id=1108"},"modified":"2015-03-21T13:55:32","modified_gmt":"2015-03-21T11:55:32","slug":"grosser-hexenrat-20-03-2015","status":"publish","type":"page","link":"https:\/\/schildwach-hexen.de\/?page_id=1108","title":{"rendered":"Gro\u00dfer Hexenrat 20.03.2015"},"content":{"rendered":"<p>Zum siebzehnten Mal versammelte sich am Freitag, 20. M\u00e4rz 2015, der Gro\u00dfe Hexenrat der Narrenzunft Schildwach-Hexen Bilfingen im Bilfinger Haus der Vereine. Die Erste Zunftmeisterin Sabine Hofmann begr\u00fc\u00dfte die zahlreich erschienenen Mitglieder der Schildwach-Hexen und bedankte sich f\u00fcr das Engagement in der zu Ende gegangenen Kampagne.<\/p>\n<p>Textehexe Marco Frei listete noch einmal die Aktivit\u00e4ten der Kampagne auf, an deren Spitze die Umz\u00fcge in Neureut, Freiburg und vor allem Bilfingen standen. Der selbst ausgerichtete Hexenball und der Bilfinger Weihnachtsmarkt bildeten weitere besondere H\u00f6hepunkte. Talerhexe Yvonne Schubert vermeldete anschlie\u00dfend ihren positiven finanziellen Lagebericht, in dem sich das Engagement aller Mitglieder noch einmal in besonderer Weise ausdr\u00fcckt. Die Kassenpr\u00fcfer bescheinigten ihr eine einwandfreie F\u00fchrung der Kasse und beantragten die Entlastung der Talerhexe, die von der Versammlung ebenso wie die Entlastung des gesamten Hexenrates einstimmig erteilt wurde. Anschlie\u00dfend wurden Jutta Balzer sowie Anna und Hans-Peter Heidt f\u00fcr 22 Jahren Mitgliedschaft und Engagement zu Ehrenhexen ernannt.<\/p>\n<p>Bei den turnusgem\u00e4\u00df anstehenden Neuwahlen wurden Sabine Hofmann als Erste Zunftmeisterin, Yvonne Schubert als Talerhexe, Bettina Piaskovy-Otto als Stoffhexe und Dorit Stumpe als Kassenpr\u00fcferin in ihren \u00c4mtern best\u00e4tigt.<\/p>\n<p>Nach der Diskussion weiterer wichtiger Punkte und der Terminplanung f\u00fcr das kommende Jahr schloss der Gro\u00dfe Hexenrat.<\/p>\n<div id=\"attachment_1144\" style=\"width: 310px\" class=\"wp-caption alignleft\"><img loading=\"lazy\" decoding=\"async\" aria-describedby=\"caption-attachment-1144\" class=\"size-medium wp-image-1144\" src=\"http:\/\/schildwach-hexen.de\/wp-content\/uploads\/2015\/02\/swh15grhr1-300x225.jpg\" alt=\"Anna und Hans-Peter Heidt werden zu Ehrenhexen der Schildwach-Hexen ernannt.\" width=\"300\" height=\"225\" srcset=\"https:\/\/schildwach-hexen.de\/wp-content\/uploads\/2015\/02\/swh15grhr1-300x225.jpg 300w, https:\/\/schildwach-hexen.de\/wp-content\/uploads\/2015\/02\/swh15grhr1-1024x768.jpg 1024w\" sizes=\"auto, (max-width: 300px) 100vw, 300px\" \/><p id=\"caption-attachment-1144\" class=\"wp-caption-text\">Anna und Hans-Peter Heidt werden zu Ehrenhexen der Schildwach-Hexen ernannt.<\/p><\/div>\n<div id=\"attachment_1142\" style=\"width: 310px\" class=\"wp-caption alignleft\"><img loading=\"lazy\" decoding=\"async\" aria-describedby=\"caption-attachment-1142\" class=\"size-medium wp-image-1142\" src=\"http:\/\/schildwach-hexen.de\/wp-content\/uploads\/2015\/02\/swh15grh2-300x225.jpg\" alt=\"Der aktuelle Hexenrat im Jahr 2015 \" width=\"300\" height=\"225\" srcset=\"https:\/\/schildwach-hexen.de\/wp-content\/uploads\/2015\/02\/swh15grh2-300x225.jpg 300w, https:\/\/schildwach-hexen.de\/wp-content\/uploads\/2015\/02\/swh15grh2-1024x768.jpg 1024w\" sizes=\"auto, (max-width: 300px) 100vw, 300px\" \/><p id=\"caption-attachment-1142\" class=\"wp-caption-text\">Der aktuelle Hexenrat im Jahr 2015<\/p><\/div>\n<p>&nbsp;<\/p>\n<p>&nbsp;<\/p>\n","protected":false},"excerpt":{"rendered":"<p>Zum siebzehnten Mal versammelte sich am Freitag, 20. M\u00e4rz 2015, der Gro\u00dfe Hexenrat der Narrenzunft Schildwach-Hexen Bilfingen im Bilfinger Haus der Vereine. Die Erste Zunftmeisterin Sabine Hofmann begr\u00fc\u00dfte die zahlreich erschienenen Mitglieder der Schildwach-Hexen und bedankte sich f\u00fcr das Engagement in der zu Ende gegangenen Kampagne. Textehexe Marco Frei listete noch einmal die Aktivit\u00e4ten der [&hellip;]<\/p>\n","protected":false},"author":1,"featured_media":0,"parent":6,"menu_order":0,"comment_status":"closed","ping_status":"closed","template":"","meta":{"footnotes":""},"class_list":["post-1108","page","type-page","status-publish","hentry"],"_links":{"self":[{"href":"https:\/\/schildwach-hexen.de\/index.php?rest_route=\/wp\/v2\/pages\/1108","targetHints":{"allow":["GET"]}}],"collection":[{"href":"https:\/\/schildwach-hexen.de\/index.php?rest_route=\/wp\/v2\/pages"}],"about":[{"href":"https:\/\/schildwach-hexen.de\/index.php?rest_route=\/wp\/v2\/types\/page"}],"author":[{"embeddable":true,"href":"https:\/\/schildwach-hexen.de\/index.php?rest_route=\/wp\/v2\/users\/1"}],"replies":[{"embeddable":true,"href":"https:\/\/schildwach-hexen.de\/index.php?rest_route=%2Fwp%2Fv2%2Fcomments&post=1108"}],"version-history":[{"count":5,"href":"https:\/\/schildwach-hexen.de\/index.php?rest_route=\/wp\/v2\/pages\/1108\/revisions"}],"predecessor-version":[{"id":1145,"href":"https:\/\/schildwach-hexen.de\/index.php?rest_route=\/wp\/v2\/pages\/1108\/revisions\/1145"}],"up":[{"embeddable":true,"href":"https:\/\/schildwach-hexen.de\/index.php?rest_route=\/wp\/v2\/pages\/6"}],"wp:attachment":[{"href":"https:\/\/schildwach-hexen.de\/index.php?rest_route=%2Fwp%2Fv2%2Fmedia&parent=1108"}],"curies":[{"name":"wp","href":"https:\/\/api.w.org\/{rel}","templated":true}]}}